{"id":558,"date":"2020-08-30T10:41:18","date_gmt":"2020-08-30T08:41:18","guid":{"rendered":"https:\/\/www.leoia.fr\/?page_id=558"},"modified":"2020-10-15T11:29:06","modified_gmt":"2020-10-15T09:29:06","slug":"home","status":"publish","type":"page","link":"https:\/\/www.leoia.fr\/","title":{"rendered":"Accueil"},"content":{"rendered":"\n<p>L&rsquo;ErgOth\u00e9rapie, l&rsquo;Ind\u00e9pendance et l&rsquo;Autonomie (LEOIA)<\/p>\n","protected":false},"excerpt":{"rendered":"<p>L&rsquo;ErgOth\u00e9rapie, l&rsquo;Ind\u00e9pendance et l&rsquo;Autonomie (LEOIA)<\/p>\n","protected":false},"author":1,"featured_media":0,"parent":0,"menu_order":0,"comment_status":"closed","ping_status":"closed","template":"template-frontpage.php","meta":{"footnotes":""},"class_list":["post-558","page","type-page","status-publish","hentry"],"yoast_head":"<!-- This site is optimized with the Yoast SEO plugin v27.4 - https:\/\/yoast.com\/product\/yoast-seo-wordpress\/ -->\n<title>Accueil &#8902; Vers la sant\u00e9, l&#039;\u00e9ducation et le bien-\u00eatre au quotidien<\/title>\n<meta name=\"robots\" content=\"index, follow, max-snippet:-1, max-image-preview:large, max-video-preview:-1\" \/>\n<link rel=\"canonical\" href=\"https:\/\/www.leoia.fr\/\" \/>\n<meta property=\"og:locale\" content=\"fr_FR\" \/>\n<meta property=\"og:type\" content=\"article\" \/>\n<meta property=\"og:title\" content=\"Accueil &#8902; Vers la sant\u00e9, l&#039;\u00e9ducation et le bien-\u00eatre au quotidien\" \/>\n<meta property=\"og:description\" content=\"L&rsquo;ErgOth\u00e9rapie, l&rsquo;Ind\u00e9pendance et l&rsquo;Autonomie (LEOIA)\" \/>\n<meta property=\"og:url\" content=\"https:\/\/www.leoia.fr\/\" \/>\n<meta property=\"og:site_name\" content=\"Vers la sant\u00e9, l&#039;\u00e9ducation et le bien-\u00eatre au quotidien\" \/>\n<meta property=\"article:modified_time\" content=\"2020-10-15T09:29:06+00:00\" \/>\n<meta name=\"twitter:card\" content=\"summary_large_image\" \/>\n<script type=\"application\/ld+json\" class=\"yoast-schema-graph\">{\"@context\":\"https:\\\/\\\/schema.org\",\"@graph\":[{\"@type\":\"WebPage\",\"@id\":\"https:\\\/\\\/www.leoia.fr\\\/\",\"url\":\"https:\\\/\\\/www.leoia.fr\\\/\",\"name\":\"Accueil &#8902; Vers la sant\u00e9, l&#039;\u00e9ducation et le bien-\u00eatre au quotidien\",\"isPartOf\":{\"@id\":\"https:\\\/\\\/www.leoia.fr\\\/#website\"},\"datePublished\":\"2020-08-30T08:41:18+00:00\",\"dateModified\":\"2020-10-15T09:29:06+00:00\",\"breadcrumb\":{\"@id\":\"https:\\\/\\\/www.leoia.fr\\\/#breadcrumb\"},\"inLanguage\":\"fr-FR\",\"potentialAction\":[{\"@type\":\"ReadAction\",\"target\":[\"https:\\\/\\\/www.leoia.fr\\\/\"]}]},{\"@type\":\"BreadcrumbList\",\"@id\":\"https:\\\/\\\/www.leoia.fr\\\/#breadcrumb\",\"itemListElement\":[{\"@type\":\"ListItem\",\"position\":1,\"name\":\"Accueil\",\"item\":\"https:\\\/\\\/www.leoia.fr\\\/\"},{\"@type\":\"ListItem\",\"position\":2,\"name\":\"Accueil\"}]},{\"@type\":\"WebSite\",\"@id\":\"https:\\\/\\\/www.leoia.fr\\\/#website\",\"url\":\"https:\\\/\\\/www.leoia.fr\\\/\",\"name\":\"Vers le bien-\u00eatre au quotidien\",\"description\":\"L&#039;ErgOth\u00e9rapie, l&#039;Ind\u00e9pendance et l&#039;Autonomie\",\"publisher\":{\"@id\":\"https:\\\/\\\/www.leoia.fr\\\/#organization\"},\"potentialAction\":[{\"@type\":\"SearchAction\",\"target\":{\"@type\":\"EntryPoint\",\"urlTemplate\":\"https:\\\/\\\/www.leoia.fr\\\/?s={search_term_string}\"},\"query-input\":{\"@type\":\"PropertyValueSpecification\",\"valueRequired\":true,\"valueName\":\"search_term_string\"}}],\"inLanguage\":\"fr-FR\"},{\"@type\":\"Organization\",\"@id\":\"https:\\\/\\\/www.leoia.fr\\\/#organization\",\"name\":\"Leoia\",\"url\":\"https:\\\/\\\/www.leoia.fr\\\/\",\"logo\":{\"@type\":\"ImageObject\",\"inLanguage\":\"fr-FR\",\"@id\":\"https:\\\/\\\/www.leoia.fr\\\/#\\\/schema\\\/logo\\\/image\\\/\",\"url\":\"https:\\\/\\\/www.leoia.fr\\\/wp-content\\\/uploads\\\/2018\\\/05\\\/logo-Copie.jpg\",\"contentUrl\":\"https:\\\/\\\/www.leoia.fr\\\/wp-content\\\/uploads\\\/2018\\\/05\\\/logo-Copie.jpg\",\"width\":421,\"height\":298,\"caption\":\"Leoia\"},\"image\":{\"@id\":\"https:\\\/\\\/www.leoia.fr\\\/#\\\/schema\\\/logo\\\/image\\\/\"},\"sameAs\":[\"https:\\\/\\\/www.linkedin.com\\\/in\\\/antoine-coquillon-7a426260\\\/\"]}]}<\/script>\n<!-- \/ Yoast SEO plugin. -->","yoast_head_json":{"title":"Accueil &#8902; Vers la sant\u00e9, l&#039;\u00e9ducation et le bien-\u00eatre au quotidien","robots":{"index":"index","follow":"follow","max-snippet":"max-snippet:-1","max-image-preview":"max-image-preview:large","max-video-preview":"max-video-preview:-1"},"canonical":"https:\/\/www.leoia.fr\/","og_locale":"fr_FR","og_type":"article","og_title":"Accueil &#8902; Vers la sant\u00e9, l&#039;\u00e9ducation et le bien-\u00eatre au quotidien","og_description":"L&rsquo;ErgOth\u00e9rapie, l&rsquo;Ind\u00e9pendance et l&rsquo;Autonomie (LEOIA)","og_url":"https:\/\/www.leoia.fr\/","og_site_name":"Vers la sant\u00e9, l&#039;\u00e9ducation et le bien-\u00eatre au quotidien","article_modified_time":"2020-10-15T09:29:06+00:00","twitter_card":"summary_large_image","schema":{"@context":"https:\/\/schema.org","@graph":[{"@type":"WebPage","@id":"https:\/\/www.leoia.fr\/","url":"https:\/\/www.leoia.fr\/","name":"Accueil &#8902; Vers la sant\u00e9, l&#039;\u00e9ducation et le bien-\u00eatre au quotidien","isPartOf":{"@id":"https:\/\/www.leoia.fr\/#website"},"datePublished":"2020-08-30T08:41:18+00:00","dateModified":"2020-10-15T09:29:06+00:00","breadcrumb":{"@id":"https:\/\/www.leoia.fr\/#breadcrumb"},"inLanguage":"fr-FR","potentialAction":[{"@type":"ReadAction","target":["https:\/\/www.leoia.fr\/"]}]},{"@type":"BreadcrumbList","@id":"https:\/\/www.leoia.fr\/#breadcrumb","itemListElement":[{"@type":"ListItem","position":1,"name":"Accueil","item":"https:\/\/www.leoia.fr\/"},{"@type":"ListItem","position":2,"name":"Accueil"}]},{"@type":"WebSite","@id":"https:\/\/www.leoia.fr\/#website","url":"https:\/\/www.leoia.fr\/","name":"Vers le bien-\u00eatre au quotidien","description":"L&#039;ErgOth\u00e9rapie, l&#039;Ind\u00e9pendance et l&#039;Autonomie","publisher":{"@id":"https:\/\/www.leoia.fr\/#organization"},"potentialAction":[{"@type":"SearchAction","target":{"@type":"EntryPoint","urlTemplate":"https:\/\/www.leoia.fr\/?s={search_term_string}"},"query-input":{"@type":"PropertyValueSpecification","valueRequired":true,"valueName":"search_term_string"}}],"inLanguage":"fr-FR"},{"@type":"Organization","@id":"https:\/\/www.leoia.fr\/#organization","name":"Leoia","url":"https:\/\/www.leoia.fr\/","logo":{"@type":"ImageObject","inLanguage":"fr-FR","@id":"https:\/\/www.leoia.fr\/#\/schema\/logo\/image\/","url":"https:\/\/www.leoia.fr\/wp-content\/uploads\/2018\/05\/logo-Copie.jpg","contentUrl":"https:\/\/www.leoia.fr\/wp-content\/uploads\/2018\/05\/logo-Copie.jpg","width":421,"height":298,"caption":"Leoia"},"image":{"@id":"https:\/\/www.leoia.fr\/#\/schema\/logo\/image\/"},"sameAs":["https:\/\/www.linkedin.com\/in\/antoine-coquillon-7a426260\/"]}]}},"jetpack_sharing_enabled":true,"_links":{"self":[{"href":"https:\/\/www.leoia.fr\/index.php?rest_route=\/wp\/v2\/pages\/558","targetHints":{"allow":["GET"]}}],"collection":[{"href":"https:\/\/www.leoia.fr\/index.php?rest_route=\/wp\/v2\/pages"}],"about":[{"href":"https:\/\/www.leoia.fr\/index.php?rest_route=\/wp\/v2\/types\/page"}],"author":[{"embeddable":true,"href":"https:\/\/www.leoia.fr\/index.php?rest_route=\/wp\/v2\/users\/1"}],"replies":[{"embeddable":true,"href":"https:\/\/www.leoia.fr\/index.php?rest_route=%2Fwp%2Fv2%2Fcomments&post=558"}],"version-history":[{"count":2,"href":"https:\/\/www.leoia.fr\/index.php?rest_route=\/wp\/v2\/pages\/558\/revisions"}],"predecessor-version":[{"id":573,"href":"https:\/\/www.leoia.fr\/index.php?rest_route=\/wp\/v2\/pages\/558\/revisions\/573"}],"wp:attachment":[{"href":"https:\/\/www.leoia.fr\/index.php?rest_route=%2Fwp%2Fv2%2Fmedia&parent=558"}],"curies":[{"name":"wp","href":"https:\/\/api.w.org\/{rel}","templated":true}]}}