{"id":463,"date":"2019-09-24T09:31:17","date_gmt":"2019-09-24T07:31:17","guid":{"rendered":"https:\/\/www.leoia.fr\/?page_id=463"},"modified":"2020-08-30T12:18:50","modified_gmt":"2020-08-30T10:18:50","slug":"lecriture","status":"publish","type":"page","link":"https:\/\/www.leoia.fr\/?page_id=463","title":{"rendered":"L&rsquo;\u00e9criture"},"content":{"rendered":"\n<p>La d\u00e9finition de l\u2019\u00e9criture donn\u00e9e dans le dictionnaire Larousse, est la suivante\u00a0: \u00ab\u00a0Syst\u00e8me de signes graphiques servant \u00e0 noter un message oral afin de pouvoir le conserver et\/ou le transmettre.\u00a0\u00bb Il s\u2019agit d\u2019un acte conceptuel et de calligraphie (LE LOSTEC, 2005).<\/p>\n\n\n\n<p>L&rsquo;apprentissage de l&rsquo;\u00e9criture manuelle est complexe. L\u2019\u00e9criture est praxie et langage. Elle est gnoso-praxique (LE ROUX, 2005), elle utilise la reconnaissance et le geste. L\u2019\u00e9criture manuelle demande une ma\u00eetrise de la fonction symbolique, de la motricit\u00e9 et, enfin, de l&rsquo;espace et du temps. <\/p>\n\n\n\n<p>Nous retrouvons les 3 grands stades d\u2019\u00e9volution de l\u2019\u00e9criture (THOULON-PAGE, 2002)\u00a0chez l\u2019enfant valide selon Ajuriaguerra, Auzias et Denner (ZESIGER, 1995) : le stade pr\u00e9-calligraphique (6 \u00e0 7 ans), le stade calligraphique (8 \u00e0 11 ans) et le stade post-calligraphique.<\/p>\n\n\n\n<p>\u00b0 Le stade pr\u00e9-calligraphique (6 \u00e0 7\nans)<\/p>\n\n\n\n<p>L&rsquo;enfant s&rsquo;applique \u00e0 reproduire la lettre au plus pr\u00e8s du mod\u00e8le. Il s&rsquo;efforce \u00e0 la r\u00e9gularit\u00e9 mais n&rsquo;y parvient pas par manque de ma\u00eetrise, par incapacit\u00e9 motrice. De plus, lorsque nous observons l&rsquo;enfant, il semble \u00e9crire avec tout son corps. Jusqu\u2019\u00e0 la fin du CE 1 la feuille est pr\u00e9sent\u00e9e verticalement pour travailler l\u2019\u00e9paule en abduction.<\/p>\n\n\n\n<p>Cette phase est variable mais dure normalement de deux \u00e0 quatre ans.<\/p>\n\n\n\n<p>\u00b0 Le stade calligraphique infantile (8\n\u00e0 10-12 ans)<\/p>\n\n\n\n<p>L&rsquo;enfant va porter son int\u00e9r\u00eat sur la liaison des lettres entre elles, son \u00e9criture va s&rsquo;assouplir, se r\u00e9gulariser, se lier. Le mouvement du bras se dissocie du reste du corps, le poignet va \u00eatre mobilis\u00e9 pour favoriser la liaison des lettres entre elles. L\u2019enfant ma\u00eetrise la tenue et le guidage du scripteur.<\/p>\n\n\n\n<p>\u00b0 Le stade post-calligraphique<\/p>\n\n\n\n<p>L&rsquo;\u00e9criture calligraphique est trop lente pour traduire une pens\u00e9e qui s&rsquo;assouplit et s&rsquo;enrichit gr\u00e2ce \u00e0 une ma\u00eetrise accrue de la langue. D\u2019autre part, l\u2019\u00e9criture calligraphique est trop lente pour la prise de notes que commence \u00e0 exiger le secondaire. Pour acqu\u00e9rir plus de vitesse, l&rsquo;enfant va donc adopter une gestuelle plus \u00e9conomique, il va chercher \u00e0 mieux lier son \u00e9criture en utilisant l&rsquo;avant-bras sans d\u00e9placer le coude, sa feuille va s&rsquo;incliner\u2026<\/p>\n\n\n\n<p>Cette phase constitue une sorte de crise de l&rsquo;\u00e9criture en raison de la mise en place de strat\u00e9gies pour rendre l\u2019\u00e9criture plus \u00e9conomique ce qui va entra\u00eener de nombreuses modifications. Ainsi, l&rsquo;\u00e9criture va se personnaliser et exprimer certains aspects de la personnalit\u00e9 de l&rsquo;individu.<\/p>\n\n\n\n<p>La prise tridigitale du crayon (ZESIGER, 1995) est utilis\u00e9e par 56 %\ndes enfants. La prise ne semble pas ou peu affecter la vitesse d\u2019\u00e9criture chez\nl\u2019enfant valide.<\/p>\n\n\n\n<figure class=\"wp-block-image\"><img loading=\"lazy\" decoding=\"async\" width=\"648\" height=\"442\" src=\"https:\/\/www.leoia.fr\/wp-content\/uploads\/2019\/09\/Prise-tridigitale.jpg\" alt=\"\" class=\"wp-image-467\" srcset=\"https:\/\/www.leoia.fr\/wp-content\/uploads\/2019\/09\/Prise-tridigitale.jpg 648w, https:\/\/www.leoia.fr\/wp-content\/uploads\/2019\/09\/Prise-tridigitale-300x205.jpg 300w\" sizes=\"auto, (max-width: 648px) 100vw, 648px\" \/><\/figure>\n\n\n\n<p>La main se situe en dessous de la ligne d\u2019\u00e9criture. La prise du crayon (KAPANDJI, 1991) est une prise tridigitale forte et stable. Elle int\u00e9resse le pouce, l\u2019index et le majeur. La face palmaire de l\u2019extr\u00e9mit\u00e9 du pouce s\u2019oppose \u00e0 la face palmaire de la 3<sup>e<\/sup> phalange de l\u2019index et \u00e0 la face lat\u00e9rale de la 3<sup>e<\/sup> phalange du majeur. Le fond la premi\u00e8re commissure sert d\u2019appui au scripteur. C\u2019est une prise tr\u00e8s mobile. L\u2019annulaire et l\u2019auriculaire servent d\u2019appui sur le support pour la stabilit\u00e9 et le rel\u00e2chement musculaire. L\u2019\u00e9criture est non seulement le r\u00e9sultat des mouvements d\u2019\u00e9paule et de la main glissant sur la table sur le c\u00f4t\u00e9 ulnaire de la main et le bord ulnaire de l\u2019auriculaire. Les mouvements des trois premiers doigts interviennent gr\u00e2ce au long fl\u00e9chisseur propre du pouce et le fl\u00e9chisseur superficiel de l\u2019index pour les allers-retours du scripteur. Le maintien du scripteur met en jeu les muscles s\u00e9samo\u00efdiens externes et le deuxi\u00e8me interosseux dorsal.<\/p>\n\n\n\n<p><\/p>\n\n\n\n<p><strong>L&rsquo;ergoth\u00e9rapeute<\/strong> aidera votre enfant, votre adolescent ou vous-m\u00eame \u00e0 obtenir une \u00e9criture plus fonctionnelle. Pour \u00eatre fonctionnelle, elle doit \u00eatre<strong> lisible<\/strong> ou esth\u00e9tique, <strong>rapide<\/strong> ou efficace et <strong>\u00e9conomique<\/strong> ou automatis\u00e9e. Dans le cas contraire, la mise en place de l&rsquo;outil informatique permettra de compenser.<br><\/p>\n\n\n\n<p><br><\/p>\n","protected":false},"excerpt":{"rendered":"<p>La d\u00e9finition de l\u2019\u00e9criture donn\u00e9e dans le dictionnaire Larousse, est la suivante\u00a0: \u00ab\u00a0Syst\u00e8me de signes graphiques servant \u00e0 noter un message oral afin de pouvoir le conserver et\/ou le transmettre.\u00a0\u00bb Il s\u2019agit d\u2019un acte conceptuel et de calligraphie (LE LOSTEC, 2005). L&rsquo;apprentissage de l&rsquo;\u00e9criture manuelle est complexe. L\u2019\u00e9criture est praxie et langage. Elle est gnoso-praxique [&hellip;]<\/p>\n","protected":false},"author":1,"featured_media":0,"parent":0,"menu_order":0,"comment_status":"closed","ping_status":"closed","template":"","meta":{"footnotes":""},"class_list":["post-463","page","type-page","status-publish","hentry"],"yoast_head":"<!-- This site is optimized with the Yoast SEO plugin v27.4 - https:\/\/yoast.com\/product\/yoast-seo-wordpress\/ -->\n<title>L&#039;\u00e9criture &#8902; Vers la sant\u00e9, l&#039;\u00e9ducation et le bien-\u00eatre au quotidien<\/title>\n<meta name=\"robots\" content=\"index, follow, max-snippet:-1, max-image-preview:large, max-video-preview:-1\" \/>\n<link rel=\"canonical\" href=\"https:\/\/www.leoia.fr\/?page_id=463\" \/>\n<meta property=\"og:locale\" content=\"fr_FR\" \/>\n<meta property=\"og:type\" content=\"article\" \/>\n<meta property=\"og:title\" content=\"L&#039;\u00e9criture &#8902; Vers la sant\u00e9, l&#039;\u00e9ducation et le bien-\u00eatre au quotidien\" \/>\n<meta property=\"og:description\" content=\"La d\u00e9finition de l\u2019\u00e9criture donn\u00e9e dans le dictionnaire Larousse, est la suivante\u00a0: \u00ab\u00a0Syst\u00e8me de signes graphiques servant \u00e0 noter un message oral afin de pouvoir le conserver et\/ou le transmettre.\u00a0\u00bb Il s\u2019agit d\u2019un acte conceptuel et de calligraphie (LE LOSTEC, 2005). L&rsquo;apprentissage de l&rsquo;\u00e9criture manuelle est complexe. L\u2019\u00e9criture est praxie et langage. Elle est gnoso-praxique [&hellip;]\" \/>\n<meta property=\"og:url\" content=\"https:\/\/www.leoia.fr\/?page_id=463\" \/>\n<meta property=\"og:site_name\" content=\"Vers la sant\u00e9, l&#039;\u00e9ducation et le bien-\u00eatre au quotidien\" \/>\n<meta property=\"article:modified_time\" content=\"2020-08-30T10:18:50+00:00\" \/>\n<meta property=\"og:image\" content=\"https:\/\/www.leoia.fr\/wp-content\/uploads\/2019\/09\/Prise-tridigitale.jpg\" \/>\n<meta name=\"twitter:card\" content=\"summary_large_image\" \/>\n<meta name=\"twitter:label1\" content=\"Dur\u00e9e de lecture estim\u00e9e\" \/>\n\t<meta name=\"twitter:data1\" content=\"3 minutes\" \/>\n<script type=\"application\/ld+json\" class=\"yoast-schema-graph\">{\"@context\":\"https:\\\/\\\/schema.org\",\"@graph\":[{\"@type\":\"WebPage\",\"@id\":\"https:\\\/\\\/www.leoia.fr\\\/?page_id=463\",\"url\":\"https:\\\/\\\/www.leoia.fr\\\/?page_id=463\",\"name\":\"L'\u00e9criture &#8902; Vers la sant\u00e9, l&#039;\u00e9ducation et le bien-\u00eatre au quotidien\",\"isPartOf\":{\"@id\":\"https:\\\/\\\/www.leoia.fr\\\/#website\"},\"primaryImageOfPage\":{\"@id\":\"https:\\\/\\\/www.leoia.fr\\\/?page_id=463#primaryimage\"},\"image\":{\"@id\":\"https:\\\/\\\/www.leoia.fr\\\/?page_id=463#primaryimage\"},\"thumbnailUrl\":\"https:\\\/\\\/www.leoia.fr\\\/wp-content\\\/uploads\\\/2019\\\/09\\\/Prise-tridigitale.jpg\",\"datePublished\":\"2019-09-24T07:31:17+00:00\",\"dateModified\":\"2020-08-30T10:18:50+00:00\",\"breadcrumb\":{\"@id\":\"https:\\\/\\\/www.leoia.fr\\\/?page_id=463#breadcrumb\"},\"inLanguage\":\"fr-FR\",\"potentialAction\":[{\"@type\":\"ReadAction\",\"target\":[\"https:\\\/\\\/www.leoia.fr\\\/?page_id=463\"]}]},{\"@type\":\"ImageObject\",\"inLanguage\":\"fr-FR\",\"@id\":\"https:\\\/\\\/www.leoia.fr\\\/?page_id=463#primaryimage\",\"url\":\"https:\\\/\\\/www.leoia.fr\\\/wp-content\\\/uploads\\\/2019\\\/09\\\/Prise-tridigitale.jpg\",\"contentUrl\":\"https:\\\/\\\/www.leoia.fr\\\/wp-content\\\/uploads\\\/2019\\\/09\\\/Prise-tridigitale.jpg\",\"width\":648,\"height\":442},{\"@type\":\"BreadcrumbList\",\"@id\":\"https:\\\/\\\/www.leoia.fr\\\/?page_id=463#breadcrumb\",\"itemListElement\":[{\"@type\":\"ListItem\",\"position\":1,\"name\":\"Accueil\",\"item\":\"https:\\\/\\\/www.leoia.fr\\\/\"},{\"@type\":\"ListItem\",\"position\":2,\"name\":\"L&rsquo;\u00e9criture\"}]},{\"@type\":\"WebSite\",\"@id\":\"https:\\\/\\\/www.leoia.fr\\\/#website\",\"url\":\"https:\\\/\\\/www.leoia.fr\\\/\",\"name\":\"Vers le bien-\u00eatre au quotidien\",\"description\":\"L&#039;ErgOth\u00e9rapie, l&#039;Ind\u00e9pendance et l&#039;Autonomie\",\"publisher\":{\"@id\":\"https:\\\/\\\/www.leoia.fr\\\/#organization\"},\"potentialAction\":[{\"@type\":\"SearchAction\",\"target\":{\"@type\":\"EntryPoint\",\"urlTemplate\":\"https:\\\/\\\/www.leoia.fr\\\/?s={search_term_string}\"},\"query-input\":{\"@type\":\"PropertyValueSpecification\",\"valueRequired\":true,\"valueName\":\"search_term_string\"}}],\"inLanguage\":\"fr-FR\"},{\"@type\":\"Organization\",\"@id\":\"https:\\\/\\\/www.leoia.fr\\\/#organization\",\"name\":\"Leoia\",\"url\":\"https:\\\/\\\/www.leoia.fr\\\/\",\"logo\":{\"@type\":\"ImageObject\",\"inLanguage\":\"fr-FR\",\"@id\":\"https:\\\/\\\/www.leoia.fr\\\/#\\\/schema\\\/logo\\\/image\\\/\",\"url\":\"https:\\\/\\\/www.leoia.fr\\\/wp-content\\\/uploads\\\/2018\\\/05\\\/logo-Copie.jpg\",\"contentUrl\":\"https:\\\/\\\/www.leoia.fr\\\/wp-content\\\/uploads\\\/2018\\\/05\\\/logo-Copie.jpg\",\"width\":421,\"height\":298,\"caption\":\"Leoia\"},\"image\":{\"@id\":\"https:\\\/\\\/www.leoia.fr\\\/#\\\/schema\\\/logo\\\/image\\\/\"},\"sameAs\":[\"https:\\\/\\\/www.linkedin.com\\\/in\\\/antoine-coquillon-7a426260\\\/\"]}]}<\/script>\n<!-- \/ Yoast SEO plugin. -->","yoast_head_json":{"title":"L'\u00e9criture &#8902; Vers la sant\u00e9, l&#039;\u00e9ducation et le bien-\u00eatre au quotidien","robots":{"index":"index","follow":"follow","max-snippet":"max-snippet:-1","max-image-preview":"max-image-preview:large","max-video-preview":"max-video-preview:-1"},"canonical":"https:\/\/www.leoia.fr\/?page_id=463","og_locale":"fr_FR","og_type":"article","og_title":"L'\u00e9criture &#8902; Vers la sant\u00e9, l&#039;\u00e9ducation et le bien-\u00eatre au quotidien","og_description":"La d\u00e9finition de l\u2019\u00e9criture donn\u00e9e dans le dictionnaire Larousse, est la suivante\u00a0: \u00ab\u00a0Syst\u00e8me de signes graphiques servant \u00e0 noter un message oral afin de pouvoir le conserver et\/ou le transmettre.\u00a0\u00bb Il s\u2019agit d\u2019un acte conceptuel et de calligraphie (LE LOSTEC, 2005). L&rsquo;apprentissage de l&rsquo;\u00e9criture manuelle est complexe. L\u2019\u00e9criture est praxie et langage. Elle est gnoso-praxique [&hellip;]","og_url":"https:\/\/www.leoia.fr\/?page_id=463","og_site_name":"Vers la sant\u00e9, l&#039;\u00e9ducation et le bien-\u00eatre au quotidien","article_modified_time":"2020-08-30T10:18:50+00:00","og_image":[{"url":"https:\/\/www.leoia.fr\/wp-content\/uploads\/2019\/09\/Prise-tridigitale.jpg","type":"","width":"","height":""}],"twitter_card":"summary_large_image","twitter_misc":{"Dur\u00e9e de lecture estim\u00e9e":"3 minutes"},"schema":{"@context":"https:\/\/schema.org","@graph":[{"@type":"WebPage","@id":"https:\/\/www.leoia.fr\/?page_id=463","url":"https:\/\/www.leoia.fr\/?page_id=463","name":"L'\u00e9criture &#8902; Vers la sant\u00e9, l&#039;\u00e9ducation et le bien-\u00eatre au quotidien","isPartOf":{"@id":"https:\/\/www.leoia.fr\/#website"},"primaryImageOfPage":{"@id":"https:\/\/www.leoia.fr\/?page_id=463#primaryimage"},"image":{"@id":"https:\/\/www.leoia.fr\/?page_id=463#primaryimage"},"thumbnailUrl":"https:\/\/www.leoia.fr\/wp-content\/uploads\/2019\/09\/Prise-tridigitale.jpg","datePublished":"2019-09-24T07:31:17+00:00","dateModified":"2020-08-30T10:18:50+00:00","breadcrumb":{"@id":"https:\/\/www.leoia.fr\/?page_id=463#breadcrumb"},"inLanguage":"fr-FR","potentialAction":[{"@type":"ReadAction","target":["https:\/\/www.leoia.fr\/?page_id=463"]}]},{"@type":"ImageObject","inLanguage":"fr-FR","@id":"https:\/\/www.leoia.fr\/?page_id=463#primaryimage","url":"https:\/\/www.leoia.fr\/wp-content\/uploads\/2019\/09\/Prise-tridigitale.jpg","contentUrl":"https:\/\/www.leoia.fr\/wp-content\/uploads\/2019\/09\/Prise-tridigitale.jpg","width":648,"height":442},{"@type":"BreadcrumbList","@id":"https:\/\/www.leoia.fr\/?page_id=463#breadcrumb","itemListElement":[{"@type":"ListItem","position":1,"name":"Accueil","item":"https:\/\/www.leoia.fr\/"},{"@type":"ListItem","position":2,"name":"L&rsquo;\u00e9criture"}]},{"@type":"WebSite","@id":"https:\/\/www.leoia.fr\/#website","url":"https:\/\/www.leoia.fr\/","name":"Vers le bien-\u00eatre au quotidien","description":"L&#039;ErgOth\u00e9rapie, l&#039;Ind\u00e9pendance et l&#039;Autonomie","publisher":{"@id":"https:\/\/www.leoia.fr\/#organization"},"potentialAction":[{"@type":"SearchAction","target":{"@type":"EntryPoint","urlTemplate":"https:\/\/www.leoia.fr\/?s={search_term_string}"},"query-input":{"@type":"PropertyValueSpecification","valueRequired":true,"valueName":"search_term_string"}}],"inLanguage":"fr-FR"},{"@type":"Organization","@id":"https:\/\/www.leoia.fr\/#organization","name":"Leoia","url":"https:\/\/www.leoia.fr\/","logo":{"@type":"ImageObject","inLanguage":"fr-FR","@id":"https:\/\/www.leoia.fr\/#\/schema\/logo\/image\/","url":"https:\/\/www.leoia.fr\/wp-content\/uploads\/2018\/05\/logo-Copie.jpg","contentUrl":"https:\/\/www.leoia.fr\/wp-content\/uploads\/2018\/05\/logo-Copie.jpg","width":421,"height":298,"caption":"Leoia"},"image":{"@id":"https:\/\/www.leoia.fr\/#\/schema\/logo\/image\/"},"sameAs":["https:\/\/www.linkedin.com\/in\/antoine-coquillon-7a426260\/"]}]}},"jetpack_sharing_enabled":true,"_links":{"self":[{"href":"https:\/\/www.leoia.fr\/index.php?rest_route=\/wp\/v2\/pages\/463","targetHints":{"allow":["GET"]}}],"collection":[{"href":"https:\/\/www.leoia.fr\/index.php?rest_route=\/wp\/v2\/pages"}],"about":[{"href":"https:\/\/www.leoia.fr\/index.php?rest_route=\/wp\/v2\/types\/page"}],"author":[{"embeddable":true,"href":"https:\/\/www.leoia.fr\/index.php?rest_route=\/wp\/v2\/users\/1"}],"replies":[{"embeddable":true,"href":"https:\/\/www.leoia.fr\/index.php?rest_route=%2Fwp%2Fv2%2Fcomments&post=463"}],"version-history":[{"count":5,"href":"https:\/\/www.leoia.fr\/index.php?rest_route=\/wp\/v2\/pages\/463\/revisions"}],"predecessor-version":[{"id":553,"href":"https:\/\/www.leoia.fr\/index.php?rest_route=\/wp\/v2\/pages\/463\/revisions\/553"}],"wp:attachment":[{"href":"https:\/\/www.leoia.fr\/index.php?rest_route=%2Fwp%2Fv2%2Fmedia&parent=463"}],"curies":[{"name":"wp","href":"https:\/\/api.w.org\/{rel}","templated":true}]}}