{"id":460,"date":"2019-09-24T09:14:45","date_gmt":"2019-09-24T07:14:45","guid":{"rendered":"https:\/\/www.leoia.fr\/?page_id=460"},"modified":"2021-05-18T13:05:23","modified_gmt":"2021-05-18T11:05:23","slug":"accompagnement","status":"publish","type":"page","link":"https:\/\/www.leoia.fr\/?page_id=460","title":{"rendered":"Accompagnement"},"content":{"rendered":"\n<p>L\u2019ergoth\u00e9rapeute r\u00e9alise des bilans, fixe des objectifs et met en place de la r\u00e9\u00e9ducation, une \u00e9ducation th\u00e9rapeutique,  le r\u00e9apprentissage des activit\u00e9s quotidiennes, un conseil adapt\u00e9 pour le mat\u00e9riel et l\u2019am\u00e9nagement de l\u2019environnement. <\/p>\n\n\n\n<p>Ses interventions permettent \u00e0 la personne de maximiser son potentiel d\u2019ind\u00e9pendance et\/ou d\u2019autonomie dans le domaine personnel, social ou professionnel. Voici quelques exemples non exhaustifs&nbsp;:<\/p>\n\n\n\n<p> En cas de troubles musculo\u2013squelettiques (TMS) qui concernent <strong>les structures autour des articulations <\/strong>et surviennent le plus souvent au niveau du dos ou des membres sup\u00e9rieurs. Ces affections touchent <strong>les muscles, les tendons, les nerfs<\/strong>&#8230; votre ergoth\u00e9rapeute peut vous accompagner et revoir avec vous les gestes et postures r\u00e9alis\u00e9s dans votre vie quotidienne au domicile comme au travail.  <\/p>\n\n\n\n<p>Pour un enfant pr\u00e9sentant un trouble d\u00e9veloppemental de la coordination, un suivi est r\u00e9alis\u00e9 au cabinet, au domicile et\/ou dans l&rsquo;\u00e9tablissement scolaire. L\u2019accompagnement en ergoth\u00e9rapie permet \u00e0 l\u2019enfant de ne plus mettre ses v\u00eatements \u00e0 l\u2019envers, d&rsquo;am\u00e9liorer la graphie, de faire ses lacets et d&rsquo;utiliser les bons outils g\u00e9om\u00e9trique. <strong>Les math\u00e9matiques ne sont pas que langage<\/strong>, la manipulation correcte des outils est n\u00e9cessaire pour obtenir le r\u00e9sultat attendu. L&rsquo;ergoth\u00e9rapeute met en place des strat\u00e9gies de compensations. L&rsquo;enfant va pouvoir acqu\u00e9rir une \u00e9criture plus fonctionnelle. L&rsquo;ergoth\u00e9rapeute l&rsquo;aidera \u00e0 am\u00e9liorer son expression. L&rsquo;enfant pourra exprimer clairement ses id\u00e9es. L&rsquo;ergoth\u00e9rapeute l&rsquo;aidera \u00e0 d\u00e9passer ses blocages. La mise en place de l\u2019outil informatique permettra \u00e0 l&rsquo;enfant de prendre ses cours aussi rapidement que ses pairs et d\u2019\u00eatre plus performant en g\u00e9om\u00e9trie.<\/p>\n\n\n\n<p>Pour le maintien au domicile, votre ergoth\u00e9rapeute peut vous proposer des am\u00e9nagements, des aides techniques ou des astuces pour favoriser votre autonomie au quotidien.<\/p>\n\n\n\n<p>Pour le suivi d\u2019une personne \u00e2g\u00e9es en perte d\u2019autonomie suite \u00e0 une maladie articulaire \u00e9volutive limitant ses activit\u00e9s. Un am\u00e9nagement de son logement lui est propos\u00e9 ainsi que des aides techniques adapt\u00e9es \u00e0 ses besoins pour la toilette, la pr\u00e9paration du repas, la prise du repas, sortir&#8230; <\/p>\n\n\n\n<p>En cas de chute, une personne\n\u00e2g\u00e9e a peur de tomber et limite ses activit\u00e9s. L\u2019intervention \u00e0 domicile lui\napporte conseils et informations pour r\u00e9am\u00e9nager son logement et am\u00e9liorer sa\ns\u00e9curit\u00e9 avec la mise en place d\u2019une prise en charge pr\u00e9vention de chute.<\/p>\n\n\n\n<p>En cas d\u2019atteinte d\u2019un h\u00e9micorps&nbsp; suite \u00e0 un Accident vasculaire c\u00e9r\u00e9bral \u00e0 la sortie d\u2019hospitalisation, une prise en charge en ergoth\u00e9rapie permet de continuer l\u2019am\u00e9lioration de la motricit\u00e9 fine, de poursuivre la th\u00e9rapie du miroir et de travailler des gestes de tous les jours ainsi que le graphisme.<\/p>\n\n\n\n<p>En cas d\u2019une atteinte irr\u00e9versible du membre sup\u00e9rieur dominant. Une relat\u00e9ralisation de l\u2019\u00e9criture est effectu\u00e9e, ainsi que le conseil en aide technique.<\/p>\n\n\n\n<p>Suite \u00e0 un accident de la voie publique et de s\u00e9quelles de traumatismes cr\u00e2niens. L\u2019ergoth\u00e9rapeute vous r\u00e9apprend les gestes de la vie quotidienne, \u00e0 cuisiner, \u00e0 vous rep\u00e9rer en ville, \u00e0 renouer des liens sociaux&#8230;<\/p>\n","protected":false},"excerpt":{"rendered":"<p>L\u2019ergoth\u00e9rapeute r\u00e9alise des bilans, fixe des objectifs et met en place de la r\u00e9\u00e9ducation, une \u00e9ducation th\u00e9rapeutique, le r\u00e9apprentissage des activit\u00e9s quotidiennes, un conseil adapt\u00e9 pour le mat\u00e9riel et l\u2019am\u00e9nagement de l\u2019environnement. Ses interventions permettent \u00e0 la personne de maximiser son potentiel d\u2019ind\u00e9pendance et\/ou d\u2019autonomie dans le domaine personnel, social ou professionnel. Voici quelques exemples [&hellip;]<\/p>\n","protected":false},"author":1,"featured_media":0,"parent":0,"menu_order":0,"comment_status":"closed","ping_status":"closed","template":"","meta":{"footnotes":""},"class_list":["post-460","page","type-page","status-publish","hentry"],"yoast_head":"<!-- This site is optimized with the Yoast SEO plugin v27.4 - https:\/\/yoast.com\/product\/yoast-seo-wordpress\/ -->\n<title>Accompagnement &#8902; Vers la sant\u00e9, l&#039;\u00e9ducation et le bien-\u00eatre au quotidien<\/title>\n<meta name=\"robots\" content=\"index, follow, max-snippet:-1, max-image-preview:large, max-video-preview:-1\" \/>\n<link rel=\"canonical\" href=\"https:\/\/www.leoia.fr\/?page_id=460\" \/>\n<meta property=\"og:locale\" content=\"fr_FR\" \/>\n<meta property=\"og:type\" content=\"article\" \/>\n<meta property=\"og:title\" content=\"Accompagnement &#8902; Vers la sant\u00e9, l&#039;\u00e9ducation et le bien-\u00eatre au quotidien\" \/>\n<meta property=\"og:description\" content=\"L\u2019ergoth\u00e9rapeute r\u00e9alise des bilans, fixe des objectifs et met en place de la r\u00e9\u00e9ducation, une \u00e9ducation th\u00e9rapeutique, le r\u00e9apprentissage des activit\u00e9s quotidiennes, un conseil adapt\u00e9 pour le mat\u00e9riel et l\u2019am\u00e9nagement de l\u2019environnement. Ses interventions permettent \u00e0 la personne de maximiser son potentiel d\u2019ind\u00e9pendance et\/ou d\u2019autonomie dans le domaine personnel, social ou professionnel. Voici quelques exemples [&hellip;]\" \/>\n<meta property=\"og:url\" content=\"https:\/\/www.leoia.fr\/?page_id=460\" \/>\n<meta property=\"og:site_name\" content=\"Vers la sant\u00e9, l&#039;\u00e9ducation et le bien-\u00eatre au quotidien\" \/>\n<meta property=\"article:modified_time\" content=\"2021-05-18T11:05:23+00:00\" \/>\n<meta name=\"twitter:card\" content=\"summary_large_image\" \/>\n<meta name=\"twitter:label1\" content=\"Dur\u00e9e de lecture estim\u00e9e\" \/>\n\t<meta name=\"twitter:data1\" content=\"3 minutes\" \/>\n<script type=\"application\/ld+json\" class=\"yoast-schema-graph\">{\"@context\":\"https:\\\/\\\/schema.org\",\"@graph\":[{\"@type\":\"WebPage\",\"@id\":\"https:\\\/\\\/www.leoia.fr\\\/?page_id=460\",\"url\":\"https:\\\/\\\/www.leoia.fr\\\/?page_id=460\",\"name\":\"Accompagnement &#8902; Vers la sant\u00e9, l&#039;\u00e9ducation et le bien-\u00eatre au quotidien\",\"isPartOf\":{\"@id\":\"https:\\\/\\\/www.leoia.fr\\\/#website\"},\"datePublished\":\"2019-09-24T07:14:45+00:00\",\"dateModified\":\"2021-05-18T11:05:23+00:00\",\"breadcrumb\":{\"@id\":\"https:\\\/\\\/www.leoia.fr\\\/?page_id=460#breadcrumb\"},\"inLanguage\":\"fr-FR\",\"potentialAction\":[{\"@type\":\"ReadAction\",\"target\":[\"https:\\\/\\\/www.leoia.fr\\\/?page_id=460\"]}]},{\"@type\":\"BreadcrumbList\",\"@id\":\"https:\\\/\\\/www.leoia.fr\\\/?page_id=460#breadcrumb\",\"itemListElement\":[{\"@type\":\"ListItem\",\"position\":1,\"name\":\"Accueil\",\"item\":\"https:\\\/\\\/www.leoia.fr\\\/\"},{\"@type\":\"ListItem\",\"position\":2,\"name\":\"Accompagnement\"}]},{\"@type\":\"WebSite\",\"@id\":\"https:\\\/\\\/www.leoia.fr\\\/#website\",\"url\":\"https:\\\/\\\/www.leoia.fr\\\/\",\"name\":\"Vers le bien-\u00eatre au quotidien\",\"description\":\"L&#039;ErgOth\u00e9rapie, l&#039;Ind\u00e9pendance et l&#039;Autonomie\",\"publisher\":{\"@id\":\"https:\\\/\\\/www.leoia.fr\\\/#organization\"},\"potentialAction\":[{\"@type\":\"SearchAction\",\"target\":{\"@type\":\"EntryPoint\",\"urlTemplate\":\"https:\\\/\\\/www.leoia.fr\\\/?s={search_term_string}\"},\"query-input\":{\"@type\":\"PropertyValueSpecification\",\"valueRequired\":true,\"valueName\":\"search_term_string\"}}],\"inLanguage\":\"fr-FR\"},{\"@type\":\"Organization\",\"@id\":\"https:\\\/\\\/www.leoia.fr\\\/#organization\",\"name\":\"Leoia\",\"url\":\"https:\\\/\\\/www.leoia.fr\\\/\",\"logo\":{\"@type\":\"ImageObject\",\"inLanguage\":\"fr-FR\",\"@id\":\"https:\\\/\\\/www.leoia.fr\\\/#\\\/schema\\\/logo\\\/image\\\/\",\"url\":\"https:\\\/\\\/www.leoia.fr\\\/wp-content\\\/uploads\\\/2018\\\/05\\\/logo-Copie.jpg\",\"contentUrl\":\"https:\\\/\\\/www.leoia.fr\\\/wp-content\\\/uploads\\\/2018\\\/05\\\/logo-Copie.jpg\",\"width\":421,\"height\":298,\"caption\":\"Leoia\"},\"image\":{\"@id\":\"https:\\\/\\\/www.leoia.fr\\\/#\\\/schema\\\/logo\\\/image\\\/\"},\"sameAs\":[\"https:\\\/\\\/www.linkedin.com\\\/in\\\/antoine-coquillon-7a426260\\\/\"]}]}<\/script>\n<!-- \/ Yoast SEO plugin. -->","yoast_head_json":{"title":"Accompagnement &#8902; Vers la sant\u00e9, l&#039;\u00e9ducation et le bien-\u00eatre au quotidien","robots":{"index":"index","follow":"follow","max-snippet":"max-snippet:-1","max-image-preview":"max-image-preview:large","max-video-preview":"max-video-preview:-1"},"canonical":"https:\/\/www.leoia.fr\/?page_id=460","og_locale":"fr_FR","og_type":"article","og_title":"Accompagnement &#8902; Vers la sant\u00e9, l&#039;\u00e9ducation et le bien-\u00eatre au quotidien","og_description":"L\u2019ergoth\u00e9rapeute r\u00e9alise des bilans, fixe des objectifs et met en place de la r\u00e9\u00e9ducation, une \u00e9ducation th\u00e9rapeutique, le r\u00e9apprentissage des activit\u00e9s quotidiennes, un conseil adapt\u00e9 pour le mat\u00e9riel et l\u2019am\u00e9nagement de l\u2019environnement. Ses interventions permettent \u00e0 la personne de maximiser son potentiel d\u2019ind\u00e9pendance et\/ou d\u2019autonomie dans le domaine personnel, social ou professionnel. Voici quelques exemples [&hellip;]","og_url":"https:\/\/www.leoia.fr\/?page_id=460","og_site_name":"Vers la sant\u00e9, l&#039;\u00e9ducation et le bien-\u00eatre au quotidien","article_modified_time":"2021-05-18T11:05:23+00:00","twitter_card":"summary_large_image","twitter_misc":{"Dur\u00e9e de lecture estim\u00e9e":"3 minutes"},"schema":{"@context":"https:\/\/schema.org","@graph":[{"@type":"WebPage","@id":"https:\/\/www.leoia.fr\/?page_id=460","url":"https:\/\/www.leoia.fr\/?page_id=460","name":"Accompagnement &#8902; Vers la sant\u00e9, l&#039;\u00e9ducation et le bien-\u00eatre au quotidien","isPartOf":{"@id":"https:\/\/www.leoia.fr\/#website"},"datePublished":"2019-09-24T07:14:45+00:00","dateModified":"2021-05-18T11:05:23+00:00","breadcrumb":{"@id":"https:\/\/www.leoia.fr\/?page_id=460#breadcrumb"},"inLanguage":"fr-FR","potentialAction":[{"@type":"ReadAction","target":["https:\/\/www.leoia.fr\/?page_id=460"]}]},{"@type":"BreadcrumbList","@id":"https:\/\/www.leoia.fr\/?page_id=460#breadcrumb","itemListElement":[{"@type":"ListItem","position":1,"name":"Accueil","item":"https:\/\/www.leoia.fr\/"},{"@type":"ListItem","position":2,"name":"Accompagnement"}]},{"@type":"WebSite","@id":"https:\/\/www.leoia.fr\/#website","url":"https:\/\/www.leoia.fr\/","name":"Vers le bien-\u00eatre au quotidien","description":"L&#039;ErgOth\u00e9rapie, l&#039;Ind\u00e9pendance et l&#039;Autonomie","publisher":{"@id":"https:\/\/www.leoia.fr\/#organization"},"potentialAction":[{"@type":"SearchAction","target":{"@type":"EntryPoint","urlTemplate":"https:\/\/www.leoia.fr\/?s={search_term_string}"},"query-input":{"@type":"PropertyValueSpecification","valueRequired":true,"valueName":"search_term_string"}}],"inLanguage":"fr-FR"},{"@type":"Organization","@id":"https:\/\/www.leoia.fr\/#organization","name":"Leoia","url":"https:\/\/www.leoia.fr\/","logo":{"@type":"ImageObject","inLanguage":"fr-FR","@id":"https:\/\/www.leoia.fr\/#\/schema\/logo\/image\/","url":"https:\/\/www.leoia.fr\/wp-content\/uploads\/2018\/05\/logo-Copie.jpg","contentUrl":"https:\/\/www.leoia.fr\/wp-content\/uploads\/2018\/05\/logo-Copie.jpg","width":421,"height":298,"caption":"Leoia"},"image":{"@id":"https:\/\/www.leoia.fr\/#\/schema\/logo\/image\/"},"sameAs":["https:\/\/www.linkedin.com\/in\/antoine-coquillon-7a426260\/"]}]}},"jetpack_sharing_enabled":true,"_links":{"self":[{"href":"https:\/\/www.leoia.fr\/index.php?rest_route=\/wp\/v2\/pages\/460","targetHints":{"allow":["GET"]}}],"collection":[{"href":"https:\/\/www.leoia.fr\/index.php?rest_route=\/wp\/v2\/pages"}],"about":[{"href":"https:\/\/www.leoia.fr\/index.php?rest_route=\/wp\/v2\/types\/page"}],"author":[{"embeddable":true,"href":"https:\/\/www.leoia.fr\/index.php?rest_route=\/wp\/v2\/users\/1"}],"replies":[{"embeddable":true,"href":"https:\/\/www.leoia.fr\/index.php?rest_route=%2Fwp%2Fv2%2Fcomments&post=460"}],"version-history":[{"count":8,"href":"https:\/\/www.leoia.fr\/index.php?rest_route=\/wp\/v2\/pages\/460\/revisions"}],"predecessor-version":[{"id":625,"href":"https:\/\/www.leoia.fr\/index.php?rest_route=\/wp\/v2\/pages\/460\/revisions\/625"}],"wp:attachment":[{"href":"https:\/\/www.leoia.fr\/index.php?rest_route=%2Fwp%2Fv2%2Fmedia&parent=460"}],"curies":[{"name":"wp","href":"https:\/\/api.w.org\/{rel}","templated":true}]}}