{"id":457,"date":"2019-09-24T09:03:12","date_gmt":"2019-09-24T07:03:12","guid":{"rendered":"https:\/\/www.leoia.fr\/?page_id=457"},"modified":"2020-04-01T21:51:22","modified_gmt":"2020-04-01T19:51:22","slug":"accompagnement-psychique","status":"publish","type":"page","link":"https:\/\/www.leoia.fr\/?page_id=457","title":{"rendered":"Accompagnement psychique"},"content":{"rendered":"\n<p>En lib\u00e9ral, le suivi en ergoth\u00e9rapie s&rsquo;effectue sous l&rsquo;ordonnance de votre m\u00e9decin traitant ou de votre m\u00e9decin psychiatre. <strong>L&rsquo;ergoth\u00e9rapie est un soin<\/strong>. L\u2019ergoth\u00e9rapeute vous propose une th\u00e9rapie par l\u2019activit\u00e9 (jeux, informatique, jeux vid\u00e9o, dessin, peinture, \u00e9criture, poterie&#8230;) qui vous aidera \u00e0 mieux vous conna\u00eetre, vous d\u00e9couvrir et \u00eatre cr\u00e9atif. Dans un cadre s\u00e9cure, la relation d\u2019aide mise en place vous permettra de vous diriger vers plus d\u2019ind\u00e9pendance et d\u2019autonomie. L&rsquo;ergoth\u00e9rapeute intervient lors d\u2019une d\u00e9pression, d\u2019une perte d\u2019estime de soi, de troubles anxieux, de traumatismes, de harc\u00e8lement scolaire, de bipolarit\u00e9, d\u2019anorexie\u2026<\/p>\n\n\n\n<p>L\u2019ergoth\u00e9rapeute\nvous aide \u00e0 retrouver une image valoris\u00e9e de vous-m\u00eame, de vous remettre en\nactivit\u00e9. L\u2019ergoth\u00e9rapeute s\u2019efforce de vous aider \u00e0 lutter contre l\u2019isolement.\nNouer et renouer des relations sociales est une n\u00e9cessit\u00e9 humaine.<\/p>\n\n\n\n<p>En fonction du patient les objectifs sont\u00a0: l\u2019\u00e9coute, le soutien, favoriser l\u2019expression des conflits internes, des affects, du v\u00e9cu personnel, de recouvrir l\u2019estime de soi, la confiance en soi, de stimuler l\u2019autonomie, d\u2019aider \u00e0 la socialisation, de lutter contre l\u2019apragmatisme\u2026<\/p>\n","protected":false},"excerpt":{"rendered":"<p>En lib\u00e9ral, le suivi en ergoth\u00e9rapie s&rsquo;effectue sous l&rsquo;ordonnance de votre m\u00e9decin traitant ou de votre m\u00e9decin psychiatre. L&rsquo;ergoth\u00e9rapie est un soin. L\u2019ergoth\u00e9rapeute vous propose une th\u00e9rapie par l\u2019activit\u00e9 (jeux, informatique, jeux vid\u00e9o, dessin, peinture, \u00e9criture, poterie&#8230;) qui vous aidera \u00e0 mieux vous conna\u00eetre, vous d\u00e9couvrir et \u00eatre cr\u00e9atif. Dans un cadre s\u00e9cure, la relation [&hellip;]<\/p>\n","protected":false},"author":1,"featured_media":0,"parent":0,"menu_order":0,"comment_status":"closed","ping_status":"closed","template":"","meta":{"footnotes":""},"class_list":["post-457","page","type-page","status-publish","hentry"],"yoast_head":"<!-- This site is optimized with the Yoast SEO plugin v27.4 - https:\/\/yoast.com\/product\/yoast-seo-wordpress\/ -->\n<title>Accompagnement psychique &#8902; Vers la sant\u00e9, l&#039;\u00e9ducation et le bien-\u00eatre au quotidien<\/title>\n<meta name=\"robots\" content=\"index, follow, max-snippet:-1, max-image-preview:large, max-video-preview:-1\" \/>\n<link rel=\"canonical\" href=\"https:\/\/www.leoia.fr\/?page_id=457\" \/>\n<meta property=\"og:locale\" content=\"fr_FR\" \/>\n<meta property=\"og:type\" content=\"article\" \/>\n<meta property=\"og:title\" content=\"Accompagnement psychique &#8902; Vers la sant\u00e9, l&#039;\u00e9ducation et le bien-\u00eatre au quotidien\" \/>\n<meta property=\"og:description\" content=\"En lib\u00e9ral, le suivi en ergoth\u00e9rapie s&rsquo;effectue sous l&rsquo;ordonnance de votre m\u00e9decin traitant ou de votre m\u00e9decin psychiatre. L&rsquo;ergoth\u00e9rapie est un soin. L\u2019ergoth\u00e9rapeute vous propose une th\u00e9rapie par l\u2019activit\u00e9 (jeux, informatique, jeux vid\u00e9o, dessin, peinture, \u00e9criture, poterie&#8230;) qui vous aidera \u00e0 mieux vous conna\u00eetre, vous d\u00e9couvrir et \u00eatre cr\u00e9atif. Dans un cadre s\u00e9cure, la relation [&hellip;]\" \/>\n<meta property=\"og:url\" content=\"https:\/\/www.leoia.fr\/?page_id=457\" \/>\n<meta property=\"og:site_name\" content=\"Vers la sant\u00e9, l&#039;\u00e9ducation et le bien-\u00eatre au quotidien\" \/>\n<meta property=\"article:modified_time\" content=\"2020-04-01T19:51:22+00:00\" \/>\n<meta name=\"twitter:card\" content=\"summary_large_image\" \/>\n<meta name=\"twitter:label1\" content=\"Dur\u00e9e de lecture estim\u00e9e\" \/>\n\t<meta name=\"twitter:data1\" content=\"1 minute\" \/>\n<script type=\"application\/ld+json\" class=\"yoast-schema-graph\">{\"@context\":\"https:\\\/\\\/schema.org\",\"@graph\":[{\"@type\":\"WebPage\",\"@id\":\"https:\\\/\\\/www.leoia.fr\\\/?page_id=457\",\"url\":\"https:\\\/\\\/www.leoia.fr\\\/?page_id=457\",\"name\":\"Accompagnement psychique &#8902; Vers la sant\u00e9, l&#039;\u00e9ducation et le bien-\u00eatre au quotidien\",\"isPartOf\":{\"@id\":\"https:\\\/\\\/www.leoia.fr\\\/#website\"},\"datePublished\":\"2019-09-24T07:03:12+00:00\",\"dateModified\":\"2020-04-01T19:51:22+00:00\",\"breadcrumb\":{\"@id\":\"https:\\\/\\\/www.leoia.fr\\\/?page_id=457#breadcrumb\"},\"inLanguage\":\"fr-FR\",\"potentialAction\":[{\"@type\":\"ReadAction\",\"target\":[\"https:\\\/\\\/www.leoia.fr\\\/?page_id=457\"]}]},{\"@type\":\"BreadcrumbList\",\"@id\":\"https:\\\/\\\/www.leoia.fr\\\/?page_id=457#breadcrumb\",\"itemListElement\":[{\"@type\":\"ListItem\",\"position\":1,\"name\":\"Accueil\",\"item\":\"https:\\\/\\\/www.leoia.fr\\\/\"},{\"@type\":\"ListItem\",\"position\":2,\"name\":\"Accompagnement psychique\"}]},{\"@type\":\"WebSite\",\"@id\":\"https:\\\/\\\/www.leoia.fr\\\/#website\",\"url\":\"https:\\\/\\\/www.leoia.fr\\\/\",\"name\":\"Vers le bien-\u00eatre au quotidien\",\"description\":\"L&#039;ErgOth\u00e9rapie, l&#039;Ind\u00e9pendance et l&#039;Autonomie\",\"publisher\":{\"@id\":\"https:\\\/\\\/www.leoia.fr\\\/#organization\"},\"potentialAction\":[{\"@type\":\"SearchAction\",\"target\":{\"@type\":\"EntryPoint\",\"urlTemplate\":\"https:\\\/\\\/www.leoia.fr\\\/?s={search_term_string}\"},\"query-input\":{\"@type\":\"PropertyValueSpecification\",\"valueRequired\":true,\"valueName\":\"search_term_string\"}}],\"inLanguage\":\"fr-FR\"},{\"@type\":\"Organization\",\"@id\":\"https:\\\/\\\/www.leoia.fr\\\/#organization\",\"name\":\"Leoia\",\"url\":\"https:\\\/\\\/www.leoia.fr\\\/\",\"logo\":{\"@type\":\"ImageObject\",\"inLanguage\":\"fr-FR\",\"@id\":\"https:\\\/\\\/www.leoia.fr\\\/#\\\/schema\\\/logo\\\/image\\\/\",\"url\":\"https:\\\/\\\/www.leoia.fr\\\/wp-content\\\/uploads\\\/2018\\\/05\\\/logo-Copie.jpg\",\"contentUrl\":\"https:\\\/\\\/www.leoia.fr\\\/wp-content\\\/uploads\\\/2018\\\/05\\\/logo-Copie.jpg\",\"width\":421,\"height\":298,\"caption\":\"Leoia\"},\"image\":{\"@id\":\"https:\\\/\\\/www.leoia.fr\\\/#\\\/schema\\\/logo\\\/image\\\/\"},\"sameAs\":[\"https:\\\/\\\/www.linkedin.com\\\/in\\\/antoine-coquillon-7a426260\\\/\"]}]}<\/script>\n<!-- \/ Yoast SEO plugin. -->","yoast_head_json":{"title":"Accompagnement psychique &#8902; Vers la sant\u00e9, l&#039;\u00e9ducation et le bien-\u00eatre au quotidien","robots":{"index":"index","follow":"follow","max-snippet":"max-snippet:-1","max-image-preview":"max-image-preview:large","max-video-preview":"max-video-preview:-1"},"canonical":"https:\/\/www.leoia.fr\/?page_id=457","og_locale":"fr_FR","og_type":"article","og_title":"Accompagnement psychique &#8902; Vers la sant\u00e9, l&#039;\u00e9ducation et le bien-\u00eatre au quotidien","og_description":"En lib\u00e9ral, le suivi en ergoth\u00e9rapie s&rsquo;effectue sous l&rsquo;ordonnance de votre m\u00e9decin traitant ou de votre m\u00e9decin psychiatre. L&rsquo;ergoth\u00e9rapie est un soin. L\u2019ergoth\u00e9rapeute vous propose une th\u00e9rapie par l\u2019activit\u00e9 (jeux, informatique, jeux vid\u00e9o, dessin, peinture, \u00e9criture, poterie&#8230;) qui vous aidera \u00e0 mieux vous conna\u00eetre, vous d\u00e9couvrir et \u00eatre cr\u00e9atif. Dans un cadre s\u00e9cure, la relation [&hellip;]","og_url":"https:\/\/www.leoia.fr\/?page_id=457","og_site_name":"Vers la sant\u00e9, l&#039;\u00e9ducation et le bien-\u00eatre au quotidien","article_modified_time":"2020-04-01T19:51:22+00:00","twitter_card":"summary_large_image","twitter_misc":{"Dur\u00e9e de lecture estim\u00e9e":"1 minute"},"schema":{"@context":"https:\/\/schema.org","@graph":[{"@type":"WebPage","@id":"https:\/\/www.leoia.fr\/?page_id=457","url":"https:\/\/www.leoia.fr\/?page_id=457","name":"Accompagnement psychique &#8902; Vers la sant\u00e9, l&#039;\u00e9ducation et le bien-\u00eatre au quotidien","isPartOf":{"@id":"https:\/\/www.leoia.fr\/#website"},"datePublished":"2019-09-24T07:03:12+00:00","dateModified":"2020-04-01T19:51:22+00:00","breadcrumb":{"@id":"https:\/\/www.leoia.fr\/?page_id=457#breadcrumb"},"inLanguage":"fr-FR","potentialAction":[{"@type":"ReadAction","target":["https:\/\/www.leoia.fr\/?page_id=457"]}]},{"@type":"BreadcrumbList","@id":"https:\/\/www.leoia.fr\/?page_id=457#breadcrumb","itemListElement":[{"@type":"ListItem","position":1,"name":"Accueil","item":"https:\/\/www.leoia.fr\/"},{"@type":"ListItem","position":2,"name":"Accompagnement psychique"}]},{"@type":"WebSite","@id":"https:\/\/www.leoia.fr\/#website","url":"https:\/\/www.leoia.fr\/","name":"Vers le bien-\u00eatre au quotidien","description":"L&#039;ErgOth\u00e9rapie, l&#039;Ind\u00e9pendance et l&#039;Autonomie","publisher":{"@id":"https:\/\/www.leoia.fr\/#organization"},"potentialAction":[{"@type":"SearchAction","target":{"@type":"EntryPoint","urlTemplate":"https:\/\/www.leoia.fr\/?s={search_term_string}"},"query-input":{"@type":"PropertyValueSpecification","valueRequired":true,"valueName":"search_term_string"}}],"inLanguage":"fr-FR"},{"@type":"Organization","@id":"https:\/\/www.leoia.fr\/#organization","name":"Leoia","url":"https:\/\/www.leoia.fr\/","logo":{"@type":"ImageObject","inLanguage":"fr-FR","@id":"https:\/\/www.leoia.fr\/#\/schema\/logo\/image\/","url":"https:\/\/www.leoia.fr\/wp-content\/uploads\/2018\/05\/logo-Copie.jpg","contentUrl":"https:\/\/www.leoia.fr\/wp-content\/uploads\/2018\/05\/logo-Copie.jpg","width":421,"height":298,"caption":"Leoia"},"image":{"@id":"https:\/\/www.leoia.fr\/#\/schema\/logo\/image\/"},"sameAs":["https:\/\/www.linkedin.com\/in\/antoine-coquillon-7a426260\/"]}]}},"jetpack_sharing_enabled":true,"_links":{"self":[{"href":"https:\/\/www.leoia.fr\/index.php?rest_route=\/wp\/v2\/pages\/457","targetHints":{"allow":["GET"]}}],"collection":[{"href":"https:\/\/www.leoia.fr\/index.php?rest_route=\/wp\/v2\/pages"}],"about":[{"href":"https:\/\/www.leoia.fr\/index.php?rest_route=\/wp\/v2\/types\/page"}],"author":[{"embeddable":true,"href":"https:\/\/www.leoia.fr\/index.php?rest_route=\/wp\/v2\/users\/1"}],"replies":[{"embeddable":true,"href":"https:\/\/www.leoia.fr\/index.php?rest_route=%2Fwp%2Fv2%2Fcomments&post=457"}],"version-history":[{"count":4,"href":"https:\/\/www.leoia.fr\/index.php?rest_route=\/wp\/v2\/pages\/457\/revisions"}],"predecessor-version":[{"id":509,"href":"https:\/\/www.leoia.fr\/index.php?rest_route=\/wp\/v2\/pages\/457\/revisions\/509"}],"wp:attachment":[{"href":"https:\/\/www.leoia.fr\/index.php?rest_route=%2Fwp%2Fv2%2Fmedia&parent=457"}],"curies":[{"name":"wp","href":"https:\/\/api.w.org\/{rel}","templated":true}]}}