{"id":452,"date":"2019-09-22T23:36:20","date_gmt":"2019-09-22T21:36:20","guid":{"rendered":"https:\/\/www.leoia.fr\/?page_id=452"},"modified":"2022-01-31T22:58:01","modified_gmt":"2022-01-31T21:58:01","slug":"tarifs","status":"publish","type":"page","link":"https:\/\/www.leoia.fr\/?page_id=452","title":{"rendered":"Tarifs"},"content":{"rendered":"\n<p><strong>Mon activit\u00e9 est suspendue depuis le 31\/12\/2021 compte tenu de la situation sanitaire li\u00e9e \u00e0 la Covid-19 et l&rsquo;augmentation du prix de l&rsquo;essence.<\/strong><\/p>\n\n\n\n<p><strong>TARIFICATION DES PRESTATIONS D&rsquo;ERGOTH\u00c9RAPIE<\/strong> en 2021<\/p>\n\n\n\n<p><strong>EN EXERCICE\nLIBERAL<\/strong><\/p>\n\n\n\n<p><strong>Cabinet&nbsp;:<\/strong><\/p>\n\n\n\n<figure class=\"wp-block-table\"><table><tbody><tr><td>\n  Bilans\n  <\/td><td>\n  150\u20ac\n  <\/td><\/tr><tr><td>   S\u00e9ance d\u20191 heure   <\/td><td>\n  40\u20ac\n  <\/td><\/tr><tr><td>   S\u00e9ance de \u00be d\u2019heure   <\/td><td>\n  30\u20ac\n  <\/td><\/tr><tr><td>   S\u00e9ance d\u20191\/2 heure   <\/td><td>\n  20\u20ac\n  <\/td><\/tr><\/tbody><\/table><\/figure>\n\n\n\n<p><strong>Hors Cabinet&nbsp;:<\/strong><\/p>\n\n\n\n<figure class=\"wp-block-table\"><table><tbody><tr><td>Conseil en am\u00e9nagement de domicile ou poste de <br>travail   (\u00e9valuation, croquis d\u00e9taill\u00e9s et compte<br> rendu)<\/td><td>   1 \u00e0 4   <br>pi\u00e8ces    &nbsp;   <\/td><td> 205\u20ac   <\/td><\/tr><tr><td>Conseil en am\u00e9nagement de domicile ou poste de              travail, au-del\u00e0 de 20 km (\u00e9valuation, croquis d\u00e9taill\u00e9s   et compte rendu)    <\/td><td>   1 \u00e0 4<br>pi\u00e8ces    &nbsp;   <\/td><td> 225\u20ac   <\/td><\/tr><tr><td>   &nbsp;    (\u00e9valuation, croquis d\u00e9taill\u00e9s et compte rendu) <\/td><td>   + de           5 pi\u00e8ces   <\/td><td>Sur   devis            <\/td><\/tr><tr><td>Conseil en aides techniques (\u00e9valuation et<br> compte rendu) <\/td><td>\n  &nbsp;\n  <\/td><td>\n  95\u20ac\n  <\/td><\/tr><tr><td>Essai fauteuil   roulant \u00e9lectrique<br> (\u00e9valuation et compte rendu)     <\/td><td>\n  &nbsp;\n  <\/td><td> 105\u20ac   <\/td><\/tr><tr><td>   S\u00e9ance d\u20191 heure   <\/td><td>\n  &nbsp;\n  <\/td><td>\n  55\u20ac\n  <\/td><\/tr><tr><td>   S\u00e9ance de \u00be d\u2019heure   <\/td><td>\n  &nbsp;\n  <\/td><td>\n  42\u20ac\n  <\/td><\/tr><tr><td>   S\u00e9ance d\u20191\/2 heure   <\/td><td>\n  &nbsp;\n  <\/td><td>\n  28\u20ac\n  <\/td><\/tr><tr><td>   Vacation d\u20191 heure   <\/td><td>\n  &nbsp;\n  <\/td><td>\n  45\u20ac\n  <\/td><\/tr><\/tbody><\/table><\/figure>\n\n\n\n<p>Frais de d\u00e9placement inclus dans un rayon de 20km maximum, au-del\u00e0 sur devis \u00e0 0,5\u20ac du kilom\u00e8tre.<\/p>\n\n\n\n<h4 class=\"has-text-align-center wp-block-heading\" id=\"accompagnement-estime-de-soi-pour-de-16-ans-et-adulte\"><strong><span class=\"has-inline-color has-vivid-green-cyan-color\">Accompagnement estime de soi&nbsp; pour + de 16 ans et adulte:<\/span><\/strong><\/h4>\n\n\n\n<p><strong>Objectifs (en fonction de vos besoins) : <\/strong><\/p>\n\n\n\n<ul class=\"wp-block-list\"><li><strong>am\u00e9liorer sa posture<\/strong> ;<\/li><li><strong> g\u00e9rer ses \u00e9motions<\/strong> ;<\/li><li><strong>accompagner le C.V<\/strong>. ;<\/li><li><strong>dire \u00ab\u00a0non\u00a0\u00bb de mani\u00e8re ad\u00e9quate ;<\/strong><\/li><li><strong>diff\u00e9rer une r\u00e9ponse pour construire sa r\u00e9flexion ;<\/strong><\/li><li><strong>prendre conscience de comportements de fuite, de soumission ou de d\u00e9valorisation de soi ;<\/strong><\/li><li>&#8230;<\/li><\/ul>\n\n\n\n<figure class=\"wp-block-table\"><table><tbody><tr><td>   10 s\u00e9ances \u00e0 domicile (85 et sud 44)<\/td><td>   500\u20ac   <\/td><\/tr><tr><td>   10 s\u00e9ances sur 2 jours (2X5h) en France m\u00e9tropolitaine<\/td><td>   600\u20ac   <\/td><\/tr><\/tbody><\/table><\/figure>\n\n\n\n<p><strong>Vacations&nbsp;(effectu\u00e9es pour le compte d\u2019une\nstructure) possibles en fonction du nombre et du type de prise en charge.<\/strong><\/p>\n\n\n\n<p><strong>Prestation aupr\u00e8s d\u2019entreprise pour la sensibilisation au port de charge et \u00e0 la manutention sur devis.<\/strong><\/p>\n\n\n\n<p><strong>Prestation aupr\u00e8s d\u2019entreprise pour la sensibilisation  \u00e0 la manutention des b\u00e9b\u00e9s et des jeunes enfants sur devis.<\/strong><\/p>\n\n\n\n<p><strong>Prestation aupr\u00e8s d\u2019entreprise pour la sensibilisation \u00e0 la manutention des personnes et l&rsquo;utilisation d&rsquo;aide aux transferts sur devis.<\/strong><\/p>\n\n\n\n<p><strong>Toute s\u00e9ance non annul\u00e9e 24h \u00e0 l\u2019avance sera factur\u00e9e<\/strong><strong><\/strong><\/p>\n","protected":false},"excerpt":{"rendered":"<p>Mon activit\u00e9 est suspendue depuis le 31\/12\/2021 compte tenu de la situation sanitaire li\u00e9e \u00e0 la Covid-19 et l&rsquo;augmentation du prix de l&rsquo;essence. TARIFICATION DES PRESTATIONS D&rsquo;ERGOTH\u00c9RAPIE en 2021 EN EXERCICE LIBERAL Cabinet&nbsp;: Bilans 150\u20ac S\u00e9ance d\u20191 heure 40\u20ac S\u00e9ance de \u00be d\u2019heure 30\u20ac S\u00e9ance d\u20191\/2 heure 20\u20ac Hors Cabinet&nbsp;: Conseil en am\u00e9nagement de domicile [&hellip;]<\/p>\n","protected":false},"author":1,"featured_media":0,"parent":0,"menu_order":0,"comment_status":"closed","ping_status":"closed","template":"","meta":{"footnotes":""},"class_list":["post-452","page","type-page","status-publish","hentry"],"yoast_head":"<!-- This site is optimized with the Yoast SEO plugin v27.4 - https:\/\/yoast.com\/product\/yoast-seo-wordpress\/ -->\n<title>Tarifs &#8902; Vers la sant\u00e9, l&#039;\u00e9ducation et le bien-\u00eatre au quotidien<\/title>\n<meta name=\"robots\" content=\"index, follow, max-snippet:-1, max-image-preview:large, max-video-preview:-1\" \/>\n<link rel=\"canonical\" href=\"https:\/\/www.leoia.fr\/?page_id=452\" \/>\n<meta property=\"og:locale\" content=\"fr_FR\" \/>\n<meta property=\"og:type\" content=\"article\" \/>\n<meta property=\"og:title\" content=\"Tarifs &#8902; Vers la sant\u00e9, l&#039;\u00e9ducation et le bien-\u00eatre au quotidien\" \/>\n<meta property=\"og:description\" content=\"Mon activit\u00e9 est suspendue depuis le 31\/12\/2021 compte tenu de la situation sanitaire li\u00e9e \u00e0 la Covid-19 et l&rsquo;augmentation du prix de l&rsquo;essence. TARIFICATION DES PRESTATIONS D&rsquo;ERGOTH\u00c9RAPIE en 2021 EN EXERCICE LIBERAL Cabinet&nbsp;: Bilans 150\u20ac S\u00e9ance d\u20191 heure 40\u20ac S\u00e9ance de \u00be d\u2019heure 30\u20ac S\u00e9ance d\u20191\/2 heure 20\u20ac Hors Cabinet&nbsp;: Conseil en am\u00e9nagement de domicile [&hellip;]\" \/>\n<meta property=\"og:url\" content=\"https:\/\/www.leoia.fr\/?page_id=452\" \/>\n<meta property=\"og:site_name\" content=\"Vers la sant\u00e9, l&#039;\u00e9ducation et le bien-\u00eatre au quotidien\" \/>\n<meta property=\"article:modified_time\" content=\"2022-01-31T21:58:01+00:00\" \/>\n<meta name=\"twitter:card\" content=\"summary_large_image\" \/>\n<meta name=\"twitter:label1\" content=\"Dur\u00e9e de lecture estim\u00e9e\" \/>\n\t<meta name=\"twitter:data1\" content=\"2 minutes\" \/>\n<script type=\"application\/ld+json\" class=\"yoast-schema-graph\">{\"@context\":\"https:\\\/\\\/schema.org\",\"@graph\":[{\"@type\":\"WebPage\",\"@id\":\"https:\\\/\\\/www.leoia.fr\\\/?page_id=452\",\"url\":\"https:\\\/\\\/www.leoia.fr\\\/?page_id=452\",\"name\":\"Tarifs &#8902; Vers la sant\u00e9, l&#039;\u00e9ducation et le bien-\u00eatre au quotidien\",\"isPartOf\":{\"@id\":\"https:\\\/\\\/www.leoia.fr\\\/#website\"},\"datePublished\":\"2019-09-22T21:36:20+00:00\",\"dateModified\":\"2022-01-31T21:58:01+00:00\",\"breadcrumb\":{\"@id\":\"https:\\\/\\\/www.leoia.fr\\\/?page_id=452#breadcrumb\"},\"inLanguage\":\"fr-FR\",\"potentialAction\":[{\"@type\":\"ReadAction\",\"target\":[\"https:\\\/\\\/www.leoia.fr\\\/?page_id=452\"]}]},{\"@type\":\"BreadcrumbList\",\"@id\":\"https:\\\/\\\/www.leoia.fr\\\/?page_id=452#breadcrumb\",\"itemListElement\":[{\"@type\":\"ListItem\",\"position\":1,\"name\":\"Accueil\",\"item\":\"https:\\\/\\\/www.leoia.fr\\\/\"},{\"@type\":\"ListItem\",\"position\":2,\"name\":\"Tarifs\"}]},{\"@type\":\"WebSite\",\"@id\":\"https:\\\/\\\/www.leoia.fr\\\/#website\",\"url\":\"https:\\\/\\\/www.leoia.fr\\\/\",\"name\":\"Vers le bien-\u00eatre au quotidien\",\"description\":\"L&#039;ErgOth\u00e9rapie, l&#039;Ind\u00e9pendance et l&#039;Autonomie\",\"publisher\":{\"@id\":\"https:\\\/\\\/www.leoia.fr\\\/#organization\"},\"potentialAction\":[{\"@type\":\"SearchAction\",\"target\":{\"@type\":\"EntryPoint\",\"urlTemplate\":\"https:\\\/\\\/www.leoia.fr\\\/?s={search_term_string}\"},\"query-input\":{\"@type\":\"PropertyValueSpecification\",\"valueRequired\":true,\"valueName\":\"search_term_string\"}}],\"inLanguage\":\"fr-FR\"},{\"@type\":\"Organization\",\"@id\":\"https:\\\/\\\/www.leoia.fr\\\/#organization\",\"name\":\"Leoia\",\"url\":\"https:\\\/\\\/www.leoia.fr\\\/\",\"logo\":{\"@type\":\"ImageObject\",\"inLanguage\":\"fr-FR\",\"@id\":\"https:\\\/\\\/www.leoia.fr\\\/#\\\/schema\\\/logo\\\/image\\\/\",\"url\":\"https:\\\/\\\/www.leoia.fr\\\/wp-content\\\/uploads\\\/2018\\\/05\\\/logo-Copie.jpg\",\"contentUrl\":\"https:\\\/\\\/www.leoia.fr\\\/wp-content\\\/uploads\\\/2018\\\/05\\\/logo-Copie.jpg\",\"width\":421,\"height\":298,\"caption\":\"Leoia\"},\"image\":{\"@id\":\"https:\\\/\\\/www.leoia.fr\\\/#\\\/schema\\\/logo\\\/image\\\/\"},\"sameAs\":[\"https:\\\/\\\/www.linkedin.com\\\/in\\\/antoine-coquillon-7a426260\\\/\"]}]}<\/script>\n<!-- \/ Yoast SEO plugin. -->","yoast_head_json":{"title":"Tarifs &#8902; Vers la sant\u00e9, l&#039;\u00e9ducation et le bien-\u00eatre au quotidien","robots":{"index":"index","follow":"follow","max-snippet":"max-snippet:-1","max-image-preview":"max-image-preview:large","max-video-preview":"max-video-preview:-1"},"canonical":"https:\/\/www.leoia.fr\/?page_id=452","og_locale":"fr_FR","og_type":"article","og_title":"Tarifs &#8902; Vers la sant\u00e9, l&#039;\u00e9ducation et le bien-\u00eatre au quotidien","og_description":"Mon activit\u00e9 est suspendue depuis le 31\/12\/2021 compte tenu de la situation sanitaire li\u00e9e \u00e0 la Covid-19 et l&rsquo;augmentation du prix de l&rsquo;essence. TARIFICATION DES PRESTATIONS D&rsquo;ERGOTH\u00c9RAPIE en 2021 EN EXERCICE LIBERAL Cabinet&nbsp;: Bilans 150\u20ac S\u00e9ance d\u20191 heure 40\u20ac S\u00e9ance de \u00be d\u2019heure 30\u20ac S\u00e9ance d\u20191\/2 heure 20\u20ac Hors Cabinet&nbsp;: Conseil en am\u00e9nagement de domicile [&hellip;]","og_url":"https:\/\/www.leoia.fr\/?page_id=452","og_site_name":"Vers la sant\u00e9, l&#039;\u00e9ducation et le bien-\u00eatre au quotidien","article_modified_time":"2022-01-31T21:58:01+00:00","twitter_card":"summary_large_image","twitter_misc":{"Dur\u00e9e de lecture estim\u00e9e":"2 minutes"},"schema":{"@context":"https:\/\/schema.org","@graph":[{"@type":"WebPage","@id":"https:\/\/www.leoia.fr\/?page_id=452","url":"https:\/\/www.leoia.fr\/?page_id=452","name":"Tarifs &#8902; Vers la sant\u00e9, l&#039;\u00e9ducation et le bien-\u00eatre au quotidien","isPartOf":{"@id":"https:\/\/www.leoia.fr\/#website"},"datePublished":"2019-09-22T21:36:20+00:00","dateModified":"2022-01-31T21:58:01+00:00","breadcrumb":{"@id":"https:\/\/www.leoia.fr\/?page_id=452#breadcrumb"},"inLanguage":"fr-FR","potentialAction":[{"@type":"ReadAction","target":["https:\/\/www.leoia.fr\/?page_id=452"]}]},{"@type":"BreadcrumbList","@id":"https:\/\/www.leoia.fr\/?page_id=452#breadcrumb","itemListElement":[{"@type":"ListItem","position":1,"name":"Accueil","item":"https:\/\/www.leoia.fr\/"},{"@type":"ListItem","position":2,"name":"Tarifs"}]},{"@type":"WebSite","@id":"https:\/\/www.leoia.fr\/#website","url":"https:\/\/www.leoia.fr\/","name":"Vers le bien-\u00eatre au quotidien","description":"L&#039;ErgOth\u00e9rapie, l&#039;Ind\u00e9pendance et l&#039;Autonomie","publisher":{"@id":"https:\/\/www.leoia.fr\/#organization"},"potentialAction":[{"@type":"SearchAction","target":{"@type":"EntryPoint","urlTemplate":"https:\/\/www.leoia.fr\/?s={search_term_string}"},"query-input":{"@type":"PropertyValueSpecification","valueRequired":true,"valueName":"search_term_string"}}],"inLanguage":"fr-FR"},{"@type":"Organization","@id":"https:\/\/www.leoia.fr\/#organization","name":"Leoia","url":"https:\/\/www.leoia.fr\/","logo":{"@type":"ImageObject","inLanguage":"fr-FR","@id":"https:\/\/www.leoia.fr\/#\/schema\/logo\/image\/","url":"https:\/\/www.leoia.fr\/wp-content\/uploads\/2018\/05\/logo-Copie.jpg","contentUrl":"https:\/\/www.leoia.fr\/wp-content\/uploads\/2018\/05\/logo-Copie.jpg","width":421,"height":298,"caption":"Leoia"},"image":{"@id":"https:\/\/www.leoia.fr\/#\/schema\/logo\/image\/"},"sameAs":["https:\/\/www.linkedin.com\/in\/antoine-coquillon-7a426260\/"]}]}},"jetpack_sharing_enabled":true,"_links":{"self":[{"href":"https:\/\/www.leoia.fr\/index.php?rest_route=\/wp\/v2\/pages\/452","targetHints":{"allow":["GET"]}}],"collection":[{"href":"https:\/\/www.leoia.fr\/index.php?rest_route=\/wp\/v2\/pages"}],"about":[{"href":"https:\/\/www.leoia.fr\/index.php?rest_route=\/wp\/v2\/types\/page"}],"author":[{"embeddable":true,"href":"https:\/\/www.leoia.fr\/index.php?rest_route=\/wp\/v2\/users\/1"}],"replies":[{"embeddable":true,"href":"https:\/\/www.leoia.fr\/index.php?rest_route=%2Fwp%2Fv2%2Fcomments&post=452"}],"version-history":[{"count":16,"href":"https:\/\/www.leoia.fr\/index.php?rest_route=\/wp\/v2\/pages\/452\/revisions"}],"predecessor-version":[{"id":652,"href":"https:\/\/www.leoia.fr\/index.php?rest_route=\/wp\/v2\/pages\/452\/revisions\/652"}],"wp:attachment":[{"href":"https:\/\/www.leoia.fr\/index.php?rest_route=%2Fwp%2Fv2%2Fmedia&parent=452"}],"curies":[{"name":"wp","href":"https:\/\/api.w.org\/{rel}","templated":true}]}}