{"id":433,"date":"2019-09-19T16:21:39","date_gmt":"2019-09-19T14:21:39","guid":{"rendered":"https:\/\/www.leoia.fr\/?page_id=433"},"modified":"2019-09-20T20:39:13","modified_gmt":"2019-09-20T18:39:13","slug":"suivi","status":"publish","type":"page","link":"https:\/\/www.leoia.fr\/?page_id=433","title":{"rendered":"Suivi"},"content":{"rendered":"\n<p>L&rsquo;enfant ou l&rsquo;adolescent est bien souvent dans le d\u00e9ni de ses troubles.  Les enfants ou les adolescents ne sont pas tous capables de reconna\u00eetre leurs difficult\u00e9s et de les nommer. Ils sont en pleine construction et ne se mettent pas de limites.  Ils souhaitent faire comme les autres et n&rsquo;anticipent pas leur fatigue. L&rsquo;adulte doit veiller \u00e0 ce que l&rsquo;enfant ou l&rsquo;adolescent ne s&rsquo;\u00e9puise pas inutilement et qu&rsquo;il puisse aller au bout de la t\u00e2che.<\/p>\n\n\n\n<p> Un suivi th\u00e9rapeutique est bas\u00e9 sur la confiance et demande un temps long. <strong>Un accompagnement \u00e0 la carte n\u2019est pas possible.<\/strong>&nbsp; Les objectifs ne pourront \u00eatre atteints qu&rsquo;apr\u00e8s un accompagnement r\u00e9gulier (1 \u00e0 2 fois par semaine ou encore 1 fois tous les 15j) et n\u00e9cessitent 30 s\u00e9ances en moyenne pour une ann\u00e9e. <\/p>\n\n\n\n<p>Les retards ou les difficult\u00e9s se r\u00e9solvent rapidement avec un suivi sur une \u00e0 deux ann\u00e9es en moyenne. Par contre, dans le trouble, il y aura toujours un d\u00e9calage qui persistera vis-\u00e0-vis des pairs. L&rsquo;enfant ou l&rsquo;adolescent progressera par rapport \u00e0 lui-m\u00eame notamment gr\u00e2ce \u00e0 une r\u00e9\u00e9ducation adapt\u00e9e sur plusieurs ann\u00e9es et des am\u00e9nagements scolaires ad\u00e9quats.<\/p>\n","protected":false},"excerpt":{"rendered":"<p>L&rsquo;enfant ou l&rsquo;adolescent est bien souvent dans le d\u00e9ni de ses troubles. Les enfants ou les adolescents ne sont pas tous capables de reconna\u00eetre leurs difficult\u00e9s et de les nommer. Ils sont en pleine construction et ne se mettent pas de limites. Ils souhaitent faire comme les autres et n&rsquo;anticipent pas leur fatigue. L&rsquo;adulte doit [&hellip;]<\/p>\n","protected":false},"author":1,"featured_media":0,"parent":0,"menu_order":0,"comment_status":"closed","ping_status":"closed","template":"","meta":{"footnotes":""},"class_list":["post-433","page","type-page","status-publish","hentry"],"yoast_head":"<!-- This site is optimized with the Yoast SEO plugin v27.4 - https:\/\/yoast.com\/product\/yoast-seo-wordpress\/ -->\n<title>Suivi &#8902; Vers la sant\u00e9, l&#039;\u00e9ducation et le bien-\u00eatre au quotidien<\/title>\n<meta name=\"robots\" content=\"index, follow, max-snippet:-1, max-image-preview:large, max-video-preview:-1\" \/>\n<link rel=\"canonical\" href=\"https:\/\/www.leoia.fr\/?page_id=433\" \/>\n<meta property=\"og:locale\" content=\"fr_FR\" \/>\n<meta property=\"og:type\" content=\"article\" \/>\n<meta property=\"og:title\" content=\"Suivi &#8902; Vers la sant\u00e9, l&#039;\u00e9ducation et le bien-\u00eatre au quotidien\" \/>\n<meta property=\"og:description\" content=\"L&rsquo;enfant ou l&rsquo;adolescent est bien souvent dans le d\u00e9ni de ses troubles. Les enfants ou les adolescents ne sont pas tous capables de reconna\u00eetre leurs difficult\u00e9s et de les nommer. Ils sont en pleine construction et ne se mettent pas de limites. Ils souhaitent faire comme les autres et n&rsquo;anticipent pas leur fatigue. L&rsquo;adulte doit [&hellip;]\" \/>\n<meta property=\"og:url\" content=\"https:\/\/www.leoia.fr\/?page_id=433\" \/>\n<meta property=\"og:site_name\" content=\"Vers la sant\u00e9, l&#039;\u00e9ducation et le bien-\u00eatre au quotidien\" \/>\n<meta property=\"article:modified_time\" content=\"2019-09-20T18:39:13+00:00\" \/>\n<meta name=\"twitter:card\" content=\"summary_large_image\" \/>\n<meta name=\"twitter:label1\" content=\"Dur\u00e9e de lecture estim\u00e9e\" \/>\n\t<meta name=\"twitter:data1\" content=\"1 minute\" \/>\n<script type=\"application\/ld+json\" class=\"yoast-schema-graph\">{\"@context\":\"https:\\\/\\\/schema.org\",\"@graph\":[{\"@type\":\"WebPage\",\"@id\":\"https:\\\/\\\/www.leoia.fr\\\/?page_id=433\",\"url\":\"https:\\\/\\\/www.leoia.fr\\\/?page_id=433\",\"name\":\"Suivi &#8902; Vers la sant\u00e9, l&#039;\u00e9ducation et le bien-\u00eatre au quotidien\",\"isPartOf\":{\"@id\":\"https:\\\/\\\/www.leoia.fr\\\/#website\"},\"datePublished\":\"2019-09-19T14:21:39+00:00\",\"dateModified\":\"2019-09-20T18:39:13+00:00\",\"breadcrumb\":{\"@id\":\"https:\\\/\\\/www.leoia.fr\\\/?page_id=433#breadcrumb\"},\"inLanguage\":\"fr-FR\",\"potentialAction\":[{\"@type\":\"ReadAction\",\"target\":[\"https:\\\/\\\/www.leoia.fr\\\/?page_id=433\"]}]},{\"@type\":\"BreadcrumbList\",\"@id\":\"https:\\\/\\\/www.leoia.fr\\\/?page_id=433#breadcrumb\",\"itemListElement\":[{\"@type\":\"ListItem\",\"position\":1,\"name\":\"Accueil\",\"item\":\"https:\\\/\\\/www.leoia.fr\\\/\"},{\"@type\":\"ListItem\",\"position\":2,\"name\":\"Suivi\"}]},{\"@type\":\"WebSite\",\"@id\":\"https:\\\/\\\/www.leoia.fr\\\/#website\",\"url\":\"https:\\\/\\\/www.leoia.fr\\\/\",\"name\":\"Vers le bien-\u00eatre au quotidien\",\"description\":\"L&#039;ErgOth\u00e9rapie, l&#039;Ind\u00e9pendance et l&#039;Autonomie\",\"publisher\":{\"@id\":\"https:\\\/\\\/www.leoia.fr\\\/#organization\"},\"potentialAction\":[{\"@type\":\"SearchAction\",\"target\":{\"@type\":\"EntryPoint\",\"urlTemplate\":\"https:\\\/\\\/www.leoia.fr\\\/?s={search_term_string}\"},\"query-input\":{\"@type\":\"PropertyValueSpecification\",\"valueRequired\":true,\"valueName\":\"search_term_string\"}}],\"inLanguage\":\"fr-FR\"},{\"@type\":\"Organization\",\"@id\":\"https:\\\/\\\/www.leoia.fr\\\/#organization\",\"name\":\"Leoia\",\"url\":\"https:\\\/\\\/www.leoia.fr\\\/\",\"logo\":{\"@type\":\"ImageObject\",\"inLanguage\":\"fr-FR\",\"@id\":\"https:\\\/\\\/www.leoia.fr\\\/#\\\/schema\\\/logo\\\/image\\\/\",\"url\":\"https:\\\/\\\/www.leoia.fr\\\/wp-content\\\/uploads\\\/2018\\\/05\\\/logo-Copie.jpg\",\"contentUrl\":\"https:\\\/\\\/www.leoia.fr\\\/wp-content\\\/uploads\\\/2018\\\/05\\\/logo-Copie.jpg\",\"width\":421,\"height\":298,\"caption\":\"Leoia\"},\"image\":{\"@id\":\"https:\\\/\\\/www.leoia.fr\\\/#\\\/schema\\\/logo\\\/image\\\/\"},\"sameAs\":[\"https:\\\/\\\/www.linkedin.com\\\/in\\\/antoine-coquillon-7a426260\\\/\"]}]}<\/script>\n<!-- \/ Yoast SEO plugin. -->","yoast_head_json":{"title":"Suivi &#8902; Vers la sant\u00e9, l&#039;\u00e9ducation et le bien-\u00eatre au quotidien","robots":{"index":"index","follow":"follow","max-snippet":"max-snippet:-1","max-image-preview":"max-image-preview:large","max-video-preview":"max-video-preview:-1"},"canonical":"https:\/\/www.leoia.fr\/?page_id=433","og_locale":"fr_FR","og_type":"article","og_title":"Suivi &#8902; Vers la sant\u00e9, l&#039;\u00e9ducation et le bien-\u00eatre au quotidien","og_description":"L&rsquo;enfant ou l&rsquo;adolescent est bien souvent dans le d\u00e9ni de ses troubles. Les enfants ou les adolescents ne sont pas tous capables de reconna\u00eetre leurs difficult\u00e9s et de les nommer. Ils sont en pleine construction et ne se mettent pas de limites. Ils souhaitent faire comme les autres et n&rsquo;anticipent pas leur fatigue. L&rsquo;adulte doit [&hellip;]","og_url":"https:\/\/www.leoia.fr\/?page_id=433","og_site_name":"Vers la sant\u00e9, l&#039;\u00e9ducation et le bien-\u00eatre au quotidien","article_modified_time":"2019-09-20T18:39:13+00:00","twitter_card":"summary_large_image","twitter_misc":{"Dur\u00e9e de lecture estim\u00e9e":"1 minute"},"schema":{"@context":"https:\/\/schema.org","@graph":[{"@type":"WebPage","@id":"https:\/\/www.leoia.fr\/?page_id=433","url":"https:\/\/www.leoia.fr\/?page_id=433","name":"Suivi &#8902; Vers la sant\u00e9, l&#039;\u00e9ducation et le bien-\u00eatre au quotidien","isPartOf":{"@id":"https:\/\/www.leoia.fr\/#website"},"datePublished":"2019-09-19T14:21:39+00:00","dateModified":"2019-09-20T18:39:13+00:00","breadcrumb":{"@id":"https:\/\/www.leoia.fr\/?page_id=433#breadcrumb"},"inLanguage":"fr-FR","potentialAction":[{"@type":"ReadAction","target":["https:\/\/www.leoia.fr\/?page_id=433"]}]},{"@type":"BreadcrumbList","@id":"https:\/\/www.leoia.fr\/?page_id=433#breadcrumb","itemListElement":[{"@type":"ListItem","position":1,"name":"Accueil","item":"https:\/\/www.leoia.fr\/"},{"@type":"ListItem","position":2,"name":"Suivi"}]},{"@type":"WebSite","@id":"https:\/\/www.leoia.fr\/#website","url":"https:\/\/www.leoia.fr\/","name":"Vers le bien-\u00eatre au quotidien","description":"L&#039;ErgOth\u00e9rapie, l&#039;Ind\u00e9pendance et l&#039;Autonomie","publisher":{"@id":"https:\/\/www.leoia.fr\/#organization"},"potentialAction":[{"@type":"SearchAction","target":{"@type":"EntryPoint","urlTemplate":"https:\/\/www.leoia.fr\/?s={search_term_string}"},"query-input":{"@type":"PropertyValueSpecification","valueRequired":true,"valueName":"search_term_string"}}],"inLanguage":"fr-FR"},{"@type":"Organization","@id":"https:\/\/www.leoia.fr\/#organization","name":"Leoia","url":"https:\/\/www.leoia.fr\/","logo":{"@type":"ImageObject","inLanguage":"fr-FR","@id":"https:\/\/www.leoia.fr\/#\/schema\/logo\/image\/","url":"https:\/\/www.leoia.fr\/wp-content\/uploads\/2018\/05\/logo-Copie.jpg","contentUrl":"https:\/\/www.leoia.fr\/wp-content\/uploads\/2018\/05\/logo-Copie.jpg","width":421,"height":298,"caption":"Leoia"},"image":{"@id":"https:\/\/www.leoia.fr\/#\/schema\/logo\/image\/"},"sameAs":["https:\/\/www.linkedin.com\/in\/antoine-coquillon-7a426260\/"]}]}},"jetpack_sharing_enabled":true,"_links":{"self":[{"href":"https:\/\/www.leoia.fr\/index.php?rest_route=\/wp\/v2\/pages\/433","targetHints":{"allow":["GET"]}}],"collection":[{"href":"https:\/\/www.leoia.fr\/index.php?rest_route=\/wp\/v2\/pages"}],"about":[{"href":"https:\/\/www.leoia.fr\/index.php?rest_route=\/wp\/v2\/types\/page"}],"author":[{"embeddable":true,"href":"https:\/\/www.leoia.fr\/index.php?rest_route=\/wp\/v2\/users\/1"}],"replies":[{"embeddable":true,"href":"https:\/\/www.leoia.fr\/index.php?rest_route=%2Fwp%2Fv2%2Fcomments&post=433"}],"version-history":[{"count":4,"href":"https:\/\/www.leoia.fr\/index.php?rest_route=\/wp\/v2\/pages\/433\/revisions"}],"predecessor-version":[{"id":451,"href":"https:\/\/www.leoia.fr\/index.php?rest_route=\/wp\/v2\/pages\/433\/revisions\/451"}],"wp:attachment":[{"href":"https:\/\/www.leoia.fr\/index.php?rest_route=%2Fwp%2Fv2%2Fmedia&parent=433"}],"curies":[{"name":"wp","href":"https:\/\/api.w.org\/{rel}","templated":true}]}}