{"id":30,"date":"2018-03-25T20:32:41","date_gmt":"2018-03-25T18:32:41","guid":{"rendered":"http:\/\/www.leoia.fr\/?page_id=30"},"modified":"2025-01-27T22:57:03","modified_gmt":"2025-01-27T21:57:03","slug":"contact","status":"publish","type":"page","link":"https:\/\/www.leoia.fr\/?page_id=30","title":{"rendered":"Cabinet"},"content":{"rendered":"\n<p><strong>Mon activit\u00e9 est suspendue depuis le 31\/12\/2021 compte tenu de la situation sanitaire li\u00e9e \u00e0 la Covid-19 et de l&rsquo;augmentation du prix de l&rsquo;essence.<\/strong><\/p>\n\n\n<h3><strong>Je m&rsquo;appelle Antoine Coquillon. <\/strong>Ergoth\u00e9rapeute avec une expertise de plus de 15 ans en r\u00e9\u00e9ducation, r\u00e9adaptation, am\u00e9nagement du logement et accompagnement des troubles des apprentissages. Exp\u00e9rience diversifi\u00e9e en milieu hospitalier, lib\u00e9ral, et institutionnel, ainsi qu&rsquo;une grande capacit\u00e9 d\u2019adaptation \u00e0 des publics vari\u00e9s (enfants, adultes, personnes \u00e2g\u00e9es). Comp\u00e9tences compl\u00e9mentaires en tant que formateur, ainsi qu&rsquo;en art-th\u00e9rapie, sophrologie, r\u00e9flexologie, hypnose et coordination de projets&#8230;<\/h3>\n<p><strong>Je r\u00e9alise r\u00e9guli\u00e8rement des formations compl\u00e9mentaires pour vous proposer un suivi optimal. Un professionnel comp\u00e9tent \u00e0 votre \u00e9coute.<\/strong><\/p>\n<h4>J&rsquo;effectue <strong>Bilan\/R\u00e9\u00e9ducation\/R\u00e9adaptation<\/strong><br \/>Enfants, Adultes, Personnes \u00e2g\u00e9es<\/h4>\n<p><strong>J&rsquo;interviens pour tout handicap:<\/strong> traumatisme cr\u00e2nien, infirme moteur c\u00e9r\u00e9bral, ancien pr\u00e9matur\u00e9, lombalgie, parapl\u00e9gie, t\u00e9trapl\u00e9gie, h\u00e9mipl\u00e9gie, h\u00e9mipar\u00e9sie, myopathie, d\u00e9mence, Parkinson, maladie de Charcot, scl\u00e9rose en plaques&#8230;<\/p>\n<p>Je travaille en coop\u00e9ration avec de nombreux partenaires : HAD, EHPAD, IME, MAS, architectes&#8230;<\/p>\n<p>Un \u00e9crit est transmis en milieu et en fin de prise en charge. Tous les \u00e9crits suppl\u00e9mentaires sont factur\u00e9s.<\/p>\n<h4><strong>Je r\u00e9alise aussi:<\/strong><\/h4>\n<ul>\n<li><strong>L&rsquo;accompagnement des difficult\u00e9s, retards ou troubles des apprentissages<\/strong><br \/>Haut potentiel, TDAH avec ou sans hyperactivit\u00e9, dyspraxie, dysgraphie, dyslexie, trisomie 21, maladies rares, d\u00e9ficience intellectuelle, TED ou TSA,\u2026\u00a0 \u00a0 \u00a0 \u00a0 \u00a0 \u00a0 \u00a0 \u00a0 \u00a0 \u00a0 \u00a0 \u00a0 \u00a0 \u00a0 \u00a0 \u00a0 \u00a0 \u00a0 \u00a0 \u00a0 \u00a0 \u00a0 \u00a0 \u00a0 \u00a0 \u00a0 \u00a0 \u00a0 \u00a0 \u00a0 \u00a0 \u00a0 \u00a0 \u00a0 \u00a0 \u00a0 \u00a0 \u00a0 <span style=\"color: #ff6600;\">D\u00e9tenteur du Dipl\u00f4me Universitaire Neuropsychologie de l&rsquo;Enfant et troubles de l&rsquo;Apprentissage.<\/span><\/li>\n<li><strong>L&rsquo;accompagnement d&rsquo;atteintes psychiques<\/strong><br \/>D\u00e9pression, perte d&rsquo;estime de soi, troubles anxieux, traumatismes, harc\u00e8lement scolaire,&#8230;<\/li>\n<li><strong>Des conseils en aides techniques et\/ou am\u00e9nagement du logement ou du poste de travail<\/strong><br \/>Pour am\u00e9liorer votre cadre de vie.<\/li>\n<li><strong>La formation aux gestes et postures<\/strong><\/li>\n<li><strong>Vacations (effectu\u00e9es pour le compte d\u2019une structure) possibles en fonction du nombre et du type de prise en charge<\/strong><\/li>\n<li><strong>Prestation aupr\u00e8s d\u2019entreprise pour la sensibilisation au port de charge et \u00e0 la manutention sur devis<\/strong><\/li>\n<li><strong>Sensibilisation des entreprises au handicap sur devis<\/strong><\/li>\n<li><strong>Conseil en accessibilit\u00e9 de locaux\u00a0 et de cheminement ( ex: R\u00e9alisation de conseils d&rsquo;am\u00e9nagements pour la R\u00e9sidence \u00eele verte \u00e0 St-Philbert-de-grand-lieu, 44, et d&rsquo;ensemble HLM \u00e0 Fontenay-sous-Bois, 94)<\/strong><\/li>\n<\/ul>\n<p><img loading=\"lazy\" decoding=\"async\" class=\"alignnone size-medium wp-image-169\" style=\"font-size: 1rem;\" src=\"http:\/\/www.leoia.fr\/wp-content\/uploads\/2018\/03\/ville-1-300x300.jpg\" alt=\"\" width=\"300\" height=\"300\" srcset=\"https:\/\/www.leoia.fr\/wp-content\/uploads\/2018\/03\/ville-1-300x300.jpg 300w, https:\/\/www.leoia.fr\/wp-content\/uploads\/2018\/03\/ville-1-150x150.jpg 150w, https:\/\/www.leoia.fr\/wp-content\/uploads\/2018\/03\/ville-1-144x144.jpg 144w, https:\/\/www.leoia.fr\/wp-content\/uploads\/2018\/03\/ville-1-100x100.jpg 100w, https:\/\/www.leoia.fr\/wp-content\/uploads\/2018\/03\/ville-1.jpg 752w\" sizes=\"auto, (max-width: 300px) 100vw, 300px\" \/><\/p>\n<h4><strong>Les prises en charge peuvent avoir lieu :<\/strong><br \/>-au cabinet;<br \/>-sur les lieux de vie: au domicile, \u00e0 l&rsquo;\u00e9cole, sur votre lieu de travail et en institution;<\/h4>\n<h2>&#8211;<strong>uniquement sur rendez-vous<\/strong>.<\/h2>\n<p><strong><u>Les secteurs couverts par mon cabinet sont\u00a0:<\/u><\/strong><\/p>\n<p>-La Vend\u00e9e (85);<br \/>-Le sud de la Loire Atlantique (44);<\/p>\n<p>-Le sud des Hauts-de-Seine (92).<\/p>\n\n\n<p><strong>Retrouvez-moi&nbsp;:<\/strong><\/p>\n\n\n\n<p>Antoine COQUILLON<br>Ergoth\u00e9rapeute D.E.<\/p>\n\n\n\n<p><br>D.U. Neuropsychologie de l&rsquo;Enfant et Troubles de l&rsquo;apprentissage<\/p>\n\n\n\n<p>Ergoth\u00e9rapeute Niveau Haute Ecole Sp\u00e9cialis\u00e9e, degr\u00e9 tertiaire (ISCED 6), Suisse<\/p>\n\n\n\n<p><strong>Adresse<\/strong><br><\/p>\n\n\n\n<p><strong>Heures d\u2019ouverture<\/strong><br><\/p>\n\n\n\n<p><strong>T\u00e9l\u00e9phone<\/strong><br><\/p>\n","protected":false},"excerpt":{"rendered":"<p>Mon activit\u00e9 est suspendue depuis le 31\/12\/2021 compte tenu de la situation sanitaire li\u00e9e \u00e0 la Covid-19 et de l&rsquo;augmentation du prix de l&rsquo;essence. Je m&rsquo;appelle Antoine Coquillon. Ergoth\u00e9rapeute avec une expertise de plus de 15 ans en r\u00e9\u00e9ducation, r\u00e9adaptation, am\u00e9nagement du logement et accompagnement des troubles des apprentissages. Exp\u00e9rience diversifi\u00e9e en milieu hospitalier, lib\u00e9ral, [&hellip;]<\/p>\n","protected":false},"author":1,"featured_media":68,"parent":0,"menu_order":0,"comment_status":"closed","ping_status":"closed","template":"","meta":{"footnotes":""},"class_list":["post-30","page","type-page","status-publish","has-post-thumbnail","hentry"],"yoast_head":"<!-- This site is optimized with the Yoast SEO plugin v27.4 - https:\/\/yoast.com\/product\/yoast-seo-wordpress\/ -->\n<title>Cabinet &#8902; Vers la sant\u00e9, l&#039;\u00e9ducation et le bien-\u00eatre au quotidien<\/title>\n<meta name=\"robots\" content=\"index, follow, max-snippet:-1, max-image-preview:large, max-video-preview:-1\" \/>\n<link rel=\"canonical\" href=\"https:\/\/www.leoia.fr\/?page_id=30\" \/>\n<meta property=\"og:locale\" content=\"fr_FR\" \/>\n<meta property=\"og:type\" content=\"article\" \/>\n<meta property=\"og:title\" content=\"Cabinet &#8902; Vers la sant\u00e9, l&#039;\u00e9ducation et le bien-\u00eatre au quotidien\" \/>\n<meta property=\"og:description\" content=\"Mon activit\u00e9 est suspendue depuis le 31\/12\/2021 compte tenu de la situation sanitaire li\u00e9e \u00e0 la Covid-19 et de l&rsquo;augmentation du prix de l&rsquo;essence. Je m&rsquo;appelle Antoine Coquillon. Ergoth\u00e9rapeute avec une expertise de plus de 15 ans en r\u00e9\u00e9ducation, r\u00e9adaptation, am\u00e9nagement du logement et accompagnement des troubles des apprentissages. Exp\u00e9rience diversifi\u00e9e en milieu hospitalier, lib\u00e9ral, [&hellip;]\" \/>\n<meta property=\"og:url\" content=\"https:\/\/www.leoia.fr\/?page_id=30\" \/>\n<meta property=\"og:site_name\" content=\"Vers la sant\u00e9, l&#039;\u00e9ducation et le bien-\u00eatre au quotidien\" \/>\n<meta property=\"article:modified_time\" content=\"2025-01-27T21:57:03+00:00\" \/>\n<meta property=\"og:image\" content=\"https:\/\/www.leoia.fr\/wp-content\/uploads\/2018\/03\/fin-1024x645.jpeg\" \/>\n\t<meta property=\"og:image:width\" content=\"1024\" \/>\n\t<meta property=\"og:image:height\" content=\"645\" \/>\n\t<meta property=\"og:image:type\" content=\"image\/jpeg\" \/>\n<meta name=\"twitter:card\" content=\"summary_large_image\" \/>\n<meta name=\"twitter:label1\" content=\"Dur\u00e9e de lecture estim\u00e9e\" \/>\n\t<meta name=\"twitter:data1\" content=\"3 minutes\" \/>\n<script type=\"application\/ld+json\" class=\"yoast-schema-graph\">{\"@context\":\"https:\\\/\\\/schema.org\",\"@graph\":[{\"@type\":\"WebPage\",\"@id\":\"https:\\\/\\\/www.leoia.fr\\\/?page_id=30\",\"url\":\"https:\\\/\\\/www.leoia.fr\\\/?page_id=30\",\"name\":\"Cabinet &#8902; Vers la sant\u00e9, l&#039;\u00e9ducation et le bien-\u00eatre au quotidien\",\"isPartOf\":{\"@id\":\"https:\\\/\\\/www.leoia.fr\\\/#website\"},\"primaryImageOfPage\":{\"@id\":\"https:\\\/\\\/www.leoia.fr\\\/?page_id=30#primaryimage\"},\"image\":{\"@id\":\"https:\\\/\\\/www.leoia.fr\\\/?page_id=30#primaryimage\"},\"thumbnailUrl\":\"https:\\\/\\\/www.leoia.fr\\\/wp-content\\\/uploads\\\/2018\\\/03\\\/fin.jpeg\",\"datePublished\":\"2018-03-25T18:32:41+00:00\",\"dateModified\":\"2025-01-27T21:57:03+00:00\",\"breadcrumb\":{\"@id\":\"https:\\\/\\\/www.leoia.fr\\\/?page_id=30#breadcrumb\"},\"inLanguage\":\"fr-FR\",\"potentialAction\":[{\"@type\":\"ReadAction\",\"target\":[\"https:\\\/\\\/www.leoia.fr\\\/?page_id=30\"]}]},{\"@type\":\"ImageObject\",\"inLanguage\":\"fr-FR\",\"@id\":\"https:\\\/\\\/www.leoia.fr\\\/?page_id=30#primaryimage\",\"url\":\"https:\\\/\\\/www.leoia.fr\\\/wp-content\\\/uploads\\\/2018\\\/03\\\/fin.jpeg\",\"contentUrl\":\"https:\\\/\\\/www.leoia.fr\\\/wp-content\\\/uploads\\\/2018\\\/03\\\/fin.jpeg\",\"width\":6848,\"height\":4316,\"caption\":\"Happy beauty woman in hat is back opened his hands, relaxes and enjoys the sunset over the sea on the beach\"},{\"@type\":\"BreadcrumbList\",\"@id\":\"https:\\\/\\\/www.leoia.fr\\\/?page_id=30#breadcrumb\",\"itemListElement\":[{\"@type\":\"ListItem\",\"position\":1,\"name\":\"Accueil\",\"item\":\"https:\\\/\\\/www.leoia.fr\\\/\"},{\"@type\":\"ListItem\",\"position\":2,\"name\":\"Cabinet\"}]},{\"@type\":\"WebSite\",\"@id\":\"https:\\\/\\\/www.leoia.fr\\\/#website\",\"url\":\"https:\\\/\\\/www.leoia.fr\\\/\",\"name\":\"Vers le bien-\u00eatre au quotidien\",\"description\":\"L&#039;ErgOth\u00e9rapie, l&#039;Ind\u00e9pendance et l&#039;Autonomie\",\"publisher\":{\"@id\":\"https:\\\/\\\/www.leoia.fr\\\/#organization\"},\"potentialAction\":[{\"@type\":\"SearchAction\",\"target\":{\"@type\":\"EntryPoint\",\"urlTemplate\":\"https:\\\/\\\/www.leoia.fr\\\/?s={search_term_string}\"},\"query-input\":{\"@type\":\"PropertyValueSpecification\",\"valueRequired\":true,\"valueName\":\"search_term_string\"}}],\"inLanguage\":\"fr-FR\"},{\"@type\":\"Organization\",\"@id\":\"https:\\\/\\\/www.leoia.fr\\\/#organization\",\"name\":\"Leoia\",\"url\":\"https:\\\/\\\/www.leoia.fr\\\/\",\"logo\":{\"@type\":\"ImageObject\",\"inLanguage\":\"fr-FR\",\"@id\":\"https:\\\/\\\/www.leoia.fr\\\/#\\\/schema\\\/logo\\\/image\\\/\",\"url\":\"https:\\\/\\\/www.leoia.fr\\\/wp-content\\\/uploads\\\/2018\\\/05\\\/logo-Copie.jpg\",\"contentUrl\":\"https:\\\/\\\/www.leoia.fr\\\/wp-content\\\/uploads\\\/2018\\\/05\\\/logo-Copie.jpg\",\"width\":421,\"height\":298,\"caption\":\"Leoia\"},\"image\":{\"@id\":\"https:\\\/\\\/www.leoia.fr\\\/#\\\/schema\\\/logo\\\/image\\\/\"},\"sameAs\":[\"https:\\\/\\\/www.linkedin.com\\\/in\\\/antoine-coquillon-7a426260\\\/\"]}]}<\/script>\n<!-- \/ Yoast SEO plugin. -->","yoast_head_json":{"title":"Cabinet &#8902; Vers la sant\u00e9, l&#039;\u00e9ducation et le bien-\u00eatre au quotidien","robots":{"index":"index","follow":"follow","max-snippet":"max-snippet:-1","max-image-preview":"max-image-preview:large","max-video-preview":"max-video-preview:-1"},"canonical":"https:\/\/www.leoia.fr\/?page_id=30","og_locale":"fr_FR","og_type":"article","og_title":"Cabinet &#8902; Vers la sant\u00e9, l&#039;\u00e9ducation et le bien-\u00eatre au quotidien","og_description":"Mon activit\u00e9 est suspendue depuis le 31\/12\/2021 compte tenu de la situation sanitaire li\u00e9e \u00e0 la Covid-19 et de l&rsquo;augmentation du prix de l&rsquo;essence. Je m&rsquo;appelle Antoine Coquillon. Ergoth\u00e9rapeute avec une expertise de plus de 15 ans en r\u00e9\u00e9ducation, r\u00e9adaptation, am\u00e9nagement du logement et accompagnement des troubles des apprentissages. Exp\u00e9rience diversifi\u00e9e en milieu hospitalier, lib\u00e9ral, [&hellip;]","og_url":"https:\/\/www.leoia.fr\/?page_id=30","og_site_name":"Vers la sant\u00e9, l&#039;\u00e9ducation et le bien-\u00eatre au quotidien","article_modified_time":"2025-01-27T21:57:03+00:00","og_image":[{"width":1024,"height":645,"url":"https:\/\/www.leoia.fr\/wp-content\/uploads\/2018\/03\/fin-1024x645.jpeg","type":"image\/jpeg"}],"twitter_card":"summary_large_image","twitter_misc":{"Dur\u00e9e de lecture estim\u00e9e":"3 minutes"},"schema":{"@context":"https:\/\/schema.org","@graph":[{"@type":"WebPage","@id":"https:\/\/www.leoia.fr\/?page_id=30","url":"https:\/\/www.leoia.fr\/?page_id=30","name":"Cabinet &#8902; Vers la sant\u00e9, l&#039;\u00e9ducation et le bien-\u00eatre au quotidien","isPartOf":{"@id":"https:\/\/www.leoia.fr\/#website"},"primaryImageOfPage":{"@id":"https:\/\/www.leoia.fr\/?page_id=30#primaryimage"},"image":{"@id":"https:\/\/www.leoia.fr\/?page_id=30#primaryimage"},"thumbnailUrl":"https:\/\/www.leoia.fr\/wp-content\/uploads\/2018\/03\/fin.jpeg","datePublished":"2018-03-25T18:32:41+00:00","dateModified":"2025-01-27T21:57:03+00:00","breadcrumb":{"@id":"https:\/\/www.leoia.fr\/?page_id=30#breadcrumb"},"inLanguage":"fr-FR","potentialAction":[{"@type":"ReadAction","target":["https:\/\/www.leoia.fr\/?page_id=30"]}]},{"@type":"ImageObject","inLanguage":"fr-FR","@id":"https:\/\/www.leoia.fr\/?page_id=30#primaryimage","url":"https:\/\/www.leoia.fr\/wp-content\/uploads\/2018\/03\/fin.jpeg","contentUrl":"https:\/\/www.leoia.fr\/wp-content\/uploads\/2018\/03\/fin.jpeg","width":6848,"height":4316,"caption":"Happy beauty woman in hat is back opened his hands, relaxes and enjoys the sunset over the sea on the beach"},{"@type":"BreadcrumbList","@id":"https:\/\/www.leoia.fr\/?page_id=30#breadcrumb","itemListElement":[{"@type":"ListItem","position":1,"name":"Accueil","item":"https:\/\/www.leoia.fr\/"},{"@type":"ListItem","position":2,"name":"Cabinet"}]},{"@type":"WebSite","@id":"https:\/\/www.leoia.fr\/#website","url":"https:\/\/www.leoia.fr\/","name":"Vers le bien-\u00eatre au quotidien","description":"L&#039;ErgOth\u00e9rapie, l&#039;Ind\u00e9pendance et l&#039;Autonomie","publisher":{"@id":"https:\/\/www.leoia.fr\/#organization"},"potentialAction":[{"@type":"SearchAction","target":{"@type":"EntryPoint","urlTemplate":"https:\/\/www.leoia.fr\/?s={search_term_string}"},"query-input":{"@type":"PropertyValueSpecification","valueRequired":true,"valueName":"search_term_string"}}],"inLanguage":"fr-FR"},{"@type":"Organization","@id":"https:\/\/www.leoia.fr\/#organization","name":"Leoia","url":"https:\/\/www.leoia.fr\/","logo":{"@type":"ImageObject","inLanguage":"fr-FR","@id":"https:\/\/www.leoia.fr\/#\/schema\/logo\/image\/","url":"https:\/\/www.leoia.fr\/wp-content\/uploads\/2018\/05\/logo-Copie.jpg","contentUrl":"https:\/\/www.leoia.fr\/wp-content\/uploads\/2018\/05\/logo-Copie.jpg","width":421,"height":298,"caption":"Leoia"},"image":{"@id":"https:\/\/www.leoia.fr\/#\/schema\/logo\/image\/"},"sameAs":["https:\/\/www.linkedin.com\/in\/antoine-coquillon-7a426260\/"]}]}},"jetpack_sharing_enabled":true,"_links":{"self":[{"href":"https:\/\/www.leoia.fr\/index.php?rest_route=\/wp\/v2\/pages\/30","targetHints":{"allow":["GET"]}}],"collection":[{"href":"https:\/\/www.leoia.fr\/index.php?rest_route=\/wp\/v2\/pages"}],"about":[{"href":"https:\/\/www.leoia.fr\/index.php?rest_route=\/wp\/v2\/types\/page"}],"author":[{"embeddable":true,"href":"https:\/\/www.leoia.fr\/index.php?rest_route=\/wp\/v2\/users\/1"}],"replies":[{"embeddable":true,"href":"https:\/\/www.leoia.fr\/index.php?rest_route=%2Fwp%2Fv2%2Fcomments&post=30"}],"version-history":[{"count":40,"href":"https:\/\/www.leoia.fr\/index.php?rest_route=\/wp\/v2\/pages\/30\/revisions"}],"predecessor-version":[{"id":673,"href":"https:\/\/www.leoia.fr\/index.php?rest_route=\/wp\/v2\/pages\/30\/revisions\/673"}],"wp:featuredmedia":[{"embeddable":true,"href":"https:\/\/www.leoia.fr\/index.php?rest_route=\/wp\/v2\/media\/68"}],"wp:attachment":[{"href":"https:\/\/www.leoia.fr\/index.php?rest_route=%2Fwp%2Fv2%2Fmedia&parent=30"}],"curies":[{"name":"wp","href":"https:\/\/api.w.org\/{rel}","templated":true}]}}