{"id":29,"date":"2018-03-25T20:07:33","date_gmt":"2018-03-25T18:07:33","guid":{"rendered":"http:\/\/www.leoia.fr\/?page_id=29"},"modified":"2018-05-21T11:19:08","modified_gmt":"2018-05-21T09:19:08","slug":"a-propos-des-differents-intervenants-aupres-de-lenfant","status":"publish","type":"page","link":"https:\/\/www.leoia.fr\/?page_id=29","title":{"rendered":"\u00c0 propos des diff\u00e9rents intervenants aupr\u00e8s de l&rsquo;enfant"},"content":{"rendered":"<h6><strong>L\u2019 orthoptiste<\/strong><\/h6>\n<p>L\u2019orthoptiste est un professionnel dont la vocation est le d\u00e9pistage, la r\u00e9\u00e9ducation, la r\u00e9adaptation et l\u2019exploration fonctionnelle des troubles de la vision et du regard. Au-del\u00e0 du contr\u00f4le de l\u2019acuit\u00e9 visuelle (pr\u00e9cision), il v\u00e9rifie les capacit\u00e9s de convergence (le fait que les deux yeux travaillent ensemble pour voir le m\u00eame objet), de poursuite visuelle (d\u00e9placement de l\u2019\u0153il de droite \u00e0 gauche et de haut en bas), etc. Son intervention se fait sur prescription m\u00e9dicale.<\/p>\n<h6><strong>L\u2019ergoth\u00e9rapeute<\/strong><\/h6>\n<p>Sp\u00e9cialiste de la r\u00e9\u00e9ducation du geste, l\u2019ergoth\u00e9rapeute aide votre enfant \u00e0 acqu\u00e9rir des strat\u00e9gies pour une plus grande autonomie en recourant \u00e0 diff\u00e9rentes techniques manuelles \u00e9l\u00e9mentaires. Il vous dispense \u00e9galement des conseils, ainsi qu\u2019\u00e0 votre enfant et \u00e0 son entourage scolaire, en vue d\u2019une meilleure adaptation de son environnement \u00e0 son trouble. Il intervient enfin dans la r\u00e9\u00e9ducation du graphisme (geste pour \u00e9crire), dans le choix des aides techniques (utilisation de claviers, de supports visuellement adapt\u00e9s, etc.) ainsi que dans la coordination \u0153il-main si cela est n\u00e9cessaire \u00e0 la lecture ou \u00e0 l\u2019\u00e9criture.<\/p>\n<h6><strong>Le psychomotricien<\/strong><\/h6>\n<p>Le psychomotricien s\u2019attache \u00e0 l\u2019articulation entre le corps et l\u2019esprit, qui permet l\u2019int\u00e9gration du sch\u00e9ma corporel (prise de conscience de son propre corps), la lat\u00e9ralisation (identification gauche\/droite) et le rep\u00e9rage dans l\u2019espace. Il peut apporter son concours au diagnostic et participer au projet d\u2019accompagnement de votre enfant.<\/p>\n<h6><strong>L\u2019orthophoniste<\/strong><\/h6>\n<p>L\u2019orthophoniste est un professionnel des troubles de la communication li\u00e9s \u00e0 la voix, \u00e0 la parole et au langage oral et \u00e9crit. Ses comp\u00e9tences peuvent \u00e9galement \u00eatre sollicit\u00e9es en mati\u00e8re de motricit\u00e9 buccofaciale. L\u2019intervention de l\u2019orthophoniste s\u2019articule en deux temps : une phase d\u2019\u00e9valuation, puis \u00e9ventuellement une phase de r\u00e9\u00e9ducation. Le bilan orthophonique est toujours r\u00e9alis\u00e9 \u00e0 la demande d\u2019un m\u00e9decin qui prescrira une r\u00e9\u00e9ducation, si elle est n\u00e9cessaire. Certains orthophonistes poss\u00e8dent une formation compl\u00e9mentaire sur les troubles des fonctions logicomath\u00e9matiques qui leur permet de prendre en charge la r\u00e9\u00e9ducation de ces fonctions.<\/p>\n<h6><strong>Source INPES (www.inpes.sante.fr)<\/strong><\/h6>\n","protected":false},"excerpt":{"rendered":"<p>L\u2019 orthoptiste L\u2019orthoptiste est un professionnel dont la vocation est le d\u00e9pistage, la r\u00e9\u00e9ducation, la r\u00e9adaptation et l\u2019exploration fonctionnelle des troubles de la vision et du regard. Au-del\u00e0 du contr\u00f4le de l\u2019acuit\u00e9 visuelle (pr\u00e9cision), il v\u00e9rifie les capacit\u00e9s de convergence (le fait que les deux yeux travaillent ensemble pour voir le m\u00eame objet), de poursuite [&hellip;]<\/p>\n","protected":false},"author":1,"featured_media":80,"parent":0,"menu_order":0,"comment_status":"closed","ping_status":"closed","template":"","meta":{"footnotes":""},"class_list":["post-29","page","type-page","status-publish","has-post-thumbnail","hentry"],"yoast_head":"<!-- This site is optimized with the Yoast SEO plugin v27.4 - https:\/\/yoast.com\/product\/yoast-seo-wordpress\/ -->\n<title>\u00c0 propos des diff\u00e9rents intervenants aupr\u00e8s de l&#039;enfant &#8902; Vers la sant\u00e9, l&#039;\u00e9ducation et le bien-\u00eatre au quotidien<\/title>\n<meta name=\"robots\" content=\"index, follow, max-snippet:-1, max-image-preview:large, max-video-preview:-1\" \/>\n<link rel=\"canonical\" href=\"https:\/\/www.leoia.fr\/?page_id=29\" \/>\n<meta property=\"og:locale\" content=\"fr_FR\" \/>\n<meta property=\"og:type\" content=\"article\" \/>\n<meta property=\"og:title\" content=\"\u00c0 propos des diff\u00e9rents intervenants aupr\u00e8s de l&#039;enfant &#8902; Vers la sant\u00e9, l&#039;\u00e9ducation et le bien-\u00eatre au quotidien\" \/>\n<meta property=\"og:description\" content=\"L\u2019 orthoptiste L\u2019orthoptiste est un professionnel dont la vocation est le d\u00e9pistage, la r\u00e9\u00e9ducation, la r\u00e9adaptation et l\u2019exploration fonctionnelle des troubles de la vision et du regard. Au-del\u00e0 du contr\u00f4le de l\u2019acuit\u00e9 visuelle (pr\u00e9cision), il v\u00e9rifie les capacit\u00e9s de convergence (le fait que les deux yeux travaillent ensemble pour voir le m\u00eame objet), de poursuite [&hellip;]\" \/>\n<meta property=\"og:url\" content=\"https:\/\/www.leoia.fr\/?page_id=29\" \/>\n<meta property=\"og:site_name\" content=\"Vers la sant\u00e9, l&#039;\u00e9ducation et le bien-\u00eatre au quotidien\" \/>\n<meta property=\"article:modified_time\" content=\"2018-05-21T09:19:08+00:00\" \/>\n<meta property=\"og:image\" content=\"https:\/\/www.leoia.fr\/wp-content\/uploads\/2018\/03\/Fotolia_58935644_L-1.jpg\" \/>\n\t<meta property=\"og:image:width\" content=\"1924\" \/>\n\t<meta property=\"og:image:height\" content=\"1924\" \/>\n\t<meta property=\"og:image:type\" content=\"image\/jpeg\" \/>\n<meta name=\"twitter:card\" content=\"summary_large_image\" \/>\n<meta name=\"twitter:label1\" content=\"Dur\u00e9e de lecture estim\u00e9e\" \/>\n\t<meta name=\"twitter:data1\" content=\"2 minutes\" \/>\n<script type=\"application\/ld+json\" class=\"yoast-schema-graph\">{\"@context\":\"https:\\\/\\\/schema.org\",\"@graph\":[{\"@type\":\"WebPage\",\"@id\":\"https:\\\/\\\/www.leoia.fr\\\/?page_id=29\",\"url\":\"https:\\\/\\\/www.leoia.fr\\\/?page_id=29\",\"name\":\"\u00c0 propos des diff\u00e9rents intervenants aupr\u00e8s de l'enfant &#8902; Vers la sant\u00e9, l&#039;\u00e9ducation et le bien-\u00eatre au quotidien\",\"isPartOf\":{\"@id\":\"https:\\\/\\\/www.leoia.fr\\\/#website\"},\"primaryImageOfPage\":{\"@id\":\"https:\\\/\\\/www.leoia.fr\\\/?page_id=29#primaryimage\"},\"image\":{\"@id\":\"https:\\\/\\\/www.leoia.fr\\\/?page_id=29#primaryimage\"},\"thumbnailUrl\":\"https:\\\/\\\/www.leoia.fr\\\/wp-content\\\/uploads\\\/2018\\\/03\\\/Fotolia_58935644_L-1.jpg\",\"datePublished\":\"2018-03-25T18:07:33+00:00\",\"dateModified\":\"2018-05-21T09:19:08+00:00\",\"breadcrumb\":{\"@id\":\"https:\\\/\\\/www.leoia.fr\\\/?page_id=29#breadcrumb\"},\"inLanguage\":\"fr-FR\",\"potentialAction\":[{\"@type\":\"ReadAction\",\"target\":[\"https:\\\/\\\/www.leoia.fr\\\/?page_id=29\"]}]},{\"@type\":\"ImageObject\",\"inLanguage\":\"fr-FR\",\"@id\":\"https:\\\/\\\/www.leoia.fr\\\/?page_id=29#primaryimage\",\"url\":\"https:\\\/\\\/www.leoia.fr\\\/wp-content\\\/uploads\\\/2018\\\/03\\\/Fotolia_58935644_L-1.jpg\",\"contentUrl\":\"https:\\\/\\\/www.leoia.fr\\\/wp-content\\\/uploads\\\/2018\\\/03\\\/Fotolia_58935644_L-1.jpg\",\"width\":1924,\"height\":1924,\"caption\":\"Mind map concept illustration design over a notebook\"},{\"@type\":\"BreadcrumbList\",\"@id\":\"https:\\\/\\\/www.leoia.fr\\\/?page_id=29#breadcrumb\",\"itemListElement\":[{\"@type\":\"ListItem\",\"position\":1,\"name\":\"Accueil\",\"item\":\"https:\\\/\\\/www.leoia.fr\\\/\"},{\"@type\":\"ListItem\",\"position\":2,\"name\":\"\u00c0 propos des diff\u00e9rents intervenants aupr\u00e8s de l&rsquo;enfant\"}]},{\"@type\":\"WebSite\",\"@id\":\"https:\\\/\\\/www.leoia.fr\\\/#website\",\"url\":\"https:\\\/\\\/www.leoia.fr\\\/\",\"name\":\"Vers le bien-\u00eatre au quotidien\",\"description\":\"L&#039;ErgOth\u00e9rapie, l&#039;Ind\u00e9pendance et l&#039;Autonomie\",\"publisher\":{\"@id\":\"https:\\\/\\\/www.leoia.fr\\\/#organization\"},\"potentialAction\":[{\"@type\":\"SearchAction\",\"target\":{\"@type\":\"EntryPoint\",\"urlTemplate\":\"https:\\\/\\\/www.leoia.fr\\\/?s={search_term_string}\"},\"query-input\":{\"@type\":\"PropertyValueSpecification\",\"valueRequired\":true,\"valueName\":\"search_term_string\"}}],\"inLanguage\":\"fr-FR\"},{\"@type\":\"Organization\",\"@id\":\"https:\\\/\\\/www.leoia.fr\\\/#organization\",\"name\":\"Leoia\",\"url\":\"https:\\\/\\\/www.leoia.fr\\\/\",\"logo\":{\"@type\":\"ImageObject\",\"inLanguage\":\"fr-FR\",\"@id\":\"https:\\\/\\\/www.leoia.fr\\\/#\\\/schema\\\/logo\\\/image\\\/\",\"url\":\"https:\\\/\\\/www.leoia.fr\\\/wp-content\\\/uploads\\\/2018\\\/05\\\/logo-Copie.jpg\",\"contentUrl\":\"https:\\\/\\\/www.leoia.fr\\\/wp-content\\\/uploads\\\/2018\\\/05\\\/logo-Copie.jpg\",\"width\":421,\"height\":298,\"caption\":\"Leoia\"},\"image\":{\"@id\":\"https:\\\/\\\/www.leoia.fr\\\/#\\\/schema\\\/logo\\\/image\\\/\"},\"sameAs\":[\"https:\\\/\\\/www.linkedin.com\\\/in\\\/antoine-coquillon-7a426260\\\/\"]}]}<\/script>\n<!-- \/ Yoast SEO plugin. -->","yoast_head_json":{"title":"\u00c0 propos des diff\u00e9rents intervenants aupr\u00e8s de l'enfant &#8902; Vers la sant\u00e9, l&#039;\u00e9ducation et le bien-\u00eatre au quotidien","robots":{"index":"index","follow":"follow","max-snippet":"max-snippet:-1","max-image-preview":"max-image-preview:large","max-video-preview":"max-video-preview:-1"},"canonical":"https:\/\/www.leoia.fr\/?page_id=29","og_locale":"fr_FR","og_type":"article","og_title":"\u00c0 propos des diff\u00e9rents intervenants aupr\u00e8s de l'enfant &#8902; Vers la sant\u00e9, l&#039;\u00e9ducation et le bien-\u00eatre au quotidien","og_description":"L\u2019 orthoptiste L\u2019orthoptiste est un professionnel dont la vocation est le d\u00e9pistage, la r\u00e9\u00e9ducation, la r\u00e9adaptation et l\u2019exploration fonctionnelle des troubles de la vision et du regard. Au-del\u00e0 du contr\u00f4le de l\u2019acuit\u00e9 visuelle (pr\u00e9cision), il v\u00e9rifie les capacit\u00e9s de convergence (le fait que les deux yeux travaillent ensemble pour voir le m\u00eame objet), de poursuite [&hellip;]","og_url":"https:\/\/www.leoia.fr\/?page_id=29","og_site_name":"Vers la sant\u00e9, l&#039;\u00e9ducation et le bien-\u00eatre au quotidien","article_modified_time":"2018-05-21T09:19:08+00:00","og_image":[{"width":1924,"height":1924,"url":"https:\/\/www.leoia.fr\/wp-content\/uploads\/2018\/03\/Fotolia_58935644_L-1.jpg","type":"image\/jpeg"}],"twitter_card":"summary_large_image","twitter_misc":{"Dur\u00e9e de lecture estim\u00e9e":"2 minutes"},"schema":{"@context":"https:\/\/schema.org","@graph":[{"@type":"WebPage","@id":"https:\/\/www.leoia.fr\/?page_id=29","url":"https:\/\/www.leoia.fr\/?page_id=29","name":"\u00c0 propos des diff\u00e9rents intervenants aupr\u00e8s de l'enfant &#8902; Vers la sant\u00e9, l&#039;\u00e9ducation et le bien-\u00eatre au quotidien","isPartOf":{"@id":"https:\/\/www.leoia.fr\/#website"},"primaryImageOfPage":{"@id":"https:\/\/www.leoia.fr\/?page_id=29#primaryimage"},"image":{"@id":"https:\/\/www.leoia.fr\/?page_id=29#primaryimage"},"thumbnailUrl":"https:\/\/www.leoia.fr\/wp-content\/uploads\/2018\/03\/Fotolia_58935644_L-1.jpg","datePublished":"2018-03-25T18:07:33+00:00","dateModified":"2018-05-21T09:19:08+00:00","breadcrumb":{"@id":"https:\/\/www.leoia.fr\/?page_id=29#breadcrumb"},"inLanguage":"fr-FR","potentialAction":[{"@type":"ReadAction","target":["https:\/\/www.leoia.fr\/?page_id=29"]}]},{"@type":"ImageObject","inLanguage":"fr-FR","@id":"https:\/\/www.leoia.fr\/?page_id=29#primaryimage","url":"https:\/\/www.leoia.fr\/wp-content\/uploads\/2018\/03\/Fotolia_58935644_L-1.jpg","contentUrl":"https:\/\/www.leoia.fr\/wp-content\/uploads\/2018\/03\/Fotolia_58935644_L-1.jpg","width":1924,"height":1924,"caption":"Mind map concept illustration design over a notebook"},{"@type":"BreadcrumbList","@id":"https:\/\/www.leoia.fr\/?page_id=29#breadcrumb","itemListElement":[{"@type":"ListItem","position":1,"name":"Accueil","item":"https:\/\/www.leoia.fr\/"},{"@type":"ListItem","position":2,"name":"\u00c0 propos des diff\u00e9rents intervenants aupr\u00e8s de l&rsquo;enfant"}]},{"@type":"WebSite","@id":"https:\/\/www.leoia.fr\/#website","url":"https:\/\/www.leoia.fr\/","name":"Vers le bien-\u00eatre au quotidien","description":"L&#039;ErgOth\u00e9rapie, l&#039;Ind\u00e9pendance et l&#039;Autonomie","publisher":{"@id":"https:\/\/www.leoia.fr\/#organization"},"potentialAction":[{"@type":"SearchAction","target":{"@type":"EntryPoint","urlTemplate":"https:\/\/www.leoia.fr\/?s={search_term_string}"},"query-input":{"@type":"PropertyValueSpecification","valueRequired":true,"valueName":"search_term_string"}}],"inLanguage":"fr-FR"},{"@type":"Organization","@id":"https:\/\/www.leoia.fr\/#organization","name":"Leoia","url":"https:\/\/www.leoia.fr\/","logo":{"@type":"ImageObject","inLanguage":"fr-FR","@id":"https:\/\/www.leoia.fr\/#\/schema\/logo\/image\/","url":"https:\/\/www.leoia.fr\/wp-content\/uploads\/2018\/05\/logo-Copie.jpg","contentUrl":"https:\/\/www.leoia.fr\/wp-content\/uploads\/2018\/05\/logo-Copie.jpg","width":421,"height":298,"caption":"Leoia"},"image":{"@id":"https:\/\/www.leoia.fr\/#\/schema\/logo\/image\/"},"sameAs":["https:\/\/www.linkedin.com\/in\/antoine-coquillon-7a426260\/"]}]}},"jetpack_sharing_enabled":true,"_links":{"self":[{"href":"https:\/\/www.leoia.fr\/index.php?rest_route=\/wp\/v2\/pages\/29","targetHints":{"allow":["GET"]}}],"collection":[{"href":"https:\/\/www.leoia.fr\/index.php?rest_route=\/wp\/v2\/pages"}],"about":[{"href":"https:\/\/www.leoia.fr\/index.php?rest_route=\/wp\/v2\/types\/page"}],"author":[{"embeddable":true,"href":"https:\/\/www.leoia.fr\/index.php?rest_route=\/wp\/v2\/users\/1"}],"replies":[{"embeddable":true,"href":"https:\/\/www.leoia.fr\/index.php?rest_route=%2Fwp%2Fv2%2Fcomments&post=29"}],"version-history":[{"count":3,"href":"https:\/\/www.leoia.fr\/index.php?rest_route=\/wp\/v2\/pages\/29\/revisions"}],"predecessor-version":[{"id":324,"href":"https:\/\/www.leoia.fr\/index.php?rest_route=\/wp\/v2\/pages\/29\/revisions\/324"}],"wp:featuredmedia":[{"embeddable":true,"href":"https:\/\/www.leoia.fr\/index.php?rest_route=\/wp\/v2\/media\/80"}],"wp:attachment":[{"href":"https:\/\/www.leoia.fr\/index.php?rest_route=%2Fwp%2Fv2%2Fmedia&parent=29"}],"curies":[{"name":"wp","href":"https:\/\/api.w.org\/{rel}","templated":true}]}}