{"id":28,"date":"2018-03-25T20:32:41","date_gmt":"2018-03-25T18:32:41","guid":{"rendered":"http:\/\/www.leoia.fr\/?page_id=28"},"modified":"2020-08-30T12:15:45","modified_gmt":"2020-08-30T10:15:45","slug":"accueil","status":"publish","type":"page","link":"https:\/\/www.leoia.fr\/?page_id=28","title":{"rendered":"Ergoth\u00e9rapie"},"content":{"rendered":"<h6>L&rsquo;ErgOth\u00e9rapie, l&rsquo;Ind\u00e9pendance et l&rsquo;Autonomie (LEOIA)<\/h6>\n<h6>L&rsquo;ergoth\u00e9rapeute est un professionnel de sant\u00e9 inscrit au Code de la sant\u00e9 publique : art. L&amp;R4331 et suivants. C\u2019est une profession param\u00e9dicale r\u00e9glement\u00e9e par un d\u00e9cret de comp\u00e9tence.<\/h6>\n<p>Ergo provient du grec Ergon qui signifie activit\u00e9. Il s\u2019agit d\u2019un soin par l\u2019activit\u00e9. L&rsquo;ergoth\u00e9rapeute permet \u00e0 la personne de maximiser son potentiel d\u2019ind\u00e9pendance et\/ou d\u2019autonomie dans le domaine personnel, social ou professionnel.<\/p>\n<p>L&rsquo;ergoth\u00e9rapie ou \u00ab\u00a0occupational therapy\u00a0\u00bb appara\u00eet d&rsquo;abord dans la sant\u00e9 mentale avant de se d\u00e9velopper dans le domaine de la r\u00e9adaptation et de la r\u00e9\u00e9ducation.<\/p>\n<p>L&rsquo;organisation mondiale de la sant\u00e9 et l&rsquo;influence des guerres mondiales favorisent l&rsquo;apparition de l&rsquo;ergoth\u00e9rapie en France dans les ann\u00e9es 1950. (Source ANFE)<\/p>\n<p>L\u2019ergoth\u00e9rapeute intervient dans les domaines sensoriels, moteurs, psychiques, cognitifs (troubles des apprentissages, difficult\u00e9s de communication\u2026), le domaine de l\u2019accessibilit\u00e9 du domicile, du lieu de travail\u2026 et dans tous les actes de votre vie quotidienne.<\/p>\n<h6>Il intervient \u00e0 tous les \u00e2ges de la vie aupr\u00e8s de personnes porteuses de difficult\u00e9s, de retards et de troubles physiques, psychiques ou intellectuels.<\/h6>\n<p>Il r\u00e9alise sous prescription m\u00e9dicale des bilans, de la stimulation, de la r\u00e9\u00e9ducation, des conseils adapt\u00e9s en aide technique (aide au repas, informatique,\u2026), en am\u00e9nagement du domicile et de l\u2019environnement.<\/p>\n<p>L\u2019ergoth\u00e9rapeute met en place un cadre th\u00e9rapeutique, il est attentif aux objectifs th\u00e9rapeutiques ainsi qu\u2019aux diff\u00e9rents m\u00e9diateurs propos\u00e9s.<\/p>\n<p>\u00ab C\u2019est en jouant, et seulement en jouant, que l\u2019individu, enfant ou adulte, est capable d\u2019\u00eatre cr\u00e9atif et d\u2019utiliser sa personnalit\u00e9 enti\u00e8re. C\u2019est seulement en \u00e9tant cr\u00e9atif que l\u2019individu d\u00e9couvre le soi .\u00bb (WINNICOTT)<\/p>\n<p>\u00ab On peut en savoir plus sur quelqu\u2019un en une heure de jeu qu\u2019en une ann\u00e9e de conversation. \u00bb<br \/>(PLATON)<\/p>\n\n\n<p><\/p>\n","protected":false},"excerpt":{"rendered":"<p>L&rsquo;ErgOth\u00e9rapie, l&rsquo;Ind\u00e9pendance et l&rsquo;Autonomie (LEOIA) L&rsquo;ergoth\u00e9rapeute est un professionnel de sant\u00e9 inscrit au Code de la sant\u00e9 publique : art. L&amp;R4331 et suivants. C\u2019est une profession param\u00e9dicale r\u00e9glement\u00e9e par un d\u00e9cret de comp\u00e9tence. Ergo provient du grec Ergon qui signifie activit\u00e9. Il s\u2019agit d\u2019un soin par l\u2019activit\u00e9. L&rsquo;ergoth\u00e9rapeute permet \u00e0 la personne de maximiser son [&hellip;]<\/p>\n","protected":false},"author":1,"featured_media":0,"parent":0,"menu_order":0,"comment_status":"closed","ping_status":"closed","template":"","meta":{"footnotes":""},"class_list":["post-28","page","type-page","status-publish","hentry"],"yoast_head":"<!-- This site is optimized with the Yoast SEO plugin v27.4 - https:\/\/yoast.com\/product\/yoast-seo-wordpress\/ -->\n<title>Ergoth\u00e9rapie &#8902; Vers la sant\u00e9, l&#039;\u00e9ducation et le bien-\u00eatre au quotidien<\/title>\n<meta name=\"robots\" content=\"index, follow, max-snippet:-1, max-image-preview:large, max-video-preview:-1\" \/>\n<link rel=\"canonical\" href=\"https:\/\/www.leoia.fr\/?page_id=28\" \/>\n<meta property=\"og:locale\" content=\"fr_FR\" \/>\n<meta property=\"og:type\" content=\"article\" \/>\n<meta property=\"og:title\" content=\"Ergoth\u00e9rapie &#8902; Vers la sant\u00e9, l&#039;\u00e9ducation et le bien-\u00eatre au quotidien\" \/>\n<meta property=\"og:description\" content=\"L&rsquo;ErgOth\u00e9rapie, l&rsquo;Ind\u00e9pendance et l&rsquo;Autonomie (LEOIA) L&rsquo;ergoth\u00e9rapeute est un professionnel de sant\u00e9 inscrit au Code de la sant\u00e9 publique : art. L&amp;R4331 et suivants. C\u2019est une profession param\u00e9dicale r\u00e9glement\u00e9e par un d\u00e9cret de comp\u00e9tence. Ergo provient du grec Ergon qui signifie activit\u00e9. Il s\u2019agit d\u2019un soin par l\u2019activit\u00e9. L&rsquo;ergoth\u00e9rapeute permet \u00e0 la personne de maximiser son [&hellip;]\" \/>\n<meta property=\"og:url\" content=\"https:\/\/www.leoia.fr\/?page_id=28\" \/>\n<meta property=\"og:site_name\" content=\"Vers la sant\u00e9, l&#039;\u00e9ducation et le bien-\u00eatre au quotidien\" \/>\n<meta property=\"article:modified_time\" content=\"2020-08-30T10:15:45+00:00\" \/>\n<meta name=\"twitter:card\" content=\"summary_large_image\" \/>\n<meta name=\"twitter:label1\" content=\"Dur\u00e9e de lecture estim\u00e9e\" \/>\n\t<meta name=\"twitter:data1\" content=\"2 minutes\" \/>\n<script type=\"application\/ld+json\" class=\"yoast-schema-graph\">{\"@context\":\"https:\\\/\\\/schema.org\",\"@graph\":[{\"@type\":\"WebPage\",\"@id\":\"https:\\\/\\\/www.leoia.fr\\\/?page_id=28\",\"url\":\"https:\\\/\\\/www.leoia.fr\\\/?page_id=28\",\"name\":\"Ergoth\u00e9rapie &#8902; Vers la sant\u00e9, l&#039;\u00e9ducation et le bien-\u00eatre au quotidien\",\"isPartOf\":{\"@id\":\"https:\\\/\\\/www.leoia.fr\\\/#website\"},\"datePublished\":\"2018-03-25T18:32:41+00:00\",\"dateModified\":\"2020-08-30T10:15:45+00:00\",\"breadcrumb\":{\"@id\":\"https:\\\/\\\/www.leoia.fr\\\/?page_id=28#breadcrumb\"},\"inLanguage\":\"fr-FR\",\"potentialAction\":[{\"@type\":\"ReadAction\",\"target\":[\"https:\\\/\\\/www.leoia.fr\\\/?page_id=28\"]}]},{\"@type\":\"BreadcrumbList\",\"@id\":\"https:\\\/\\\/www.leoia.fr\\\/?page_id=28#breadcrumb\",\"itemListElement\":[{\"@type\":\"ListItem\",\"position\":1,\"name\":\"Accueil\",\"item\":\"https:\\\/\\\/www.leoia.fr\\\/\"},{\"@type\":\"ListItem\",\"position\":2,\"name\":\"Ergoth\u00e9rapie\"}]},{\"@type\":\"WebSite\",\"@id\":\"https:\\\/\\\/www.leoia.fr\\\/#website\",\"url\":\"https:\\\/\\\/www.leoia.fr\\\/\",\"name\":\"Vers le bien-\u00eatre au quotidien\",\"description\":\"L&#039;ErgOth\u00e9rapie, l&#039;Ind\u00e9pendance et l&#039;Autonomie\",\"publisher\":{\"@id\":\"https:\\\/\\\/www.leoia.fr\\\/#organization\"},\"potentialAction\":[{\"@type\":\"SearchAction\",\"target\":{\"@type\":\"EntryPoint\",\"urlTemplate\":\"https:\\\/\\\/www.leoia.fr\\\/?s={search_term_string}\"},\"query-input\":{\"@type\":\"PropertyValueSpecification\",\"valueRequired\":true,\"valueName\":\"search_term_string\"}}],\"inLanguage\":\"fr-FR\"},{\"@type\":\"Organization\",\"@id\":\"https:\\\/\\\/www.leoia.fr\\\/#organization\",\"name\":\"Leoia\",\"url\":\"https:\\\/\\\/www.leoia.fr\\\/\",\"logo\":{\"@type\":\"ImageObject\",\"inLanguage\":\"fr-FR\",\"@id\":\"https:\\\/\\\/www.leoia.fr\\\/#\\\/schema\\\/logo\\\/image\\\/\",\"url\":\"https:\\\/\\\/www.leoia.fr\\\/wp-content\\\/uploads\\\/2018\\\/05\\\/logo-Copie.jpg\",\"contentUrl\":\"https:\\\/\\\/www.leoia.fr\\\/wp-content\\\/uploads\\\/2018\\\/05\\\/logo-Copie.jpg\",\"width\":421,\"height\":298,\"caption\":\"Leoia\"},\"image\":{\"@id\":\"https:\\\/\\\/www.leoia.fr\\\/#\\\/schema\\\/logo\\\/image\\\/\"},\"sameAs\":[\"https:\\\/\\\/www.linkedin.com\\\/in\\\/antoine-coquillon-7a426260\\\/\"]}]}<\/script>\n<!-- \/ Yoast SEO plugin. -->","yoast_head_json":{"title":"Ergoth\u00e9rapie &#8902; Vers la sant\u00e9, l&#039;\u00e9ducation et le bien-\u00eatre au quotidien","robots":{"index":"index","follow":"follow","max-snippet":"max-snippet:-1","max-image-preview":"max-image-preview:large","max-video-preview":"max-video-preview:-1"},"canonical":"https:\/\/www.leoia.fr\/?page_id=28","og_locale":"fr_FR","og_type":"article","og_title":"Ergoth\u00e9rapie &#8902; Vers la sant\u00e9, l&#039;\u00e9ducation et le bien-\u00eatre au quotidien","og_description":"L&rsquo;ErgOth\u00e9rapie, l&rsquo;Ind\u00e9pendance et l&rsquo;Autonomie (LEOIA) L&rsquo;ergoth\u00e9rapeute est un professionnel de sant\u00e9 inscrit au Code de la sant\u00e9 publique : art. L&amp;R4331 et suivants. C\u2019est une profession param\u00e9dicale r\u00e9glement\u00e9e par un d\u00e9cret de comp\u00e9tence. Ergo provient du grec Ergon qui signifie activit\u00e9. Il s\u2019agit d\u2019un soin par l\u2019activit\u00e9. L&rsquo;ergoth\u00e9rapeute permet \u00e0 la personne de maximiser son [&hellip;]","og_url":"https:\/\/www.leoia.fr\/?page_id=28","og_site_name":"Vers la sant\u00e9, l&#039;\u00e9ducation et le bien-\u00eatre au quotidien","article_modified_time":"2020-08-30T10:15:45+00:00","twitter_card":"summary_large_image","twitter_misc":{"Dur\u00e9e de lecture estim\u00e9e":"2 minutes"},"schema":{"@context":"https:\/\/schema.org","@graph":[{"@type":"WebPage","@id":"https:\/\/www.leoia.fr\/?page_id=28","url":"https:\/\/www.leoia.fr\/?page_id=28","name":"Ergoth\u00e9rapie &#8902; Vers la sant\u00e9, l&#039;\u00e9ducation et le bien-\u00eatre au quotidien","isPartOf":{"@id":"https:\/\/www.leoia.fr\/#website"},"datePublished":"2018-03-25T18:32:41+00:00","dateModified":"2020-08-30T10:15:45+00:00","breadcrumb":{"@id":"https:\/\/www.leoia.fr\/?page_id=28#breadcrumb"},"inLanguage":"fr-FR","potentialAction":[{"@type":"ReadAction","target":["https:\/\/www.leoia.fr\/?page_id=28"]}]},{"@type":"BreadcrumbList","@id":"https:\/\/www.leoia.fr\/?page_id=28#breadcrumb","itemListElement":[{"@type":"ListItem","position":1,"name":"Accueil","item":"https:\/\/www.leoia.fr\/"},{"@type":"ListItem","position":2,"name":"Ergoth\u00e9rapie"}]},{"@type":"WebSite","@id":"https:\/\/www.leoia.fr\/#website","url":"https:\/\/www.leoia.fr\/","name":"Vers le bien-\u00eatre au quotidien","description":"L&#039;ErgOth\u00e9rapie, l&#039;Ind\u00e9pendance et l&#039;Autonomie","publisher":{"@id":"https:\/\/www.leoia.fr\/#organization"},"potentialAction":[{"@type":"SearchAction","target":{"@type":"EntryPoint","urlTemplate":"https:\/\/www.leoia.fr\/?s={search_term_string}"},"query-input":{"@type":"PropertyValueSpecification","valueRequired":true,"valueName":"search_term_string"}}],"inLanguage":"fr-FR"},{"@type":"Organization","@id":"https:\/\/www.leoia.fr\/#organization","name":"Leoia","url":"https:\/\/www.leoia.fr\/","logo":{"@type":"ImageObject","inLanguage":"fr-FR","@id":"https:\/\/www.leoia.fr\/#\/schema\/logo\/image\/","url":"https:\/\/www.leoia.fr\/wp-content\/uploads\/2018\/05\/logo-Copie.jpg","contentUrl":"https:\/\/www.leoia.fr\/wp-content\/uploads\/2018\/05\/logo-Copie.jpg","width":421,"height":298,"caption":"Leoia"},"image":{"@id":"https:\/\/www.leoia.fr\/#\/schema\/logo\/image\/"},"sameAs":["https:\/\/www.linkedin.com\/in\/antoine-coquillon-7a426260\/"]}]}},"jetpack_sharing_enabled":true,"_links":{"self":[{"href":"https:\/\/www.leoia.fr\/index.php?rest_route=\/wp\/v2\/pages\/28","targetHints":{"allow":["GET"]}}],"collection":[{"href":"https:\/\/www.leoia.fr\/index.php?rest_route=\/wp\/v2\/pages"}],"about":[{"href":"https:\/\/www.leoia.fr\/index.php?rest_route=\/wp\/v2\/types\/page"}],"author":[{"embeddable":true,"href":"https:\/\/www.leoia.fr\/index.php?rest_route=\/wp\/v2\/users\/1"}],"replies":[{"embeddable":true,"href":"https:\/\/www.leoia.fr\/index.php?rest_route=%2Fwp%2Fv2%2Fcomments&post=28"}],"version-history":[{"count":12,"href":"https:\/\/www.leoia.fr\/index.php?rest_route=\/wp\/v2\/pages\/28\/revisions"}],"predecessor-version":[{"id":552,"href":"https:\/\/www.leoia.fr\/index.php?rest_route=\/wp\/v2\/pages\/28\/revisions\/552"}],"wp:attachment":[{"href":"https:\/\/www.leoia.fr\/index.php?rest_route=%2Fwp%2Fv2%2Fmedia&parent=28"}],"curies":[{"name":"wp","href":"https:\/\/api.w.org\/{rel}","templated":true}]}}