{"id":237,"date":"2018-04-15T23:43:24","date_gmt":"2018-04-15T21:43:24","guid":{"rendered":"http:\/\/www.leoia.fr\/?page_id=237"},"modified":"2022-01-31T22:46:07","modified_gmt":"2022-01-31T21:46:07","slug":"videos","status":"publish","type":"page","link":"https:\/\/www.leoia.fr\/?page_id=237","title":{"rendered":"Vid\u00e9os"},"content":{"rendered":"<p>Ces vid\u00e9os sont disponibles sur YouTube\u00ae, pour me suivre, n&rsquo;h\u00e9sitez pas \u00e0 vous abonner et ne pas manquer les derni\u00e8res vid\u00e9os. Ces vid\u00e9os sont gratuites pour vous faciliter la vie au quotidien, pour aider un proche ou pour aider votre enfant. Cliquez sur le titre d\u00e9sir\u00e9.<\/p>\n<ul>\n<li><strong><a href=\"https:\/\/www.youtube.com\/watch?v=kFZtEIrdA8c\">Conseils au quotidien<\/a><\/strong><\/li>\n<li><strong><a href=\"https:\/\/youtu.be\/GB6p6ARGXsM\">Les bonnes postures au quotidien<\/a><\/strong><\/li>\n<li><a href=\"https:\/\/youtu.be\/gOAduT40JE0\"><strong>Habillage et handicap<\/strong><\/a><\/li>\n<li><strong><a href=\"https:\/\/www.youtube.com\/watch?v=kHQk3eZYyGM&amp;t\">Restez en forme au quotidien<\/a><\/strong><\/li>\n<li><strong><a href=\"https:\/\/www.youtube.com\/watch?v=vTDNOze-3Xk\">Apprendre efficacement quel que soit votre \u00e2ge<\/a><\/strong><\/li>\n<li><strong><a href=\"https:\/\/youtu.be\/PnUIzDR36w4\">Apprendre facilement l&rsquo;heure<\/a><\/strong><\/li>\n<li><strong><a href=\"https:\/\/youtu.be\/irVeFgIgrx4\">Retrogaming et ergoth\u00e9rapie<\/a><\/strong><\/li>\n<li><strong><a href=\"https:\/\/youtu.be\/ZiEHBZMXxyk\">Souris scan et utilisation<\/a><\/strong><\/li>\n<li><strong><a href=\"https:\/\/youtu.be\/UEIbMP1KHPQ\">Origami : la grue<\/a><\/strong><\/li>\n<li><strong><a href=\"https:\/\/www.youtube.com\/watch?v=Ot-otMKxIwQ\">Origami : le cagniote<\/a><\/strong><\/li>\n<li><strong><a href=\"https:\/\/youtu.be\/T2JinYXrm0A\">Origami : le poussin<\/a><\/strong>\u00a0<\/li>\n<li><strong><a href=\"https:\/\/www.youtube.com\/watch?v=rgAqpgrg-xs\">Utilisation du fauteuil roulant manuel<\/a>. Le syst\u00e8me de conduite d\u00e9pendra de l&rsquo;atteinte de la personne et de ses possibilit\u00e9s fonctionnelles sans l&rsquo;intervention d&rsquo;un tiers.<\/strong><\/li>\n<li><strong><a href=\"https:\/\/www.youtube.com\/watch?v=UtJuM5gnmzA\">Transferts en fauteuil roulant manuel<\/a>. La vid\u00e9o traite du transfert lat\u00e9ral, oblique, frontal et de la planche de transfert sans l&rsquo;intervention d&rsquo;un tiers. Il s&rsquo;agit de rappeler que le transfert le plus s\u00e9curisant est le transfert lat\u00e9ral. Ces modes de transfert ne se limitent pas \u00e0 la parapl\u00e9gie compl\u00e8te. Il n&rsquo;est pas abord\u00e9 le transfert assis-debout plus facile d&rsquo;acc\u00e8s pour les personnes pr\u00e9sentant une station debout p\u00e9nible. Conna\u00eetre les diff\u00e9rents modes de transfert et de manutention est indispensable pour \u00e9tablir de bonnes propositions d&rsquo;am\u00e9nagement du logement. Le transfert lat\u00e9ral explique notamment le besoin d&rsquo;une zone d&rsquo;approche pour les WC de 1,3 m par 0,8 m.\u00a0<\/strong><\/li>\n<li><a href=\"https:\/\/youtu.be\/A8Fcuo8LP6U\"><strong>Conseil en am\u00e9nagement du domicile assist\u00e9 par ordinateur<\/strong><\/a><\/li>\n<li><a href=\"https:\/\/youtu.be\/WpDZipyEigI\"><strong>Relaxation guid\u00e9e : la plage<\/strong><\/a><\/li>\n<li><a href=\"https:\/\/youtu.be\/fyJhZy1QA3w\"><strong>Relaxation guid\u00e9e : le sous-bois<\/strong><\/a><\/li>\n<li><strong><a href=\"https:\/\/www.youtube.com\/watch?v=Dll6SPdKDc4\">Relaxation guid\u00e9e : la rivi\u00e8re<\/a><\/strong><\/li>\n<li><strong><a href=\"https:\/\/www.youtube.com\/watch?v=1S_xmRyXzkU\">La d\u00e9ficience visuelle au quotidien<\/a><\/strong><\/li>\n<li><a href=\"https:\/\/www.youtube.com\/watch?v=G7YIUKusHLM\"><strong>\u00c9crire au tableau<\/strong><\/a><\/li>\n<\/ul>\n<p>Pour les enfants:<\/p>\n<ul>\n<li><strong><a href=\"https:\/\/www.youtube.com\/watch?v=fYgC2nEKOy4\">La danse des lettres manuscrites minuscules<\/a><\/strong><\/li>\n<li><strong><a href=\"https:\/\/www.youtube.com\/watch?v=c6ChynefKHY\">La danse des chiffres<\/a><\/strong><\/li>\n<li><strong><a href=\"https:\/\/youtu.be\/4vjfxd6Xi3s\">Comment se moucher<\/a><\/strong><\/li>\n<li><strong><a href=\"https:\/\/www.youtube.com\/watch?v=aelQ2yj95Z8\">Des livres pour aider votre enfant<\/a><\/strong><\/li>\n<li><strong><a href=\"https:\/\/youtu.be\/-q70J-YiytI\">Utilisation et choix des outils scolaires notamment dans les troubles de l&rsquo;acquisition de la coordination<\/a><\/strong><\/li>\n<li><strong><a href=\"https:\/\/youtu.be\/PnUIzDR36w4\">Apprendre facilement l&rsquo;heure<\/a><\/strong><\/li>\n<li><strong><a href=\"https:\/\/youtu.be\/irVeFgIgrx4\">Retrogaming et ergoth\u00e9rapie<\/a><\/strong><\/li>\n<li><strong><a href=\"https:\/\/youtu.be\/ZiEHBZMXxyk\">Souris scan et utilisation<\/a><\/strong><\/li>\n<li><strong><a href=\"https:\/\/youtu.be\/UEIbMP1KHPQ\">Origami : la grue<\/a><\/strong><\/li>\n<li><strong><a href=\"https:\/\/www.youtube.com\/watch?v=Ot-otMKxIwQ\">Origami : le cagniote<\/a><\/strong><\/li>\n<li><strong><a href=\"https:\/\/youtu.be\/T2JinYXrm0A\">Origami : le poussin<\/a><\/strong>\u00a0<\/li>\n<li><a href=\"https:\/\/youtu.be\/IX0KAIwcEN4\"><strong>L&rsquo;agenda \u00e9lectronique<\/strong><\/a><\/li>\n<li><a href=\"https:\/\/youtu.be\/5m0iICGn510\"><strong>La po\u00e9sie assist\u00e9e par ordinateur<\/strong><\/a><\/li>\n<li><a href=\"https:\/\/youtu.be\/K1lMZDUP7DI\"><strong>La g\u00e9om\u00e9trie assist\u00e9e par ordinateur<\/strong><\/a><\/li>\n<li><a href=\"https:\/\/youtu.be\/d93MF7AUuWg\"><strong>Tableau de conversion<\/strong><\/a><\/li>\n<li><a href=\"https:\/\/www.youtube.com\/watch?v=1S_xmRyXzkU\"><strong>La d\u00e9ficience visuelle au quotidien<\/strong><\/a><\/li>\n<li><a href=\"https:\/\/www.youtube.com\/watch?v=G7YIUKusHLM\"><strong>\u00c9crire au tableau<\/strong><\/a><\/li>\n<li><a href=\"https:\/\/www.youtube.com\/watch?v=VHxuSAvaxq4\"><strong>Le rep\u00e9rage dans le temps<\/strong><\/a><\/li>\n<li><a href=\"https:\/\/www.youtube.com\/watch?v=G-tPSvK9Atc\"><strong>Le la\u00e7age au quotidien<\/strong><\/a><\/li>\n<li><a href=\"https:\/\/www.youtube.com\/watch?v=zJa9_txtXwY\"><strong>Cartes mentales ou heuristiques<\/strong><\/a><\/li>\n<li><a href=\"https:\/\/www.youtube.com\/watch?v=xy7RkP8f2kA\"><strong>Structurer son \u00e9crit<\/strong><\/a><\/li>\n<\/ul>\n<p>Pour les adultes:<\/p>\n<ul>\n<li><a href=\"https:\/\/www.youtube.com\/watch?v=Th7rIgymct0&amp;t\"><strong>Comprendre les troubles psychiques<\/strong><\/a><\/li>\n<li><strong><a href=\"https:\/\/youtu.be\/rpPl0h_R6DM\">Pervers narcissique au f\u00e9minin et au masculin<\/a><\/strong><\/li>\n<li><strong><a href=\"https:\/\/youtu.be\/UEIbMP1KHPQ\">Origami : la grue<\/a><\/strong><\/li>\n<li><strong><a href=\"https:\/\/www.youtube.com\/watch?v=Ot-otMKxIwQ\">Origami : le cagniote<\/a><\/strong><\/li>\n<li><strong><a href=\"https:\/\/youtu.be\/T2JinYXrm0A\">Origami : le poussin<\/a><\/strong>\u00a0<\/li>\n<li><a href=\"https:\/\/youtu.be\/A8Fcuo8LP6U\"><strong>Conseil en am\u00e9nagement du domicile assist\u00e9 par ordinateur<\/strong><\/a><\/li>\n<li><a href=\"https:\/\/youtu.be\/WpDZipyEigI\"><strong>Relaxation guid\u00e9e : la plage<\/strong><\/a><\/li>\n<li><a href=\"https:\/\/youtu.be\/fyJhZy1QA3w\"><strong>Relaxation guid\u00e9e : le sous-bois<\/strong><\/a><\/li>\n<li><a href=\"https:\/\/www.youtube.com\/watch?v=Dll6SPdKDc4\"><strong>Relaxation guid\u00e9e : la rivi\u00e8re<\/strong><\/a><\/li>\n<li><a href=\"https:\/\/youtu.be\/IX0KAIwcEN4\"><strong>L&rsquo;agenda \u00e9lectronique<\/strong><\/a><\/li>\n<li><a href=\"https:\/\/youtu.be\/5m0iICGn510\"><strong>La po\u00e9sie assist\u00e9e par ordinateur<\/strong><\/a><\/li>\n<li><a href=\"https:\/\/youtu.be\/yifu9nJ5g50\"><strong>La sexualit\u00e9 au quotidien<\/strong><\/a><\/li>\n<li><a href=\"https:\/\/www.youtube.com\/watch?v=1S_xmRyXzkU\"><strong>La d\u00e9ficience visuelle au quotidien<\/strong><\/a><\/li>\n<li><a href=\"https:\/\/www.youtube.com\/watch?v=G7YIUKusHLM\"><strong>\u00c9crire au tableau<\/strong><\/a><\/li>\n<li><a href=\"https:\/\/www.youtube.com\/watch?v=z1U0-bW8kH4\"><strong>Porter un enfant ou un b\u00e9b\u00e9<\/strong><\/a><\/li>\n<li><a href=\"https:\/\/www.youtube.com\/watch?v=G-tPSvK9Atc\"><strong>Le la\u00e7age au quotidien<\/strong><\/a><\/li>\n<li><a href=\"https:\/\/www.youtube.com\/watch?v=zJa9_txtXwY\"><strong>Cartes mentales ou heuristiques<\/strong><\/a><\/li>\n<li><a href=\"https:\/\/www.youtube.com\/watch?v=xy7RkP8f2kA\"><strong>Structurer son \u00e9crit<\/strong><\/a><\/li>\n<\/ul>\n<p>Pour les personnes \u00e2g\u00e9es:<\/p>\n<ul>\n<li><strong><a href=\"https:\/\/youtu.be\/DG7awQ4HxxY\">Se relever apr\u00e8s une chute<\/a><\/strong><\/li>\n<li><strong><a href=\"https:\/\/youtu.be\/kQpfUKC3qcM\">Alzheimer et accompagnement<\/a><\/strong><\/li>\n<li><a href=\"https:\/\/youtu.be\/UEIbMP1KHPQ\"><strong>Origami : la grue<\/strong><\/a><\/li>\n<li><strong><a href=\"https:\/\/www.youtube.com\/watch?v=Ot-otMKxIwQ\">Origami : le cagniote<\/a><\/strong><\/li>\n<li><strong><a href=\"https:\/\/youtu.be\/T2JinYXrm0A\">Origami : le poussin<\/a><\/strong>\u00a0<\/li>\n<li><a href=\"https:\/\/youtu.be\/A8Fcuo8LP6U\"><strong>Conseil en am\u00e9nagement du domicile assist\u00e9 par ordinateur<\/strong><\/a><\/li>\n<li><a href=\"https:\/\/youtu.be\/WpDZipyEigI\"><strong>Relaxation guid\u00e9e : la plage<\/strong><\/a><\/li>\n<li><a href=\"https:\/\/youtu.be\/fyJhZy1QA3w\"><strong>Relaxation guid\u00e9e : le sous-bois<\/strong><\/a><\/li>\n<li><a href=\"https:\/\/www.youtube.com\/watch?v=Dll6SPdKDc4\"><strong>Relaxation guid\u00e9e : la rivi\u00e8re<\/strong><\/a><\/li>\n<li><a href=\"https:\/\/youtu.be\/IX0KAIwcEN4\"><strong>L&rsquo;agenda \u00e9lectronique<\/strong><\/a><\/li>\n<li><a href=\"https:\/\/youtu.be\/5m0iICGn510\"><strong>La po\u00e9sie assist\u00e9e par ordinateur<\/strong><\/a><\/li>\n<li><a href=\"https:\/\/youtu.be\/yifu9nJ5g50\"><strong>La sexualit\u00e9 au quotidien<\/strong><\/a><\/li>\n<li><a href=\"https:\/\/www.youtube.com\/watch?v=1S_xmRyXzkU\"><strong>La d\u00e9ficience visuelle au quotidien<\/strong><\/a><\/li>\n<li><strong><a href=\"https:\/\/www.youtube.com\/watch?v=G7YIUKusHLM\">\u00c9crire au tableau<\/a><\/strong><\/li>\n<li><a href=\"https:\/\/www.youtube.com\/watch?v=z1U0-bW8kH4\"><strong>Porter un enfant ou un b\u00e9b\u00e9<\/strong><\/a><\/li>\n<li><a href=\"https:\/\/www.youtube.com\/watch?v=G-tPSvK9Atc\"><strong>Le la\u00e7age au quotidien<\/strong><\/a><\/li>\n<li><a href=\"https:\/\/www.youtube.com\/watch?v=xy7RkP8f2kA\"><strong>Structurer son \u00e9crit<\/strong><\/a><\/li>\n<li><strong>En cours&#8230;<\/strong><\/li>\n<\/ul>\n<p><strong>En anglais:<\/strong><\/p>\n<ul>\n<li><a href=\"https:\/\/youtu.be\/qcT_-DgBDCw\"><strong>Daily advice<\/strong><\/a><\/li>\n<li><a href=\"https:\/\/youtu.be\/FMNkjv1X4fA\"><strong>Facilitate the dressing<\/strong><\/a><\/li>\n<li><strong><a href=\"https:\/\/youtu.be\/I9pnm49N7ho\">Support Alzheimer&rsquo;s disease<\/a><\/strong><\/li>\n<li><strong>In progress&#8230;<\/strong><\/li>\n<\/ul>\n\n\n<p><\/p>\n","protected":false},"excerpt":{"rendered":"<p>Ces vid\u00e9os sont disponibles sur YouTube\u00ae, pour me suivre, n&rsquo;h\u00e9sitez pas \u00e0 vous abonner et ne pas manquer les derni\u00e8res vid\u00e9os. Ces vid\u00e9os sont gratuites pour vous faciliter la vie au quotidien, pour aider un proche ou pour aider votre enfant. Cliquez sur le titre d\u00e9sir\u00e9. Conseils au quotidien Les bonnes postures au quotidien Habillage [&hellip;]<\/p>\n","protected":false},"author":1,"featured_media":0,"parent":0,"menu_order":0,"comment_status":"closed","ping_status":"closed","template":"","meta":{"footnotes":""},"class_list":["post-237","page","type-page","status-publish","hentry"],"yoast_head":"<!-- This site is optimized with the Yoast SEO plugin v27.4 - https:\/\/yoast.com\/product\/yoast-seo-wordpress\/ -->\n<title>Vid\u00e9os &#8902; Vers la sant\u00e9, l&#039;\u00e9ducation et le bien-\u00eatre au quotidien<\/title>\n<meta name=\"robots\" content=\"index, follow, max-snippet:-1, max-image-preview:large, max-video-preview:-1\" \/>\n<link rel=\"canonical\" href=\"https:\/\/www.leoia.fr\/?page_id=237\" \/>\n<meta property=\"og:locale\" content=\"fr_FR\" \/>\n<meta property=\"og:type\" content=\"article\" \/>\n<meta property=\"og:title\" content=\"Vid\u00e9os &#8902; Vers la sant\u00e9, l&#039;\u00e9ducation et le bien-\u00eatre au quotidien\" \/>\n<meta property=\"og:description\" content=\"Ces vid\u00e9os sont disponibles sur YouTube\u00ae, pour me suivre, n&rsquo;h\u00e9sitez pas \u00e0 vous abonner et ne pas manquer les derni\u00e8res vid\u00e9os. Ces vid\u00e9os sont gratuites pour vous faciliter la vie au quotidien, pour aider un proche ou pour aider votre enfant. Cliquez sur le titre d\u00e9sir\u00e9. Conseils au quotidien Les bonnes postures au quotidien Habillage [&hellip;]\" \/>\n<meta property=\"og:url\" content=\"https:\/\/www.leoia.fr\/?page_id=237\" \/>\n<meta property=\"og:site_name\" content=\"Vers la sant\u00e9, l&#039;\u00e9ducation et le bien-\u00eatre au quotidien\" \/>\n<meta property=\"article:modified_time\" content=\"2022-01-31T21:46:07+00:00\" \/>\n<meta name=\"twitter:card\" content=\"summary_large_image\" \/>\n<meta name=\"twitter:label1\" content=\"Dur\u00e9e de lecture estim\u00e9e\" \/>\n\t<meta name=\"twitter:data1\" content=\"3 minutes\" \/>\n<script type=\"application\/ld+json\" class=\"yoast-schema-graph\">{\"@context\":\"https:\\\/\\\/schema.org\",\"@graph\":[{\"@type\":\"WebPage\",\"@id\":\"https:\\\/\\\/www.leoia.fr\\\/?page_id=237\",\"url\":\"https:\\\/\\\/www.leoia.fr\\\/?page_id=237\",\"name\":\"Vid\u00e9os &#8902; Vers la sant\u00e9, l&#039;\u00e9ducation et le bien-\u00eatre au quotidien\",\"isPartOf\":{\"@id\":\"https:\\\/\\\/www.leoia.fr\\\/#website\"},\"datePublished\":\"2018-04-15T21:43:24+00:00\",\"dateModified\":\"2022-01-31T21:46:07+00:00\",\"breadcrumb\":{\"@id\":\"https:\\\/\\\/www.leoia.fr\\\/?page_id=237#breadcrumb\"},\"inLanguage\":\"fr-FR\",\"potentialAction\":[{\"@type\":\"ReadAction\",\"target\":[\"https:\\\/\\\/www.leoia.fr\\\/?page_id=237\"]}]},{\"@type\":\"BreadcrumbList\",\"@id\":\"https:\\\/\\\/www.leoia.fr\\\/?page_id=237#breadcrumb\",\"itemListElement\":[{\"@type\":\"ListItem\",\"position\":1,\"name\":\"Accueil\",\"item\":\"https:\\\/\\\/www.leoia.fr\\\/\"},{\"@type\":\"ListItem\",\"position\":2,\"name\":\"Vid\u00e9os\"}]},{\"@type\":\"WebSite\",\"@id\":\"https:\\\/\\\/www.leoia.fr\\\/#website\",\"url\":\"https:\\\/\\\/www.leoia.fr\\\/\",\"name\":\"Vers le bien-\u00eatre au quotidien\",\"description\":\"L&#039;ErgOth\u00e9rapie, l&#039;Ind\u00e9pendance et l&#039;Autonomie\",\"publisher\":{\"@id\":\"https:\\\/\\\/www.leoia.fr\\\/#organization\"},\"potentialAction\":[{\"@type\":\"SearchAction\",\"target\":{\"@type\":\"EntryPoint\",\"urlTemplate\":\"https:\\\/\\\/www.leoia.fr\\\/?s={search_term_string}\"},\"query-input\":{\"@type\":\"PropertyValueSpecification\",\"valueRequired\":true,\"valueName\":\"search_term_string\"}}],\"inLanguage\":\"fr-FR\"},{\"@type\":\"Organization\",\"@id\":\"https:\\\/\\\/www.leoia.fr\\\/#organization\",\"name\":\"Leoia\",\"url\":\"https:\\\/\\\/www.leoia.fr\\\/\",\"logo\":{\"@type\":\"ImageObject\",\"inLanguage\":\"fr-FR\",\"@id\":\"https:\\\/\\\/www.leoia.fr\\\/#\\\/schema\\\/logo\\\/image\\\/\",\"url\":\"https:\\\/\\\/www.leoia.fr\\\/wp-content\\\/uploads\\\/2018\\\/05\\\/logo-Copie.jpg\",\"contentUrl\":\"https:\\\/\\\/www.leoia.fr\\\/wp-content\\\/uploads\\\/2018\\\/05\\\/logo-Copie.jpg\",\"width\":421,\"height\":298,\"caption\":\"Leoia\"},\"image\":{\"@id\":\"https:\\\/\\\/www.leoia.fr\\\/#\\\/schema\\\/logo\\\/image\\\/\"},\"sameAs\":[\"https:\\\/\\\/www.linkedin.com\\\/in\\\/antoine-coquillon-7a426260\\\/\"]}]}<\/script>\n<!-- \/ Yoast SEO plugin. -->","yoast_head_json":{"title":"Vid\u00e9os &#8902; Vers la sant\u00e9, l&#039;\u00e9ducation et le bien-\u00eatre au quotidien","robots":{"index":"index","follow":"follow","max-snippet":"max-snippet:-1","max-image-preview":"max-image-preview:large","max-video-preview":"max-video-preview:-1"},"canonical":"https:\/\/www.leoia.fr\/?page_id=237","og_locale":"fr_FR","og_type":"article","og_title":"Vid\u00e9os &#8902; Vers la sant\u00e9, l&#039;\u00e9ducation et le bien-\u00eatre au quotidien","og_description":"Ces vid\u00e9os sont disponibles sur YouTube\u00ae, pour me suivre, n&rsquo;h\u00e9sitez pas \u00e0 vous abonner et ne pas manquer les derni\u00e8res vid\u00e9os. Ces vid\u00e9os sont gratuites pour vous faciliter la vie au quotidien, pour aider un proche ou pour aider votre enfant. Cliquez sur le titre d\u00e9sir\u00e9. Conseils au quotidien Les bonnes postures au quotidien Habillage [&hellip;]","og_url":"https:\/\/www.leoia.fr\/?page_id=237","og_site_name":"Vers la sant\u00e9, l&#039;\u00e9ducation et le bien-\u00eatre au quotidien","article_modified_time":"2022-01-31T21:46:07+00:00","twitter_card":"summary_large_image","twitter_misc":{"Dur\u00e9e de lecture estim\u00e9e":"3 minutes"},"schema":{"@context":"https:\/\/schema.org","@graph":[{"@type":"WebPage","@id":"https:\/\/www.leoia.fr\/?page_id=237","url":"https:\/\/www.leoia.fr\/?page_id=237","name":"Vid\u00e9os &#8902; Vers la sant\u00e9, l&#039;\u00e9ducation et le bien-\u00eatre au quotidien","isPartOf":{"@id":"https:\/\/www.leoia.fr\/#website"},"datePublished":"2018-04-15T21:43:24+00:00","dateModified":"2022-01-31T21:46:07+00:00","breadcrumb":{"@id":"https:\/\/www.leoia.fr\/?page_id=237#breadcrumb"},"inLanguage":"fr-FR","potentialAction":[{"@type":"ReadAction","target":["https:\/\/www.leoia.fr\/?page_id=237"]}]},{"@type":"BreadcrumbList","@id":"https:\/\/www.leoia.fr\/?page_id=237#breadcrumb","itemListElement":[{"@type":"ListItem","position":1,"name":"Accueil","item":"https:\/\/www.leoia.fr\/"},{"@type":"ListItem","position":2,"name":"Vid\u00e9os"}]},{"@type":"WebSite","@id":"https:\/\/www.leoia.fr\/#website","url":"https:\/\/www.leoia.fr\/","name":"Vers le bien-\u00eatre au quotidien","description":"L&#039;ErgOth\u00e9rapie, l&#039;Ind\u00e9pendance et l&#039;Autonomie","publisher":{"@id":"https:\/\/www.leoia.fr\/#organization"},"potentialAction":[{"@type":"SearchAction","target":{"@type":"EntryPoint","urlTemplate":"https:\/\/www.leoia.fr\/?s={search_term_string}"},"query-input":{"@type":"PropertyValueSpecification","valueRequired":true,"valueName":"search_term_string"}}],"inLanguage":"fr-FR"},{"@type":"Organization","@id":"https:\/\/www.leoia.fr\/#organization","name":"Leoia","url":"https:\/\/www.leoia.fr\/","logo":{"@type":"ImageObject","inLanguage":"fr-FR","@id":"https:\/\/www.leoia.fr\/#\/schema\/logo\/image\/","url":"https:\/\/www.leoia.fr\/wp-content\/uploads\/2018\/05\/logo-Copie.jpg","contentUrl":"https:\/\/www.leoia.fr\/wp-content\/uploads\/2018\/05\/logo-Copie.jpg","width":421,"height":298,"caption":"Leoia"},"image":{"@id":"https:\/\/www.leoia.fr\/#\/schema\/logo\/image\/"},"sameAs":["https:\/\/www.linkedin.com\/in\/antoine-coquillon-7a426260\/"]}]}},"jetpack_sharing_enabled":true,"_links":{"self":[{"href":"https:\/\/www.leoia.fr\/index.php?rest_route=\/wp\/v2\/pages\/237","targetHints":{"allow":["GET"]}}],"collection":[{"href":"https:\/\/www.leoia.fr\/index.php?rest_route=\/wp\/v2\/pages"}],"about":[{"href":"https:\/\/www.leoia.fr\/index.php?rest_route=\/wp\/v2\/types\/page"}],"author":[{"embeddable":true,"href":"https:\/\/www.leoia.fr\/index.php?rest_route=\/wp\/v2\/users\/1"}],"replies":[{"embeddable":true,"href":"https:\/\/www.leoia.fr\/index.php?rest_route=%2Fwp%2Fv2%2Fcomments&post=237"}],"version-history":[{"count":39,"href":"https:\/\/www.leoia.fr\/index.php?rest_route=\/wp\/v2\/pages\/237\/revisions"}],"predecessor-version":[{"id":646,"href":"https:\/\/www.leoia.fr\/index.php?rest_route=\/wp\/v2\/pages\/237\/revisions\/646"}],"wp:attachment":[{"href":"https:\/\/www.leoia.fr\/index.php?rest_route=%2Fwp%2Fv2%2Fmedia&parent=237"}],"curies":[{"name":"wp","href":"https:\/\/api.w.org\/{rel}","templated":true}]}}