{"id":215,"date":"2018-04-14T15:54:39","date_gmt":"2018-04-14T13:54:39","guid":{"rendered":"http:\/\/www.leoia.fr\/?page_id=215"},"modified":"2020-08-30T12:31:39","modified_gmt":"2020-08-30T10:31:39","slug":"conseil-en-informatique","status":"publish","type":"page","link":"https:\/\/www.leoia.fr\/?page_id=215","title":{"rendered":"Outil informatique"},"content":{"rendered":"<p>L\u2019ergoth\u00e9rapeute apprendra \u00e0 votre enfant \u00e0 \u00eatre<strong> autonome vis-\u00e0-vis de l\u2019outil informatique<\/strong> en installant les logiciels n\u00e9cessaires en fonction de ses difficult\u00e9s. <strong>Il ne s&rsquo;agit pas simplement d&rsquo;apprendre \u00e0 utiliser un clavier cach\u00e9 !<\/strong><\/p>\n<p>Pour une installation optimale de l&rsquo;outil informatique, il faudra une prise en charge minimum de deux ans pour une utilisation structur\u00e9e et autonome de l\u2019outil informatique, ainsi qu&rsquo;une bonne inclusion en classe.<\/p>\n<p>Demandez conseil \u00e0 votre ergoth\u00e9rapeute ! Ne demandez pas l\u2019avis du voisin ! Chaque enfant est diff\u00e9rent ! Il en va de m\u00eame pour les logiciels et le choix m\u00eame de l\u2019ordinateur ! Plus vous installerez de logiciels et plus votre enfant sera perdu dans l&#8217;emploi de cet outil. Pr\u00e9f\u00e9rez notamment Railendar 2 comme agenda au lieu de K-plan qui est bien moins interactif.<\/p>\n<h6><strong>L\u2019utilisation de l\u2019ordinateur ne nuit pas \u00e0 l\u2019\u00e9criture manuelle !\u00a0<\/strong><\/h6>\n<p>Au contraire, l&rsquo;enfant saura mieux structurer ses phrases et gagnera en vocabulaire. Aucune r\u00e9gression de l\u2019\u00e9criture manuelle n\u2019a jamais \u00e9t\u00e9 observ\u00e9e, \u00e0 ce jour, \u00e0 cause de l\u2019emploi d\u2019un ordinateur.<\/p>\n<p>De plus, un ordinateur portable sera pr\u00e9f\u00e9rable \u00e0 une tablette (en fonction de difficult\u00e9s rencontr\u00e9es et des objectifs recherch\u00e9s). La frappe au clavier sera plus rapide qu\u2019une frappe sur tablette \u00e0 cause du manque de feedback tactile. La capacit\u00e9 de stockage d\u2019un ordinateur portable est plus importante et le transfert de donn\u00e9es est plus ais\u00e9 (par c\u00e9d\u00e9rom, cl\u00e9 USB, dropbox, cloud\u2026)<\/p>\n<p>D&rsquo;autre part, vous avez la possibilit\u00e9 de num\u00e9riser des documents en PDF gr\u00e2ce \u00e0 une souris scan pour le primaire et le coll\u00e8ge. Pour le lyc\u00e9e, un smartphone peut \u00eatre utilis\u00e9.<\/p>\n<p>Enfin, il est important de privil\u00e9gier l\u2019usage de la souris ou du TrackBall et de d\u00e9sactiver le touchpad qui peut nuire \u00e0 la prise de notes. Il est maintenant ais\u00e9 sur Windows 10 de d\u00e9sactiver le touchpad quand la souris est connect\u00e9e. Autre chose, <strong>le pav\u00e9 num\u00e9rique n&rsquo;est pas indispensable<\/strong>. Il oblige \u00e0 prendre un ordinateur portable plus grand.<\/p>\n<p><strong>L\u2019ordinateur doit \u00eatre utilis\u00e9 en classe pour que l\u2019enfant l\u2019investisse.<\/strong> Utilisez son propre ordinateur portable l&rsquo;aidera \u00e0 s&rsquo;organiser en ayant son syst\u00e8me d&rsquo;organisation des donn\u00e9es personnalis\u00e9, ses logiciels adapt\u00e9s personnalis\u00e9s et un syst\u00e8me d&rsquo;exploitation connu et ma\u00eetris\u00e9. Les am\u00e9nagements scolaires doivent \u00eatre utilis\u00e9s <strong>conjointement<\/strong> avec l\u2019ordinateur portable en classe. C\u2019est \u00e0 l\u2019adulte qu\u2019il appartient de lui rappeler de s\u2019en servir.<\/p>\n","protected":false},"excerpt":{"rendered":"<p>L\u2019ergoth\u00e9rapeute apprendra \u00e0 votre enfant \u00e0 \u00eatre autonome vis-\u00e0-vis de l\u2019outil informatique en installant les logiciels n\u00e9cessaires en fonction de ses difficult\u00e9s. Il ne s&rsquo;agit pas simplement d&rsquo;apprendre \u00e0 utiliser un clavier cach\u00e9 ! Pour une installation optimale de l&rsquo;outil informatique, il faudra une prise en charge minimum de deux ans pour une utilisation structur\u00e9e [&hellip;]<\/p>\n","protected":false},"author":1,"featured_media":0,"parent":0,"menu_order":0,"comment_status":"closed","ping_status":"closed","template":"","meta":{"footnotes":""},"class_list":["post-215","page","type-page","status-publish","hentry"],"yoast_head":"<!-- This site is optimized with the Yoast SEO plugin v27.4 - https:\/\/yoast.com\/product\/yoast-seo-wordpress\/ -->\n<title>Outil informatique &#8902; Vers la sant\u00e9, l&#039;\u00e9ducation et le bien-\u00eatre au quotidien<\/title>\n<meta name=\"robots\" content=\"index, follow, max-snippet:-1, max-image-preview:large, max-video-preview:-1\" \/>\n<link rel=\"canonical\" href=\"https:\/\/www.leoia.fr\/?page_id=215\" \/>\n<meta property=\"og:locale\" content=\"fr_FR\" \/>\n<meta property=\"og:type\" content=\"article\" \/>\n<meta property=\"og:title\" content=\"Outil informatique &#8902; Vers la sant\u00e9, l&#039;\u00e9ducation et le bien-\u00eatre au quotidien\" \/>\n<meta property=\"og:description\" content=\"L\u2019ergoth\u00e9rapeute apprendra \u00e0 votre enfant \u00e0 \u00eatre autonome vis-\u00e0-vis de l\u2019outil informatique en installant les logiciels n\u00e9cessaires en fonction de ses difficult\u00e9s. Il ne s&rsquo;agit pas simplement d&rsquo;apprendre \u00e0 utiliser un clavier cach\u00e9 ! Pour une installation optimale de l&rsquo;outil informatique, il faudra une prise en charge minimum de deux ans pour une utilisation structur\u00e9e [&hellip;]\" \/>\n<meta property=\"og:url\" content=\"https:\/\/www.leoia.fr\/?page_id=215\" \/>\n<meta property=\"og:site_name\" content=\"Vers la sant\u00e9, l&#039;\u00e9ducation et le bien-\u00eatre au quotidien\" \/>\n<meta property=\"article:modified_time\" content=\"2020-08-30T10:31:39+00:00\" \/>\n<meta name=\"twitter:card\" content=\"summary_large_image\" \/>\n<meta name=\"twitter:label1\" content=\"Dur\u00e9e de lecture estim\u00e9e\" \/>\n\t<meta name=\"twitter:data1\" content=\"2 minutes\" \/>\n<script type=\"application\/ld+json\" class=\"yoast-schema-graph\">{\"@context\":\"https:\\\/\\\/schema.org\",\"@graph\":[{\"@type\":\"WebPage\",\"@id\":\"https:\\\/\\\/www.leoia.fr\\\/?page_id=215\",\"url\":\"https:\\\/\\\/www.leoia.fr\\\/?page_id=215\",\"name\":\"Outil informatique &#8902; Vers la sant\u00e9, l&#039;\u00e9ducation et le bien-\u00eatre au quotidien\",\"isPartOf\":{\"@id\":\"https:\\\/\\\/www.leoia.fr\\\/#website\"},\"datePublished\":\"2018-04-14T13:54:39+00:00\",\"dateModified\":\"2020-08-30T10:31:39+00:00\",\"breadcrumb\":{\"@id\":\"https:\\\/\\\/www.leoia.fr\\\/?page_id=215#breadcrumb\"},\"inLanguage\":\"fr-FR\",\"potentialAction\":[{\"@type\":\"ReadAction\",\"target\":[\"https:\\\/\\\/www.leoia.fr\\\/?page_id=215\"]}]},{\"@type\":\"BreadcrumbList\",\"@id\":\"https:\\\/\\\/www.leoia.fr\\\/?page_id=215#breadcrumb\",\"itemListElement\":[{\"@type\":\"ListItem\",\"position\":1,\"name\":\"Accueil\",\"item\":\"https:\\\/\\\/www.leoia.fr\\\/\"},{\"@type\":\"ListItem\",\"position\":2,\"name\":\"Outil informatique\"}]},{\"@type\":\"WebSite\",\"@id\":\"https:\\\/\\\/www.leoia.fr\\\/#website\",\"url\":\"https:\\\/\\\/www.leoia.fr\\\/\",\"name\":\"Vers le bien-\u00eatre au quotidien\",\"description\":\"L&#039;ErgOth\u00e9rapie, l&#039;Ind\u00e9pendance et l&#039;Autonomie\",\"publisher\":{\"@id\":\"https:\\\/\\\/www.leoia.fr\\\/#organization\"},\"potentialAction\":[{\"@type\":\"SearchAction\",\"target\":{\"@type\":\"EntryPoint\",\"urlTemplate\":\"https:\\\/\\\/www.leoia.fr\\\/?s={search_term_string}\"},\"query-input\":{\"@type\":\"PropertyValueSpecification\",\"valueRequired\":true,\"valueName\":\"search_term_string\"}}],\"inLanguage\":\"fr-FR\"},{\"@type\":\"Organization\",\"@id\":\"https:\\\/\\\/www.leoia.fr\\\/#organization\",\"name\":\"Leoia\",\"url\":\"https:\\\/\\\/www.leoia.fr\\\/\",\"logo\":{\"@type\":\"ImageObject\",\"inLanguage\":\"fr-FR\",\"@id\":\"https:\\\/\\\/www.leoia.fr\\\/#\\\/schema\\\/logo\\\/image\\\/\",\"url\":\"https:\\\/\\\/www.leoia.fr\\\/wp-content\\\/uploads\\\/2018\\\/05\\\/logo-Copie.jpg\",\"contentUrl\":\"https:\\\/\\\/www.leoia.fr\\\/wp-content\\\/uploads\\\/2018\\\/05\\\/logo-Copie.jpg\",\"width\":421,\"height\":298,\"caption\":\"Leoia\"},\"image\":{\"@id\":\"https:\\\/\\\/www.leoia.fr\\\/#\\\/schema\\\/logo\\\/image\\\/\"},\"sameAs\":[\"https:\\\/\\\/www.linkedin.com\\\/in\\\/antoine-coquillon-7a426260\\\/\"]}]}<\/script>\n<!-- \/ Yoast SEO plugin. -->","yoast_head_json":{"title":"Outil informatique &#8902; Vers la sant\u00e9, l&#039;\u00e9ducation et le bien-\u00eatre au quotidien","robots":{"index":"index","follow":"follow","max-snippet":"max-snippet:-1","max-image-preview":"max-image-preview:large","max-video-preview":"max-video-preview:-1"},"canonical":"https:\/\/www.leoia.fr\/?page_id=215","og_locale":"fr_FR","og_type":"article","og_title":"Outil informatique &#8902; Vers la sant\u00e9, l&#039;\u00e9ducation et le bien-\u00eatre au quotidien","og_description":"L\u2019ergoth\u00e9rapeute apprendra \u00e0 votre enfant \u00e0 \u00eatre autonome vis-\u00e0-vis de l\u2019outil informatique en installant les logiciels n\u00e9cessaires en fonction de ses difficult\u00e9s. Il ne s&rsquo;agit pas simplement d&rsquo;apprendre \u00e0 utiliser un clavier cach\u00e9 ! Pour une installation optimale de l&rsquo;outil informatique, il faudra une prise en charge minimum de deux ans pour une utilisation structur\u00e9e [&hellip;]","og_url":"https:\/\/www.leoia.fr\/?page_id=215","og_site_name":"Vers la sant\u00e9, l&#039;\u00e9ducation et le bien-\u00eatre au quotidien","article_modified_time":"2020-08-30T10:31:39+00:00","twitter_card":"summary_large_image","twitter_misc":{"Dur\u00e9e de lecture estim\u00e9e":"2 minutes"},"schema":{"@context":"https:\/\/schema.org","@graph":[{"@type":"WebPage","@id":"https:\/\/www.leoia.fr\/?page_id=215","url":"https:\/\/www.leoia.fr\/?page_id=215","name":"Outil informatique &#8902; Vers la sant\u00e9, l&#039;\u00e9ducation et le bien-\u00eatre au quotidien","isPartOf":{"@id":"https:\/\/www.leoia.fr\/#website"},"datePublished":"2018-04-14T13:54:39+00:00","dateModified":"2020-08-30T10:31:39+00:00","breadcrumb":{"@id":"https:\/\/www.leoia.fr\/?page_id=215#breadcrumb"},"inLanguage":"fr-FR","potentialAction":[{"@type":"ReadAction","target":["https:\/\/www.leoia.fr\/?page_id=215"]}]},{"@type":"BreadcrumbList","@id":"https:\/\/www.leoia.fr\/?page_id=215#breadcrumb","itemListElement":[{"@type":"ListItem","position":1,"name":"Accueil","item":"https:\/\/www.leoia.fr\/"},{"@type":"ListItem","position":2,"name":"Outil informatique"}]},{"@type":"WebSite","@id":"https:\/\/www.leoia.fr\/#website","url":"https:\/\/www.leoia.fr\/","name":"Vers le bien-\u00eatre au quotidien","description":"L&#039;ErgOth\u00e9rapie, l&#039;Ind\u00e9pendance et l&#039;Autonomie","publisher":{"@id":"https:\/\/www.leoia.fr\/#organization"},"potentialAction":[{"@type":"SearchAction","target":{"@type":"EntryPoint","urlTemplate":"https:\/\/www.leoia.fr\/?s={search_term_string}"},"query-input":{"@type":"PropertyValueSpecification","valueRequired":true,"valueName":"search_term_string"}}],"inLanguage":"fr-FR"},{"@type":"Organization","@id":"https:\/\/www.leoia.fr\/#organization","name":"Leoia","url":"https:\/\/www.leoia.fr\/","logo":{"@type":"ImageObject","inLanguage":"fr-FR","@id":"https:\/\/www.leoia.fr\/#\/schema\/logo\/image\/","url":"https:\/\/www.leoia.fr\/wp-content\/uploads\/2018\/05\/logo-Copie.jpg","contentUrl":"https:\/\/www.leoia.fr\/wp-content\/uploads\/2018\/05\/logo-Copie.jpg","width":421,"height":298,"caption":"Leoia"},"image":{"@id":"https:\/\/www.leoia.fr\/#\/schema\/logo\/image\/"},"sameAs":["https:\/\/www.linkedin.com\/in\/antoine-coquillon-7a426260\/"]}]}},"jetpack_sharing_enabled":true,"_links":{"self":[{"href":"https:\/\/www.leoia.fr\/index.php?rest_route=\/wp\/v2\/pages\/215","targetHints":{"allow":["GET"]}}],"collection":[{"href":"https:\/\/www.leoia.fr\/index.php?rest_route=\/wp\/v2\/pages"}],"about":[{"href":"https:\/\/www.leoia.fr\/index.php?rest_route=\/wp\/v2\/types\/page"}],"author":[{"embeddable":true,"href":"https:\/\/www.leoia.fr\/index.php?rest_route=\/wp\/v2\/users\/1"}],"replies":[{"embeddable":true,"href":"https:\/\/www.leoia.fr\/index.php?rest_route=%2Fwp%2Fv2%2Fcomments&post=215"}],"version-history":[{"count":9,"href":"https:\/\/www.leoia.fr\/index.php?rest_route=\/wp\/v2\/pages\/215\/revisions"}],"predecessor-version":[{"id":556,"href":"https:\/\/www.leoia.fr\/index.php?rest_route=\/wp\/v2\/pages\/215\/revisions\/556"}],"wp:attachment":[{"href":"https:\/\/www.leoia.fr\/index.php?rest_route=%2Fwp%2Fv2%2Fmedia&parent=215"}],"curies":[{"name":"wp","href":"https:\/\/api.w.org\/{rel}","templated":true}]}}