{"id":184,"date":"2018-03-27T09:26:03","date_gmt":"2018-03-27T07:26:03","guid":{"rendered":"http:\/\/www.leoia.fr\/?page_id=184"},"modified":"2020-11-06T11:42:12","modified_gmt":"2020-11-06T10:42:12","slug":"liens-utiles","status":"publish","type":"page","link":"https:\/\/www.leoia.fr\/?page_id=184","title":{"rendered":"Liens utiles"},"content":{"rendered":"<h6>Le m\u00e9tier d\u2019ergoth\u00e9rapeute par Nicolas Biard<\/h6>\n<p><iframe loading=\"lazy\" title=\"M\u00e9tier : Ergotherapeute\" width=\"500\" height=\"281\" src=\"https:\/\/www.youtube.com\/embed\/7OccfuHd97w?feature=oembed\" frameborder=\"0\" allow=\"accelerometer; autoplay; clipboard-write; encrypted-media; gyroscope; picture-in-picture; web-share\" referrerpolicy=\"strict-origin-when-cross-origin\" allowfullscreen><\/iframe><\/p>\n<h6>La cl\u00e9 de l\u2019ergoth\u00e9rapie<\/h6>\n<p><iframe loading=\"lazy\" title=\"La cl\u00e9 de l&#039;ergoth\u00e9rapie\" width=\"500\" height=\"281\" src=\"https:\/\/www.youtube.com\/embed\/N9BjgP3lph8?feature=oembed\" frameborder=\"0\" allow=\"accelerometer; autoplay; clipboard-write; encrypted-media; gyroscope; picture-in-picture; web-share\" referrerpolicy=\"strict-origin-when-cross-origin\" allowfullscreen><\/iframe><\/p>\n<h6><a href=\"http:\/\/www.geppe.free.fr\">Le Groupe d\u2019\u00c9changes des Pratiques P\u00e9diatriques en Ergoth\u00e9rapie<\/a><\/h6>\n<h6><a href=\"http:\/\/www.anfe.fr\">ANFE (Association Nationale Fran\u00e7aise des Ergoth\u00e9rapeutes)<\/a><\/h6>\n<p>34, avenue Aristide Briand,\u00a0 94\u00a0110 ARCUEIL<\/p>\n<p>T\u00e9l. 01.49.85.12.60<\/p>\n<h6><a href=\"http:\/\/www.synfel-ergolib.fr\">SYNFEL (Syndicat National Fran\u00e7ais des Ergoth\u00e9rapeutes Lib\u00e9raux)<\/a><\/h6>\n<p>17, avenue Paul Santy, 69008 LYON<\/p>\n<h6><a href=\"http:\/\/afeg.asso.fr\/\">AFEG (Association Fran\u00e7aise des Ergoth\u00e9rapeutes en G\u00e9riatrie)<\/a><\/h6>\n<h6><a href=\"http:\/\/www.ergopsy.com\">Site sur l&rsquo;ergoth\u00e9rapie en psychiatrie<\/a><\/h6>\n<p>Site sur le maintien \u00e0 domicile: <a href=\"http:\/\/www.bonjoursenior.fr\">bonjoursenior.fr<\/a><\/p>\n<p><img loading=\"lazy\" decoding=\"async\" class=\"alignnone size-medium wp-image-576\" src=\"https:\/\/www.leoia.fr\/wp-content\/uploads\/2020\/11\/Bonjour-Senior-300x183.jpg\" alt=\"\" width=\"300\" height=\"183\" srcset=\"https:\/\/www.leoia.fr\/wp-content\/uploads\/2020\/11\/Bonjour-Senior-300x183.jpg 300w, https:\/\/www.leoia.fr\/wp-content\/uploads\/2020\/11\/Bonjour-Senior-1024x623.jpg 1024w, https:\/\/www.leoia.fr\/wp-content\/uploads\/2020\/11\/Bonjour-Senior-768x467.jpg 768w, https:\/\/www.leoia.fr\/wp-content\/uploads\/2020\/11\/Bonjour-Senior-1536x935.jpg 1536w, https:\/\/www.leoia.fr\/wp-content\/uploads\/2020\/11\/Bonjour-Senior-2048x1246.jpg 2048w\" sizes=\"auto, (max-width: 300px) 100vw, 300px\" \/><\/p>\n","protected":false},"excerpt":{"rendered":"<p>Le m\u00e9tier d\u2019ergoth\u00e9rapeute par Nicolas Biard La cl\u00e9 de l\u2019ergoth\u00e9rapie Le Groupe d\u2019\u00c9changes des Pratiques P\u00e9diatriques en Ergoth\u00e9rapie ANFE (Association Nationale Fran\u00e7aise des Ergoth\u00e9rapeutes) 34, avenue Aristide Briand,\u00a0 94\u00a0110 ARCUEIL T\u00e9l. 01.49.85.12.60 SYNFEL (Syndicat National Fran\u00e7ais des Ergoth\u00e9rapeutes Lib\u00e9raux) 17, avenue Paul Santy, 69008 LYON AFEG (Association Fran\u00e7aise des Ergoth\u00e9rapeutes en G\u00e9riatrie) Site sur l&rsquo;ergoth\u00e9rapie [&hellip;]<\/p>\n","protected":false},"author":1,"featured_media":0,"parent":0,"menu_order":0,"comment_status":"closed","ping_status":"closed","template":"","meta":{"footnotes":""},"class_list":["post-184","page","type-page","status-publish","hentry"],"yoast_head":"<!-- This site is optimized with the Yoast SEO plugin v27.4 - https:\/\/yoast.com\/product\/yoast-seo-wordpress\/ -->\n<title>Liens utiles &#8902; Vers la sant\u00e9, l&#039;\u00e9ducation et le bien-\u00eatre au quotidien<\/title>\n<meta name=\"robots\" content=\"index, follow, max-snippet:-1, max-image-preview:large, max-video-preview:-1\" \/>\n<link rel=\"canonical\" href=\"https:\/\/www.leoia.fr\/?page_id=184\" \/>\n<meta property=\"og:locale\" content=\"fr_FR\" \/>\n<meta property=\"og:type\" content=\"article\" \/>\n<meta property=\"og:title\" content=\"Liens utiles &#8902; Vers la sant\u00e9, l&#039;\u00e9ducation et le bien-\u00eatre au quotidien\" \/>\n<meta property=\"og:description\" content=\"Le m\u00e9tier d\u2019ergoth\u00e9rapeute par Nicolas Biard La cl\u00e9 de l\u2019ergoth\u00e9rapie Le Groupe d\u2019\u00c9changes des Pratiques P\u00e9diatriques en Ergoth\u00e9rapie ANFE (Association Nationale Fran\u00e7aise des Ergoth\u00e9rapeutes) 34, avenue Aristide Briand,\u00a0 94\u00a0110 ARCUEIL T\u00e9l. 01.49.85.12.60 SYNFEL (Syndicat National Fran\u00e7ais des Ergoth\u00e9rapeutes Lib\u00e9raux) 17, avenue Paul Santy, 69008 LYON AFEG (Association Fran\u00e7aise des Ergoth\u00e9rapeutes en G\u00e9riatrie) Site sur l&rsquo;ergoth\u00e9rapie [&hellip;]\" \/>\n<meta property=\"og:url\" content=\"https:\/\/www.leoia.fr\/?page_id=184\" \/>\n<meta property=\"og:site_name\" content=\"Vers la sant\u00e9, l&#039;\u00e9ducation et le bien-\u00eatre au quotidien\" \/>\n<meta property=\"article:modified_time\" content=\"2020-11-06T10:42:12+00:00\" \/>\n<meta property=\"og:image\" content=\"https:\/\/www.leoia.fr\/wp-content\/uploads\/2020\/11\/Bonjour-Senior-300x183.jpg\" \/>\n<meta name=\"twitter:card\" content=\"summary_large_image\" \/>\n<script type=\"application\/ld+json\" class=\"yoast-schema-graph\">{\"@context\":\"https:\\\/\\\/schema.org\",\"@graph\":[{\"@type\":\"WebPage\",\"@id\":\"https:\\\/\\\/www.leoia.fr\\\/?page_id=184\",\"url\":\"https:\\\/\\\/www.leoia.fr\\\/?page_id=184\",\"name\":\"Liens utiles &#8902; Vers la sant\u00e9, l&#039;\u00e9ducation et le bien-\u00eatre au quotidien\",\"isPartOf\":{\"@id\":\"https:\\\/\\\/www.leoia.fr\\\/#website\"},\"primaryImageOfPage\":{\"@id\":\"https:\\\/\\\/www.leoia.fr\\\/?page_id=184#primaryimage\"},\"image\":{\"@id\":\"https:\\\/\\\/www.leoia.fr\\\/?page_id=184#primaryimage\"},\"thumbnailUrl\":\"https:\\\/\\\/www.leoia.fr\\\/wp-content\\\/uploads\\\/2020\\\/11\\\/Bonjour-Senior-300x183.jpg\",\"datePublished\":\"2018-03-27T07:26:03+00:00\",\"dateModified\":\"2020-11-06T10:42:12+00:00\",\"breadcrumb\":{\"@id\":\"https:\\\/\\\/www.leoia.fr\\\/?page_id=184#breadcrumb\"},\"inLanguage\":\"fr-FR\",\"potentialAction\":[{\"@type\":\"ReadAction\",\"target\":[\"https:\\\/\\\/www.leoia.fr\\\/?page_id=184\"]}]},{\"@type\":\"ImageObject\",\"inLanguage\":\"fr-FR\",\"@id\":\"https:\\\/\\\/www.leoia.fr\\\/?page_id=184#primaryimage\",\"url\":\"https:\\\/\\\/www.leoia.fr\\\/wp-content\\\/uploads\\\/2020\\\/11\\\/Bonjour-Senior.jpg\",\"contentUrl\":\"https:\\\/\\\/www.leoia.fr\\\/wp-content\\\/uploads\\\/2020\\\/11\\\/Bonjour-Senior.jpg\",\"width\":2301,\"height\":1400},{\"@type\":\"BreadcrumbList\",\"@id\":\"https:\\\/\\\/www.leoia.fr\\\/?page_id=184#breadcrumb\",\"itemListElement\":[{\"@type\":\"ListItem\",\"position\":1,\"name\":\"Accueil\",\"item\":\"https:\\\/\\\/www.leoia.fr\\\/\"},{\"@type\":\"ListItem\",\"position\":2,\"name\":\"Liens utiles\"}]},{\"@type\":\"WebSite\",\"@id\":\"https:\\\/\\\/www.leoia.fr\\\/#website\",\"url\":\"https:\\\/\\\/www.leoia.fr\\\/\",\"name\":\"Vers le bien-\u00eatre au quotidien\",\"description\":\"L&#039;ErgOth\u00e9rapie, l&#039;Ind\u00e9pendance et l&#039;Autonomie\",\"publisher\":{\"@id\":\"https:\\\/\\\/www.leoia.fr\\\/#organization\"},\"potentialAction\":[{\"@type\":\"SearchAction\",\"target\":{\"@type\":\"EntryPoint\",\"urlTemplate\":\"https:\\\/\\\/www.leoia.fr\\\/?s={search_term_string}\"},\"query-input\":{\"@type\":\"PropertyValueSpecification\",\"valueRequired\":true,\"valueName\":\"search_term_string\"}}],\"inLanguage\":\"fr-FR\"},{\"@type\":\"Organization\",\"@id\":\"https:\\\/\\\/www.leoia.fr\\\/#organization\",\"name\":\"Leoia\",\"url\":\"https:\\\/\\\/www.leoia.fr\\\/\",\"logo\":{\"@type\":\"ImageObject\",\"inLanguage\":\"fr-FR\",\"@id\":\"https:\\\/\\\/www.leoia.fr\\\/#\\\/schema\\\/logo\\\/image\\\/\",\"url\":\"https:\\\/\\\/www.leoia.fr\\\/wp-content\\\/uploads\\\/2018\\\/05\\\/logo-Copie.jpg\",\"contentUrl\":\"https:\\\/\\\/www.leoia.fr\\\/wp-content\\\/uploads\\\/2018\\\/05\\\/logo-Copie.jpg\",\"width\":421,\"height\":298,\"caption\":\"Leoia\"},\"image\":{\"@id\":\"https:\\\/\\\/www.leoia.fr\\\/#\\\/schema\\\/logo\\\/image\\\/\"},\"sameAs\":[\"https:\\\/\\\/www.linkedin.com\\\/in\\\/antoine-coquillon-7a426260\\\/\"]}]}<\/script>\n<!-- \/ Yoast SEO plugin. -->","yoast_head_json":{"title":"Liens utiles &#8902; Vers la sant\u00e9, l&#039;\u00e9ducation et le bien-\u00eatre au quotidien","robots":{"index":"index","follow":"follow","max-snippet":"max-snippet:-1","max-image-preview":"max-image-preview:large","max-video-preview":"max-video-preview:-1"},"canonical":"https:\/\/www.leoia.fr\/?page_id=184","og_locale":"fr_FR","og_type":"article","og_title":"Liens utiles &#8902; Vers la sant\u00e9, l&#039;\u00e9ducation et le bien-\u00eatre au quotidien","og_description":"Le m\u00e9tier d\u2019ergoth\u00e9rapeute par Nicolas Biard La cl\u00e9 de l\u2019ergoth\u00e9rapie Le Groupe d\u2019\u00c9changes des Pratiques P\u00e9diatriques en Ergoth\u00e9rapie ANFE (Association Nationale Fran\u00e7aise des Ergoth\u00e9rapeutes) 34, avenue Aristide Briand,\u00a0 94\u00a0110 ARCUEIL T\u00e9l. 01.49.85.12.60 SYNFEL (Syndicat National Fran\u00e7ais des Ergoth\u00e9rapeutes Lib\u00e9raux) 17, avenue Paul Santy, 69008 LYON AFEG (Association Fran\u00e7aise des Ergoth\u00e9rapeutes en G\u00e9riatrie) Site sur l&rsquo;ergoth\u00e9rapie [&hellip;]","og_url":"https:\/\/www.leoia.fr\/?page_id=184","og_site_name":"Vers la sant\u00e9, l&#039;\u00e9ducation et le bien-\u00eatre au quotidien","article_modified_time":"2020-11-06T10:42:12+00:00","og_image":[{"url":"https:\/\/www.leoia.fr\/wp-content\/uploads\/2020\/11\/Bonjour-Senior-300x183.jpg","type":"","width":"","height":""}],"twitter_card":"summary_large_image","schema":{"@context":"https:\/\/schema.org","@graph":[{"@type":"WebPage","@id":"https:\/\/www.leoia.fr\/?page_id=184","url":"https:\/\/www.leoia.fr\/?page_id=184","name":"Liens utiles &#8902; Vers la sant\u00e9, l&#039;\u00e9ducation et le bien-\u00eatre au quotidien","isPartOf":{"@id":"https:\/\/www.leoia.fr\/#website"},"primaryImageOfPage":{"@id":"https:\/\/www.leoia.fr\/?page_id=184#primaryimage"},"image":{"@id":"https:\/\/www.leoia.fr\/?page_id=184#primaryimage"},"thumbnailUrl":"https:\/\/www.leoia.fr\/wp-content\/uploads\/2020\/11\/Bonjour-Senior-300x183.jpg","datePublished":"2018-03-27T07:26:03+00:00","dateModified":"2020-11-06T10:42:12+00:00","breadcrumb":{"@id":"https:\/\/www.leoia.fr\/?page_id=184#breadcrumb"},"inLanguage":"fr-FR","potentialAction":[{"@type":"ReadAction","target":["https:\/\/www.leoia.fr\/?page_id=184"]}]},{"@type":"ImageObject","inLanguage":"fr-FR","@id":"https:\/\/www.leoia.fr\/?page_id=184#primaryimage","url":"https:\/\/www.leoia.fr\/wp-content\/uploads\/2020\/11\/Bonjour-Senior.jpg","contentUrl":"https:\/\/www.leoia.fr\/wp-content\/uploads\/2020\/11\/Bonjour-Senior.jpg","width":2301,"height":1400},{"@type":"BreadcrumbList","@id":"https:\/\/www.leoia.fr\/?page_id=184#breadcrumb","itemListElement":[{"@type":"ListItem","position":1,"name":"Accueil","item":"https:\/\/www.leoia.fr\/"},{"@type":"ListItem","position":2,"name":"Liens utiles"}]},{"@type":"WebSite","@id":"https:\/\/www.leoia.fr\/#website","url":"https:\/\/www.leoia.fr\/","name":"Vers le bien-\u00eatre au quotidien","description":"L&#039;ErgOth\u00e9rapie, l&#039;Ind\u00e9pendance et l&#039;Autonomie","publisher":{"@id":"https:\/\/www.leoia.fr\/#organization"},"potentialAction":[{"@type":"SearchAction","target":{"@type":"EntryPoint","urlTemplate":"https:\/\/www.leoia.fr\/?s={search_term_string}"},"query-input":{"@type":"PropertyValueSpecification","valueRequired":true,"valueName":"search_term_string"}}],"inLanguage":"fr-FR"},{"@type":"Organization","@id":"https:\/\/www.leoia.fr\/#organization","name":"Leoia","url":"https:\/\/www.leoia.fr\/","logo":{"@type":"ImageObject","inLanguage":"fr-FR","@id":"https:\/\/www.leoia.fr\/#\/schema\/logo\/image\/","url":"https:\/\/www.leoia.fr\/wp-content\/uploads\/2018\/05\/logo-Copie.jpg","contentUrl":"https:\/\/www.leoia.fr\/wp-content\/uploads\/2018\/05\/logo-Copie.jpg","width":421,"height":298,"caption":"Leoia"},"image":{"@id":"https:\/\/www.leoia.fr\/#\/schema\/logo\/image\/"},"sameAs":["https:\/\/www.linkedin.com\/in\/antoine-coquillon-7a426260\/"]}]}},"jetpack_sharing_enabled":true,"_links":{"self":[{"href":"https:\/\/www.leoia.fr\/index.php?rest_route=\/wp\/v2\/pages\/184","targetHints":{"allow":["GET"]}}],"collection":[{"href":"https:\/\/www.leoia.fr\/index.php?rest_route=\/wp\/v2\/pages"}],"about":[{"href":"https:\/\/www.leoia.fr\/index.php?rest_route=\/wp\/v2\/types\/page"}],"author":[{"embeddable":true,"href":"https:\/\/www.leoia.fr\/index.php?rest_route=\/wp\/v2\/users\/1"}],"replies":[{"embeddable":true,"href":"https:\/\/www.leoia.fr\/index.php?rest_route=%2Fwp%2Fv2%2Fcomments&post=184"}],"version-history":[{"count":5,"href":"https:\/\/www.leoia.fr\/index.php?rest_route=\/wp\/v2\/pages\/184\/revisions"}],"predecessor-version":[{"id":577,"href":"https:\/\/www.leoia.fr\/index.php?rest_route=\/wp\/v2\/pages\/184\/revisions\/577"}],"wp:attachment":[{"href":"https:\/\/www.leoia.fr\/index.php?rest_route=%2Fwp%2Fv2%2Fmedia&parent=184"}],"curies":[{"name":"wp","href":"https:\/\/api.w.org\/{rel}","templated":true}]}}