{"id":163,"date":"2018-03-25T22:25:55","date_gmt":"2018-03-25T20:25:55","guid":{"rendered":"http:\/\/www.leoia.fr\/?page_id=163"},"modified":"2018-05-21T11:25:47","modified_gmt":"2018-05-21T09:25:47","slug":"pour-le-financement-des-prestations","status":"publish","type":"page","link":"https:\/\/www.leoia.fr\/?page_id=163","title":{"rendered":"Financement des prestations"},"content":{"rendered":"<h6><em><strong>L&rsquo;ergoth\u00e9rapie en lib\u00e9ral n&rsquo;est pas rembours\u00e9 par la s\u00e9curit\u00e9 sociale; il n\u2019existe pas de convention avec la s\u00e9curit\u00e9 sociale.<\/strong><\/em><\/h6>\n<p><strong>Cependant pour le financement des prestations en ergoth\u00e9rapie, vous pouvez fournir un devis d&rsquo;ergoth\u00e9rapie avec une ordonnance \u00e0 certains organismes:<\/strong><\/p>\n<ul>\n<li>Vous pouvez effectuer une demande de\u00a0<strong>\u00ab Prestations extra l\u00e9gales \u00bb<\/strong> aupr\u00e8s de votre caisse de s\u00e9curit\u00e9 sociale;<\/li>\n<li>Vous pouvez \u00e9galement faire une demande aupr\u00e8s de<strong> votre mutuelle,\u00a0 de votre comit\u00e9 d&rsquo;entreprise ou encore de votre assurance priv\u00e9e;<\/strong><\/li>\n<li><strong>Les caisses de retraite<\/strong> peuvent \u00e9galement intervenir dans le cadre du maintien \u00e0 domicile;<\/li>\n<li><strong>L&rsquo;<a href=\"http:\/\/www.anah.fr\/\">ANAH<\/a> (Agence Nationale de l&rsquo;Am\u00e9lioration de l&rsquo;Habitat)<\/strong>\u00a0propose des allocations pour l&rsquo;am\u00e9lioration de l&rsquo;habitat;<\/li>\n<li>Une allocation est disponible pour les personnes \u00e2g\u00e9es,<strong> l&rsquo;APA (allocation pour personnes \u00e2g\u00e9es du <a href=\"http:\/\/www.vendee-senior.fr\/Vos-prestations-vos-demandes2\/Allocation-Personnalisee-d-Autonomie\">85\u00a0<\/a>ou du <a href=\"https:\/\/www.loire-atlantique.fr\/jcms\/classement-des-contenus\/guides-aides\/vous-etes\/personne-agee\/l-allocation-personnalisee-d-autonomie-apa-en-etablissement-fr-t1_24875\">44<\/a>)<\/strong> par le conseil g\u00e9n\u00e9ral;<\/li>\n<li>Vous pouvez b\u00e9n\u00e9ficier de<strong>\u00a0l&rsquo;A.E.E.H. (Allocation Education Enfant Handicap\u00e9)<\/strong> sous prescription d&rsquo;un m\u00e9decin sp\u00e9cialiste (p\u00e9diatre, neurop\u00e9diatre, p\u00e9dopsychiatre, rhumatologue, neurologue, m\u00e9decin en r\u00e9\u00e9ducation fonctionnelle,&#8230;.) la maison d\u00e9partementale des personnes handicap\u00e9es (<a href=\"http:\/\/annuaire.action-sociale.org\/MDPH\/MDPH-85-Vend%C3%A9e.html\">MDPH du 85<\/a> ou <a href=\"https:\/\/www.loire-atlantique.fr\/jcms\/services\/handicap-44\/maison-departementale-des-personnes-en-situation-de-handicap-mdph\/ses-missions\/la-maison-departementale-des-personnes-en-situation-de-handicap-mdph-fr-p1_45807\">MDPH du 44<\/a>) pour les enfants vous b\u00e9n\u00e9ficiez d&rsquo;aides financi\u00e8res pour les troubles des apprentissages.\u00a0Cette allocation\u00a0peut r\u00e9gler l&rsquo;int\u00e9gralit\u00e9 ou une partie du devis d&rsquo;ergoth\u00e9rapie;<\/li>\n<li>Pour les adultes, vous b\u00e9n\u00e9ficiez d&rsquo;aides financi\u00e8res par la maison d\u00e9partementale des personnes handicap\u00e9es (<a href=\"http:\/\/annuaire.action-sociale.org\/MDPH\/MDPH-85-Vend%C3%A9e.html\">MDPH du 85<\/a> ou <a href=\"https:\/\/www.loire-atlantique.fr\/jcms\/services\/handicap-44\/maison-departementale-des-personnes-en-situation-de-handicap-mdph\/ses-missions\/la-maison-departementale-des-personnes-en-situation-de-handicap-mdph-fr-p1_45807\">MDPH du 44<\/a>) . Si vous avez deux difficult\u00e9s graves ou une difficult\u00e9 absolue, vous b\u00e9n\u00e9ficiez de prestations financi\u00e8res, de <strong>la P.C.H. ( prestation de compensation du handicap)<\/strong>. Sous ordonnance d&rsquo;un m\u00e9decin sp\u00e9cialiste , vous pouvez demander la PCH Charges exceptionnelles\u00a0\u00a0qui peut r\u00e9gler &gt;75% de votre accompagnement en ergoth\u00e9rapie sur une p\u00e9riode de 3 ans.<\/li>\n<\/ul>\n","protected":false},"excerpt":{"rendered":"<p>L&rsquo;ergoth\u00e9rapie en lib\u00e9ral n&rsquo;est pas rembours\u00e9 par la s\u00e9curit\u00e9 sociale; il n\u2019existe pas de convention avec la s\u00e9curit\u00e9 sociale. Cependant pour le financement des prestations en ergoth\u00e9rapie, vous pouvez fournir un devis d&rsquo;ergoth\u00e9rapie avec une ordonnance \u00e0 certains organismes: Vous pouvez effectuer une demande de\u00a0\u00ab Prestations extra l\u00e9gales \u00bb aupr\u00e8s de votre caisse de s\u00e9curit\u00e9 [&hellip;]<\/p>\n","protected":false},"author":1,"featured_media":0,"parent":0,"menu_order":0,"comment_status":"closed","ping_status":"closed","template":"","meta":{"footnotes":""},"class_list":["post-163","page","type-page","status-publish","hentry"],"yoast_head":"<!-- This site is optimized with the Yoast SEO plugin v27.4 - https:\/\/yoast.com\/product\/yoast-seo-wordpress\/ -->\n<title>Financement des prestations &#8902; Vers la sant\u00e9, l&#039;\u00e9ducation et le bien-\u00eatre au quotidien<\/title>\n<meta name=\"robots\" content=\"index, follow, max-snippet:-1, max-image-preview:large, max-video-preview:-1\" \/>\n<link rel=\"canonical\" href=\"https:\/\/www.leoia.fr\/?page_id=163\" \/>\n<meta property=\"og:locale\" content=\"fr_FR\" \/>\n<meta property=\"og:type\" content=\"article\" \/>\n<meta property=\"og:title\" content=\"Financement des prestations &#8902; Vers la sant\u00e9, l&#039;\u00e9ducation et le bien-\u00eatre au quotidien\" \/>\n<meta property=\"og:description\" content=\"L&rsquo;ergoth\u00e9rapie en lib\u00e9ral n&rsquo;est pas rembours\u00e9 par la s\u00e9curit\u00e9 sociale; il n\u2019existe pas de convention avec la s\u00e9curit\u00e9 sociale. Cependant pour le financement des prestations en ergoth\u00e9rapie, vous pouvez fournir un devis d&rsquo;ergoth\u00e9rapie avec une ordonnance \u00e0 certains organismes: Vous pouvez effectuer une demande de\u00a0\u00ab Prestations extra l\u00e9gales \u00bb aupr\u00e8s de votre caisse de s\u00e9curit\u00e9 [&hellip;]\" \/>\n<meta property=\"og:url\" content=\"https:\/\/www.leoia.fr\/?page_id=163\" \/>\n<meta property=\"og:site_name\" content=\"Vers la sant\u00e9, l&#039;\u00e9ducation et le bien-\u00eatre au quotidien\" \/>\n<meta property=\"article:modified_time\" content=\"2018-05-21T09:25:47+00:00\" \/>\n<meta name=\"twitter:card\" content=\"summary_large_image\" \/>\n<meta name=\"twitter:label1\" content=\"Dur\u00e9e de lecture estim\u00e9e\" \/>\n\t<meta name=\"twitter:data1\" content=\"2 minutes\" \/>\n<script type=\"application\/ld+json\" class=\"yoast-schema-graph\">{\"@context\":\"https:\\\/\\\/schema.org\",\"@graph\":[{\"@type\":\"WebPage\",\"@id\":\"https:\\\/\\\/www.leoia.fr\\\/?page_id=163\",\"url\":\"https:\\\/\\\/www.leoia.fr\\\/?page_id=163\",\"name\":\"Financement des prestations &#8902; Vers la sant\u00e9, l&#039;\u00e9ducation et le bien-\u00eatre au quotidien\",\"isPartOf\":{\"@id\":\"https:\\\/\\\/www.leoia.fr\\\/#website\"},\"datePublished\":\"2018-03-25T20:25:55+00:00\",\"dateModified\":\"2018-05-21T09:25:47+00:00\",\"breadcrumb\":{\"@id\":\"https:\\\/\\\/www.leoia.fr\\\/?page_id=163#breadcrumb\"},\"inLanguage\":\"fr-FR\",\"potentialAction\":[{\"@type\":\"ReadAction\",\"target\":[\"https:\\\/\\\/www.leoia.fr\\\/?page_id=163\"]}]},{\"@type\":\"BreadcrumbList\",\"@id\":\"https:\\\/\\\/www.leoia.fr\\\/?page_id=163#breadcrumb\",\"itemListElement\":[{\"@type\":\"ListItem\",\"position\":1,\"name\":\"Accueil\",\"item\":\"https:\\\/\\\/www.leoia.fr\\\/\"},{\"@type\":\"ListItem\",\"position\":2,\"name\":\"Financement des prestations\"}]},{\"@type\":\"WebSite\",\"@id\":\"https:\\\/\\\/www.leoia.fr\\\/#website\",\"url\":\"https:\\\/\\\/www.leoia.fr\\\/\",\"name\":\"Vers le bien-\u00eatre au quotidien\",\"description\":\"L&#039;ErgOth\u00e9rapie, l&#039;Ind\u00e9pendance et l&#039;Autonomie\",\"publisher\":{\"@id\":\"https:\\\/\\\/www.leoia.fr\\\/#organization\"},\"potentialAction\":[{\"@type\":\"SearchAction\",\"target\":{\"@type\":\"EntryPoint\",\"urlTemplate\":\"https:\\\/\\\/www.leoia.fr\\\/?s={search_term_string}\"},\"query-input\":{\"@type\":\"PropertyValueSpecification\",\"valueRequired\":true,\"valueName\":\"search_term_string\"}}],\"inLanguage\":\"fr-FR\"},{\"@type\":\"Organization\",\"@id\":\"https:\\\/\\\/www.leoia.fr\\\/#organization\",\"name\":\"Leoia\",\"url\":\"https:\\\/\\\/www.leoia.fr\\\/\",\"logo\":{\"@type\":\"ImageObject\",\"inLanguage\":\"fr-FR\",\"@id\":\"https:\\\/\\\/www.leoia.fr\\\/#\\\/schema\\\/logo\\\/image\\\/\",\"url\":\"https:\\\/\\\/www.leoia.fr\\\/wp-content\\\/uploads\\\/2018\\\/05\\\/logo-Copie.jpg\",\"contentUrl\":\"https:\\\/\\\/www.leoia.fr\\\/wp-content\\\/uploads\\\/2018\\\/05\\\/logo-Copie.jpg\",\"width\":421,\"height\":298,\"caption\":\"Leoia\"},\"image\":{\"@id\":\"https:\\\/\\\/www.leoia.fr\\\/#\\\/schema\\\/logo\\\/image\\\/\"},\"sameAs\":[\"https:\\\/\\\/www.linkedin.com\\\/in\\\/antoine-coquillon-7a426260\\\/\"]}]}<\/script>\n<!-- \/ Yoast SEO plugin. -->","yoast_head_json":{"title":"Financement des prestations &#8902; Vers la sant\u00e9, l&#039;\u00e9ducation et le bien-\u00eatre au quotidien","robots":{"index":"index","follow":"follow","max-snippet":"max-snippet:-1","max-image-preview":"max-image-preview:large","max-video-preview":"max-video-preview:-1"},"canonical":"https:\/\/www.leoia.fr\/?page_id=163","og_locale":"fr_FR","og_type":"article","og_title":"Financement des prestations &#8902; Vers la sant\u00e9, l&#039;\u00e9ducation et le bien-\u00eatre au quotidien","og_description":"L&rsquo;ergoth\u00e9rapie en lib\u00e9ral n&rsquo;est pas rembours\u00e9 par la s\u00e9curit\u00e9 sociale; il n\u2019existe pas de convention avec la s\u00e9curit\u00e9 sociale. Cependant pour le financement des prestations en ergoth\u00e9rapie, vous pouvez fournir un devis d&rsquo;ergoth\u00e9rapie avec une ordonnance \u00e0 certains organismes: Vous pouvez effectuer une demande de\u00a0\u00ab Prestations extra l\u00e9gales \u00bb aupr\u00e8s de votre caisse de s\u00e9curit\u00e9 [&hellip;]","og_url":"https:\/\/www.leoia.fr\/?page_id=163","og_site_name":"Vers la sant\u00e9, l&#039;\u00e9ducation et le bien-\u00eatre au quotidien","article_modified_time":"2018-05-21T09:25:47+00:00","twitter_card":"summary_large_image","twitter_misc":{"Dur\u00e9e de lecture estim\u00e9e":"2 minutes"},"schema":{"@context":"https:\/\/schema.org","@graph":[{"@type":"WebPage","@id":"https:\/\/www.leoia.fr\/?page_id=163","url":"https:\/\/www.leoia.fr\/?page_id=163","name":"Financement des prestations &#8902; Vers la sant\u00e9, l&#039;\u00e9ducation et le bien-\u00eatre au quotidien","isPartOf":{"@id":"https:\/\/www.leoia.fr\/#website"},"datePublished":"2018-03-25T20:25:55+00:00","dateModified":"2018-05-21T09:25:47+00:00","breadcrumb":{"@id":"https:\/\/www.leoia.fr\/?page_id=163#breadcrumb"},"inLanguage":"fr-FR","potentialAction":[{"@type":"ReadAction","target":["https:\/\/www.leoia.fr\/?page_id=163"]}]},{"@type":"BreadcrumbList","@id":"https:\/\/www.leoia.fr\/?page_id=163#breadcrumb","itemListElement":[{"@type":"ListItem","position":1,"name":"Accueil","item":"https:\/\/www.leoia.fr\/"},{"@type":"ListItem","position":2,"name":"Financement des prestations"}]},{"@type":"WebSite","@id":"https:\/\/www.leoia.fr\/#website","url":"https:\/\/www.leoia.fr\/","name":"Vers le bien-\u00eatre au quotidien","description":"L&#039;ErgOth\u00e9rapie, l&#039;Ind\u00e9pendance et l&#039;Autonomie","publisher":{"@id":"https:\/\/www.leoia.fr\/#organization"},"potentialAction":[{"@type":"SearchAction","target":{"@type":"EntryPoint","urlTemplate":"https:\/\/www.leoia.fr\/?s={search_term_string}"},"query-input":{"@type":"PropertyValueSpecification","valueRequired":true,"valueName":"search_term_string"}}],"inLanguage":"fr-FR"},{"@type":"Organization","@id":"https:\/\/www.leoia.fr\/#organization","name":"Leoia","url":"https:\/\/www.leoia.fr\/","logo":{"@type":"ImageObject","inLanguage":"fr-FR","@id":"https:\/\/www.leoia.fr\/#\/schema\/logo\/image\/","url":"https:\/\/www.leoia.fr\/wp-content\/uploads\/2018\/05\/logo-Copie.jpg","contentUrl":"https:\/\/www.leoia.fr\/wp-content\/uploads\/2018\/05\/logo-Copie.jpg","width":421,"height":298,"caption":"Leoia"},"image":{"@id":"https:\/\/www.leoia.fr\/#\/schema\/logo\/image\/"},"sameAs":["https:\/\/www.linkedin.com\/in\/antoine-coquillon-7a426260\/"]}]}},"jetpack_sharing_enabled":true,"_links":{"self":[{"href":"https:\/\/www.leoia.fr\/index.php?rest_route=\/wp\/v2\/pages\/163","targetHints":{"allow":["GET"]}}],"collection":[{"href":"https:\/\/www.leoia.fr\/index.php?rest_route=\/wp\/v2\/pages"}],"about":[{"href":"https:\/\/www.leoia.fr\/index.php?rest_route=\/wp\/v2\/types\/page"}],"author":[{"embeddable":true,"href":"https:\/\/www.leoia.fr\/index.php?rest_route=\/wp\/v2\/users\/1"}],"replies":[{"embeddable":true,"href":"https:\/\/www.leoia.fr\/index.php?rest_route=%2Fwp%2Fv2%2Fcomments&post=163"}],"version-history":[{"count":9,"href":"https:\/\/www.leoia.fr\/index.php?rest_route=\/wp\/v2\/pages\/163\/revisions"}],"predecessor-version":[{"id":331,"href":"https:\/\/www.leoia.fr\/index.php?rest_route=\/wp\/v2\/pages\/163\/revisions\/331"}],"wp:attachment":[{"href":"https:\/\/www.leoia.fr\/index.php?rest_route=%2Fwp%2Fv2%2Fmedia&parent=163"}],"curies":[{"name":"wp","href":"https:\/\/api.w.org\/{rel}","templated":true}]}}