{"id":155,"date":"2018-03-25T22:16:56","date_gmt":"2018-03-25T20:16:56","guid":{"rendered":"http:\/\/www.leoia.fr\/?page_id=155"},"modified":"2021-03-29T16:58:05","modified_gmt":"2021-03-29T14:58:05","slug":"bibliographie","status":"publish","type":"page","link":"https:\/\/www.leoia.fr\/?page_id=155","title":{"rendered":"Bibliographie"},"content":{"rendered":"<h6><strong><u>Aider et comprendre l\u2019enfant\u00a0<\/u><\/strong><\/h6>\n<p><a href=\"https:\/\/livre.fnac.com\/a11282664\/May-Benhayoun-La-dyspraxie\">La dyspraxie de May Benhayoun<\/a><\/p>\n<p><img loading=\"lazy\" decoding=\"async\" class=\"alignnone wp-image-156 size-thumbnail\" src=\"http:\/\/www.leoia.fr\/wp-content\/uploads\/2018\/03\/La-dyspraxie-150x150.jpg\" alt=\"\" width=\"150\" height=\"150\" srcset=\"https:\/\/www.leoia.fr\/wp-content\/uploads\/2018\/03\/La-dyspraxie-150x150.jpg 150w, https:\/\/www.leoia.fr\/wp-content\/uploads\/2018\/03\/La-dyspraxie-300x300.jpg 300w, https:\/\/www.leoia.fr\/wp-content\/uploads\/2018\/03\/La-dyspraxie-144x144.jpg 144w, https:\/\/www.leoia.fr\/wp-content\/uploads\/2018\/03\/La-dyspraxie-100x100.jpg 100w, https:\/\/www.leoia.fr\/wp-content\/uploads\/2018\/03\/La-dyspraxie.jpg 340w\" sizes=\"auto, (max-width: 150px) 100vw, 150px\" \/><\/p>\n<p><a href=\"https:\/\/www.amazon.fr\/Lucien-fait-partout-Antoine-Coquillon-ebook\/dp\/B08TW2LQ2D\/ref=sr_1_2?__mk_fr_FR=%C3%85M%C3%85%C5%BD%C3%95%C3%91&amp;dchild=1&amp;keywords=lucien+fait+pipi+partout&amp;qid=1612080962&amp;sr=8-2\">Lucien fait pipi partout d\u2019Antoine Coquillon<\/a><\/p>\n<p><iframe loading=\"lazy\" title=\"Lucien fait pipi partout\" type=\"text\/html\" width=\"500\" height=\"550\" frameborder=\"0\" allowfullscreen style=\"max-width:100%\" src=\"https:\/\/lire.amazon.fr\/kp\/card?preview=inline&#038;linkCode=kpd&#038;ref_=k4w_oembed_pGasRbSgCPgxy2&#038;asin=B08TW2LQ2D&#038;tag=kpembed-20\"><\/iframe><\/p>\n<h6><strong><u>Pour comprendre et lutter contre le harc\u00e8lement scolaire<\/u><\/strong><\/h6>\n<p><a href=\"https:\/\/livre.fnac.com\/a10108526\/Gaston-Roux-Violences-ordinaires?omnsearchpos=6\">Violences Ordinaires\u00a0<\/a>d&rsquo;Antoine Coquillon<\/p>\n<p><u>Alias<\/u> : <a href=\"https:\/\/www.fnac.com\/SearchResult\/ResultList.aspx?SCat=0%211&amp;Search=Gaston+roux&amp;sft=1&amp;sa=0\">\u00a0Gaston Roux<\/a><\/p>\n<p><img loading=\"lazy\" decoding=\"async\" class=\"alignnone size-medium wp-image-159\" src=\"http:\/\/www.leoia.fr\/wp-content\/uploads\/2018\/03\/Violences-212x300.jpg\" alt=\"\" width=\"212\" height=\"300\" srcset=\"https:\/\/www.leoia.fr\/wp-content\/uploads\/2018\/03\/Violences-212x300.jpg 212w, https:\/\/www.leoia.fr\/wp-content\/uploads\/2018\/03\/Violences-768x1088.jpg 768w, https:\/\/www.leoia.fr\/wp-content\/uploads\/2018\/03\/Violences-723x1024.jpg 723w, https:\/\/www.leoia.fr\/wp-content\/uploads\/2018\/03\/Violences.jpg 855w\" sizes=\"auto, (max-width: 212px) 100vw, 212px\" \/><\/p>\n<h6><strong><u>Pour comprendre et lutter contre les pervers narcissiques et autres manipulateurs<\/u><\/strong><\/h6>\n<p><a href=\"https:\/\/www.fnac.com\/SearchResult\/ResultList.aspx?SCat=0%211&amp;Search=l%27agioteuse&amp;sft=1&amp;sa=0\">L&rsquo;agioteuse <\/a>d&rsquo;Antoine Coquillon<\/p>\n<p><u>Alias<\/u> : <a href=\"https:\/\/www.fnac.com\/SearchResult\/ResultList.aspx?SCat=0%211&amp;Search=Gaston+roux&amp;sft=1&amp;sa=0\">\u00a0Gaston Roux<\/a><\/p>\n<p><img loading=\"lazy\" decoding=\"async\" class=\"alignnone size-medium wp-image-568\" src=\"https:\/\/www.leoia.fr\/wp-content\/uploads\/2020\/10\/Lagioteuse-211x300.jpg\" alt=\"\" width=\"211\" height=\"300\" srcset=\"https:\/\/www.leoia.fr\/wp-content\/uploads\/2020\/10\/Lagioteuse-211x300.jpg 211w, https:\/\/www.leoia.fr\/wp-content\/uploads\/2020\/10\/Lagioteuse.jpg 352w\" sizes=\"auto, (max-width: 211px) 100vw, 211px\" \/><\/p>\n<h6><strong><u>Aider et comprendre au quotidien\u00a0<\/u><\/strong><\/h6>\n<p><a href=\"https:\/\/tompousse.fr\/\">L\u2019excellente collection des \u00e9ditions Tom Pousse\u00a0<\/a>.<\/p>\n<p>Vivre son dos au quotidien, vivre son \u00e2ge au quotidien et bien d\u2019autres sur la boutique de<a href=\"https:\/\/anfe.fr\/product-category\/livres-2013-11-26\/vivre-au-quotidien\/\"> l&rsquo;ANFE<\/a>.<\/p>\n","protected":false},"excerpt":{"rendered":"<p>Aider et comprendre l\u2019enfant\u00a0 La dyspraxie de May Benhayoun Lucien fait pipi partout d\u2019Antoine Coquillon Pour comprendre et lutter contre le harc\u00e8lement scolaire Violences Ordinaires\u00a0d&rsquo;Antoine Coquillon Alias : \u00a0Gaston Roux Pour comprendre et lutter contre les pervers narcissiques et autres manipulateurs L&rsquo;agioteuse d&rsquo;Antoine Coquillon Alias : \u00a0Gaston Roux Aider et comprendre au quotidien\u00a0 L\u2019excellente collection [&hellip;]<\/p>\n","protected":false},"author":1,"featured_media":94,"parent":0,"menu_order":0,"comment_status":"closed","ping_status":"closed","template":"","meta":{"footnotes":""},"class_list":["post-155","page","type-page","status-publish","has-post-thumbnail","hentry"],"yoast_head":"<!-- This site is optimized with the Yoast SEO plugin v27.4 - https:\/\/yoast.com\/product\/yoast-seo-wordpress\/ -->\n<title>Bibliographie &#8902; Vers la sant\u00e9, l&#039;\u00e9ducation et le bien-\u00eatre au quotidien<\/title>\n<meta name=\"robots\" content=\"index, follow, max-snippet:-1, max-image-preview:large, max-video-preview:-1\" \/>\n<link rel=\"canonical\" href=\"https:\/\/www.leoia.fr\/?page_id=155\" \/>\n<meta property=\"og:locale\" content=\"fr_FR\" \/>\n<meta property=\"og:type\" content=\"article\" \/>\n<meta property=\"og:title\" content=\"Bibliographie &#8902; Vers la sant\u00e9, l&#039;\u00e9ducation et le bien-\u00eatre au quotidien\" \/>\n<meta property=\"og:description\" content=\"Aider et comprendre l\u2019enfant\u00a0 La dyspraxie de May Benhayoun Lucien fait pipi partout d\u2019Antoine Coquillon Pour comprendre et lutter contre le harc\u00e8lement scolaire Violences Ordinaires\u00a0d&rsquo;Antoine Coquillon Alias : \u00a0Gaston Roux Pour comprendre et lutter contre les pervers narcissiques et autres manipulateurs L&rsquo;agioteuse d&rsquo;Antoine Coquillon Alias : \u00a0Gaston Roux Aider et comprendre au quotidien\u00a0 L\u2019excellente collection [&hellip;]\" \/>\n<meta property=\"og:url\" content=\"https:\/\/www.leoia.fr\/?page_id=155\" \/>\n<meta property=\"og:site_name\" content=\"Vers la sant\u00e9, l&#039;\u00e9ducation et le bien-\u00eatre au quotidien\" \/>\n<meta property=\"article:modified_time\" content=\"2021-03-29T14:58:05+00:00\" \/>\n<meta property=\"og:image\" content=\"https:\/\/www.leoia.fr\/wp-content\/uploads\/2018\/03\/AdobeStock_127201681-683x1024.jpeg\" \/>\n\t<meta property=\"og:image:width\" content=\"683\" \/>\n\t<meta property=\"og:image:height\" content=\"1024\" \/>\n\t<meta property=\"og:image:type\" content=\"image\/jpeg\" \/>\n<meta name=\"twitter:card\" content=\"summary_large_image\" \/>\n<meta name=\"twitter:label1\" content=\"Dur\u00e9e de lecture estim\u00e9e\" \/>\n\t<meta name=\"twitter:data1\" content=\"1 minute\" \/>\n<script type=\"application\/ld+json\" class=\"yoast-schema-graph\">{\"@context\":\"https:\\\/\\\/schema.org\",\"@graph\":[{\"@type\":\"WebPage\",\"@id\":\"https:\\\/\\\/www.leoia.fr\\\/?page_id=155\",\"url\":\"https:\\\/\\\/www.leoia.fr\\\/?page_id=155\",\"name\":\"Bibliographie &#8902; Vers la sant\u00e9, l&#039;\u00e9ducation et le bien-\u00eatre au quotidien\",\"isPartOf\":{\"@id\":\"https:\\\/\\\/www.leoia.fr\\\/#website\"},\"primaryImageOfPage\":{\"@id\":\"https:\\\/\\\/www.leoia.fr\\\/?page_id=155#primaryimage\"},\"image\":{\"@id\":\"https:\\\/\\\/www.leoia.fr\\\/?page_id=155#primaryimage\"},\"thumbnailUrl\":\"https:\\\/\\\/www.leoia.fr\\\/wp-content\\\/uploads\\\/2018\\\/03\\\/AdobeStock_127201681.jpeg\",\"datePublished\":\"2018-03-25T20:16:56+00:00\",\"dateModified\":\"2021-03-29T14:58:05+00:00\",\"breadcrumb\":{\"@id\":\"https:\\\/\\\/www.leoia.fr\\\/?page_id=155#breadcrumb\"},\"inLanguage\":\"fr-FR\",\"potentialAction\":[{\"@type\":\"ReadAction\",\"target\":[\"https:\\\/\\\/www.leoia.fr\\\/?page_id=155\"]}]},{\"@type\":\"ImageObject\",\"inLanguage\":\"fr-FR\",\"@id\":\"https:\\\/\\\/www.leoia.fr\\\/?page_id=155#primaryimage\",\"url\":\"https:\\\/\\\/www.leoia.fr\\\/wp-content\\\/uploads\\\/2018\\\/03\\\/AdobeStock_127201681.jpeg\",\"contentUrl\":\"https:\\\/\\\/www.leoia.fr\\\/wp-content\\\/uploads\\\/2018\\\/03\\\/AdobeStock_127201681.jpeg\",\"width\":3368,\"height\":5046,\"caption\":\"Cheerful family at home, Daddy and his young daughter lying on the wooden floor are playing with a wooden game. At background mom is sitting in an armchair while using a digital tablet\"},{\"@type\":\"BreadcrumbList\",\"@id\":\"https:\\\/\\\/www.leoia.fr\\\/?page_id=155#breadcrumb\",\"itemListElement\":[{\"@type\":\"ListItem\",\"position\":1,\"name\":\"Accueil\",\"item\":\"https:\\\/\\\/www.leoia.fr\\\/\"},{\"@type\":\"ListItem\",\"position\":2,\"name\":\"Bibliographie\"}]},{\"@type\":\"WebSite\",\"@id\":\"https:\\\/\\\/www.leoia.fr\\\/#website\",\"url\":\"https:\\\/\\\/www.leoia.fr\\\/\",\"name\":\"Vers le bien-\u00eatre au quotidien\",\"description\":\"L&#039;ErgOth\u00e9rapie, l&#039;Ind\u00e9pendance et l&#039;Autonomie\",\"publisher\":{\"@id\":\"https:\\\/\\\/www.leoia.fr\\\/#organization\"},\"potentialAction\":[{\"@type\":\"SearchAction\",\"target\":{\"@type\":\"EntryPoint\",\"urlTemplate\":\"https:\\\/\\\/www.leoia.fr\\\/?s={search_term_string}\"},\"query-input\":{\"@type\":\"PropertyValueSpecification\",\"valueRequired\":true,\"valueName\":\"search_term_string\"}}],\"inLanguage\":\"fr-FR\"},{\"@type\":\"Organization\",\"@id\":\"https:\\\/\\\/www.leoia.fr\\\/#organization\",\"name\":\"Leoia\",\"url\":\"https:\\\/\\\/www.leoia.fr\\\/\",\"logo\":{\"@type\":\"ImageObject\",\"inLanguage\":\"fr-FR\",\"@id\":\"https:\\\/\\\/www.leoia.fr\\\/#\\\/schema\\\/logo\\\/image\\\/\",\"url\":\"https:\\\/\\\/www.leoia.fr\\\/wp-content\\\/uploads\\\/2018\\\/05\\\/logo-Copie.jpg\",\"contentUrl\":\"https:\\\/\\\/www.leoia.fr\\\/wp-content\\\/uploads\\\/2018\\\/05\\\/logo-Copie.jpg\",\"width\":421,\"height\":298,\"caption\":\"Leoia\"},\"image\":{\"@id\":\"https:\\\/\\\/www.leoia.fr\\\/#\\\/schema\\\/logo\\\/image\\\/\"},\"sameAs\":[\"https:\\\/\\\/www.linkedin.com\\\/in\\\/antoine-coquillon-7a426260\\\/\"]}]}<\/script>\n<!-- \/ Yoast SEO plugin. -->","yoast_head_json":{"title":"Bibliographie &#8902; Vers la sant\u00e9, l&#039;\u00e9ducation et le bien-\u00eatre au quotidien","robots":{"index":"index","follow":"follow","max-snippet":"max-snippet:-1","max-image-preview":"max-image-preview:large","max-video-preview":"max-video-preview:-1"},"canonical":"https:\/\/www.leoia.fr\/?page_id=155","og_locale":"fr_FR","og_type":"article","og_title":"Bibliographie &#8902; Vers la sant\u00e9, l&#039;\u00e9ducation et le bien-\u00eatre au quotidien","og_description":"Aider et comprendre l\u2019enfant\u00a0 La dyspraxie de May Benhayoun Lucien fait pipi partout d\u2019Antoine Coquillon Pour comprendre et lutter contre le harc\u00e8lement scolaire Violences Ordinaires\u00a0d&rsquo;Antoine Coquillon Alias : \u00a0Gaston Roux Pour comprendre et lutter contre les pervers narcissiques et autres manipulateurs L&rsquo;agioteuse d&rsquo;Antoine Coquillon Alias : \u00a0Gaston Roux Aider et comprendre au quotidien\u00a0 L\u2019excellente collection [&hellip;]","og_url":"https:\/\/www.leoia.fr\/?page_id=155","og_site_name":"Vers la sant\u00e9, l&#039;\u00e9ducation et le bien-\u00eatre au quotidien","article_modified_time":"2021-03-29T14:58:05+00:00","og_image":[{"width":683,"height":1024,"url":"https:\/\/www.leoia.fr\/wp-content\/uploads\/2018\/03\/AdobeStock_127201681-683x1024.jpeg","type":"image\/jpeg"}],"twitter_card":"summary_large_image","twitter_misc":{"Dur\u00e9e de lecture estim\u00e9e":"1 minute"},"schema":{"@context":"https:\/\/schema.org","@graph":[{"@type":"WebPage","@id":"https:\/\/www.leoia.fr\/?page_id=155","url":"https:\/\/www.leoia.fr\/?page_id=155","name":"Bibliographie &#8902; Vers la sant\u00e9, l&#039;\u00e9ducation et le bien-\u00eatre au quotidien","isPartOf":{"@id":"https:\/\/www.leoia.fr\/#website"},"primaryImageOfPage":{"@id":"https:\/\/www.leoia.fr\/?page_id=155#primaryimage"},"image":{"@id":"https:\/\/www.leoia.fr\/?page_id=155#primaryimage"},"thumbnailUrl":"https:\/\/www.leoia.fr\/wp-content\/uploads\/2018\/03\/AdobeStock_127201681.jpeg","datePublished":"2018-03-25T20:16:56+00:00","dateModified":"2021-03-29T14:58:05+00:00","breadcrumb":{"@id":"https:\/\/www.leoia.fr\/?page_id=155#breadcrumb"},"inLanguage":"fr-FR","potentialAction":[{"@type":"ReadAction","target":["https:\/\/www.leoia.fr\/?page_id=155"]}]},{"@type":"ImageObject","inLanguage":"fr-FR","@id":"https:\/\/www.leoia.fr\/?page_id=155#primaryimage","url":"https:\/\/www.leoia.fr\/wp-content\/uploads\/2018\/03\/AdobeStock_127201681.jpeg","contentUrl":"https:\/\/www.leoia.fr\/wp-content\/uploads\/2018\/03\/AdobeStock_127201681.jpeg","width":3368,"height":5046,"caption":"Cheerful family at home, Daddy and his young daughter lying on the wooden floor are playing with a wooden game. At background mom is sitting in an armchair while using a digital tablet"},{"@type":"BreadcrumbList","@id":"https:\/\/www.leoia.fr\/?page_id=155#breadcrumb","itemListElement":[{"@type":"ListItem","position":1,"name":"Accueil","item":"https:\/\/www.leoia.fr\/"},{"@type":"ListItem","position":2,"name":"Bibliographie"}]},{"@type":"WebSite","@id":"https:\/\/www.leoia.fr\/#website","url":"https:\/\/www.leoia.fr\/","name":"Vers le bien-\u00eatre au quotidien","description":"L&#039;ErgOth\u00e9rapie, l&#039;Ind\u00e9pendance et l&#039;Autonomie","publisher":{"@id":"https:\/\/www.leoia.fr\/#organization"},"potentialAction":[{"@type":"SearchAction","target":{"@type":"EntryPoint","urlTemplate":"https:\/\/www.leoia.fr\/?s={search_term_string}"},"query-input":{"@type":"PropertyValueSpecification","valueRequired":true,"valueName":"search_term_string"}}],"inLanguage":"fr-FR"},{"@type":"Organization","@id":"https:\/\/www.leoia.fr\/#organization","name":"Leoia","url":"https:\/\/www.leoia.fr\/","logo":{"@type":"ImageObject","inLanguage":"fr-FR","@id":"https:\/\/www.leoia.fr\/#\/schema\/logo\/image\/","url":"https:\/\/www.leoia.fr\/wp-content\/uploads\/2018\/05\/logo-Copie.jpg","contentUrl":"https:\/\/www.leoia.fr\/wp-content\/uploads\/2018\/05\/logo-Copie.jpg","width":421,"height":298,"caption":"Leoia"},"image":{"@id":"https:\/\/www.leoia.fr\/#\/schema\/logo\/image\/"},"sameAs":["https:\/\/www.linkedin.com\/in\/antoine-coquillon-7a426260\/"]}]}},"jetpack_sharing_enabled":true,"_links":{"self":[{"href":"https:\/\/www.leoia.fr\/index.php?rest_route=\/wp\/v2\/pages\/155","targetHints":{"allow":["GET"]}}],"collection":[{"href":"https:\/\/www.leoia.fr\/index.php?rest_route=\/wp\/v2\/pages"}],"about":[{"href":"https:\/\/www.leoia.fr\/index.php?rest_route=\/wp\/v2\/types\/page"}],"author":[{"embeddable":true,"href":"https:\/\/www.leoia.fr\/index.php?rest_route=\/wp\/v2\/users\/1"}],"replies":[{"embeddable":true,"href":"https:\/\/www.leoia.fr\/index.php?rest_route=%2Fwp%2Fv2%2Fcomments&post=155"}],"version-history":[{"count":9,"href":"https:\/\/www.leoia.fr\/index.php?rest_route=\/wp\/v2\/pages\/155\/revisions"}],"predecessor-version":[{"id":617,"href":"https:\/\/www.leoia.fr\/index.php?rest_route=\/wp\/v2\/pages\/155\/revisions\/617"}],"wp:featuredmedia":[{"embeddable":true,"href":"https:\/\/www.leoia.fr\/index.php?rest_route=\/wp\/v2\/media\/94"}],"wp:attachment":[{"href":"https:\/\/www.leoia.fr\/index.php?rest_route=%2Fwp%2Fv2%2Fmedia&parent=155"}],"curies":[{"name":"wp","href":"https:\/\/api.w.org\/{rel}","templated":true}]}}