{"id":107,"date":"2018-03-25T20:29:38","date_gmt":"2018-03-25T18:29:38","guid":{"rendered":"http:\/\/www.leoia.fr\/?page_id=107"},"modified":"2018-05-17T00:14:05","modified_gmt":"2018-05-16T22:14:05","slug":"troubles-des-apprentissages-temoignage-1","status":"publish","type":"page","link":"https:\/\/www.leoia.fr\/?page_id=107","title":{"rendered":"T\u00e9moignages enfants"},"content":{"rendered":"<p>Premier t\u00e9moignage:<\/p>\n<p>Notre fils R. S., n\u00e9 en 2 000 a souffert d\u2019une s\u00e9v\u00e8re dyspraxie visio-spatiale, avec trouble des apprentissages, et troubles envahissants du comportement.<br \/>\nIl est actuellement toujours enregistr\u00e9 \u00e0 la MDPH avec un coefficient de handicap estim\u00e9 \u00e0 &gt;50%&lt; 80%. Il b\u00e9n\u00e9ficie d\u2019un PPS depuis la classe de Cours Pr\u00e9paratoire.<\/p>\n<p>Ne pouvant pas \u00e9crire, R. a eu besoin d\u2019utiliser un ordinateur d\u00e8s la classe de CE1.<\/p>\n<p>Durant la classe de CM1 et de CM2 R a b\u00e9n\u00e9fici\u00e9 de l\u2019aide de Mr Antoine Coquillon qui intervenait directement \u00e0 l\u2019\u00e9cole primaire sur le temps scolaire.<br \/>\nL\u2019aide qu\u2019il a apport\u00e9 \u00e0 R. lui a \u00e9t\u00e9 particuli\u00e8rement utile dans la compr\u00e9hension des cours et le respect des consignes, et lui a permis de poursuivre sa scolarit\u00e9 en secondaire sans aucun redoublement des classes du primaire.<\/p>\n<p>Mr Coquillon a toujours fait preuve d\u2019une grande patience et d\u2019une profonde empathie avec les \u00e9l\u00e8ves qu\u2019il suivait, ce qui leur a permis de gagner en confiance et de progresser en classe.<\/p>\n<p>Dans un premier temps il a aid\u00e9 R. \u00e0 gagner de la vitesse de frappe sur le clavier et \u00e0 progresser en ind\u00e9pendance dans l\u2019utilisation et l\u2019organisation de son ordinateur.<\/p>\n<p>Puis afin de l\u2019aider \u00e0 progresser en \u00e9criture, il a trouv\u00e9 pour R. de nombreux moyens de contourner les difficult\u00e9s en proposant aux enseignants d\u2019adopter certains outils et m\u00e9thodes pour les enfants en difficult\u00e9s : ceux allaient de l\u2019emploi de feuilles quadrill\u00e9es avec des carreaux de 1cm pour poser les op\u00e9rations complexes, en particulier les divisions et les multiplications \u00e0 plusieurs chiffres,<br \/>\nLa fourniture de pages destin\u00e9es \u00e0 l\u2019\u00e9critures avec des lignes en couleur afin d\u2019aider l\u2019enfant \u00e0 avoir plus de points de rep\u00e8res spatiaux.<br \/>\nL\u2019emploi de ciseaux facilitant la prise en main et la d\u00e9coupe\u2026<\/p>\n<p>Mr Coquillon a \u00e9galement aid\u00e9 R. \u00e0 mieux comprendre et suivre les consignes donn\u00e9es en classe ou au cours des contr\u00f4les.<\/p>\n<p>R. pr\u00e9sentait des difficult\u00e9s dans l\u2019interpr\u00e9tation des probl\u00e8mes math\u00e9matiques, la cr\u00e9ation d\u2019\u00e9tiquettes et le choix des op\u00e9rations et des donn\u00e9es \u00e0 calculer, ainsi que l\u2019interpr\u00e9tation du r\u00e9sultat.<br \/>\nDe m\u00eame la notion de division d\u00e9cimale et la perception et le calcule des volumes (cubes, pyramides, cylindres, c\u00f4nes de r\u00e9volution\u2026) \u00e9taient particuli\u00e8rement difficiles pour lui. Mr Coquillon l\u2019a aid\u00e9 \u00e0 trouver des m\u00e9thodes pour surmonter ces difficult\u00e9s.<\/p>\n<p>Enfin la g\u00e9om\u00e9trie, la g\u00e9ographie, et la ligne du temps \u00e9taient des sujets particuli\u00e8rement difficiles pour un enfant dyspraxique.<br \/>\nMr Coquillon a \u00e9galement aid\u00e9 R. dans ces domaines \u00e0 mieux situer les \u00e9v\u00e8nements dans le temps et l\u2019espace.<\/p>\n<p>Mr Coquillon a \u00e9galement \u00e9t\u00e9 pr\u00e9sent lors des r\u00e9unions d\u2019\u00e9valuation en pr\u00e9sence de l\u2019enseignant r\u00e9f\u00e9rent et des renouvellements du PPS de R., et a permis aux enseignants de mieux comprendre les difficult\u00e9s auxquelles R. devait faire face, tout en leur proposant des solutions de contournement lorsque c\u2019\u00e9tait possible.<\/p>\n<p>Malgr\u00e9 ses difficult\u00e9s, R. a ainsi r\u00e9ussit, gr\u00e2ce au soutien en ergoth\u00e9rapie et \u00e0 la compr\u00e9hension de ses enseignants \u00e0 suivre une scolarit\u00e9 dans un \u00e9tablissement priv\u00e9 exigeant, de la maternelle \u00e0 la fin du coll\u00e8ge.<br \/>\nIl a obtenu le BEP avec la mention AB, et est actuellement en classe de 1\u00e8re Gestion-Administration et pr\u00e9pare un Bac Professionnel, et son premier degr\u00e9 de comptabilit\u00e9.<br \/>\nPar la suite, il envisage de poursuivre en BTS Comptabilit\u00e9-Gestion.<\/p>\n<p>Deuxi\u00e8me t\u00e9moignage:<\/p>\n<p><img loading=\"lazy\" decoding=\"async\" class=\"alignnone wp-image-182 size-full\" src=\"http:\/\/www.leoia.fr\/wp-content\/uploads\/2018\/03\/T\u00e9moignage-Enfant-B.-1-2.jpg\" alt=\"\" width=\"1275\" height=\"1753\" srcset=\"https:\/\/www.leoia.fr\/wp-content\/uploads\/2018\/03\/T\u00e9moignage-Enfant-B.-1-2.jpg 1275w, https:\/\/www.leoia.fr\/wp-content\/uploads\/2018\/03\/T\u00e9moignage-Enfant-B.-1-2-218x300.jpg 218w, https:\/\/www.leoia.fr\/wp-content\/uploads\/2018\/03\/T\u00e9moignage-Enfant-B.-1-2-768x1056.jpg 768w, https:\/\/www.leoia.fr\/wp-content\/uploads\/2018\/03\/T\u00e9moignage-Enfant-B.-1-2-745x1024.jpg 745w\" sizes=\"auto, (max-width: 1275px) 100vw, 1275px\" \/><\/p>\n<p><img loading=\"lazy\" decoding=\"async\" class=\"wp-image-122 size-full\" src=\"http:\/\/www.leoia.fr\/wp-content\/uploads\/2018\/03\/T\u00e9moignage-Enfant-B.-2.jpg\" alt=\"\" width=\"1275\" height=\"1753\" srcset=\"https:\/\/www.leoia.fr\/wp-content\/uploads\/2018\/03\/T\u00e9moignage-Enfant-B.-2.jpg 1275w, https:\/\/www.leoia.fr\/wp-content\/uploads\/2018\/03\/T\u00e9moignage-Enfant-B.-2-218x300.jpg 218w, https:\/\/www.leoia.fr\/wp-content\/uploads\/2018\/03\/T\u00e9moignage-Enfant-B.-2-768x1056.jpg 768w, https:\/\/www.leoia.fr\/wp-content\/uploads\/2018\/03\/T\u00e9moignage-Enfant-B.-2-745x1024.jpg 745w\" sizes=\"auto, (max-width: 1275px) 100vw, 1275px\" \/><\/p>\n<p><img loading=\"lazy\" decoding=\"async\" class=\"wp-image-123 size-full\" src=\"http:\/\/www.leoia.fr\/wp-content\/uploads\/2018\/03\/T\u00e9moignage-Enfant-B.-3.jpg\" alt=\"\" width=\"1275\" height=\"1753\" srcset=\"https:\/\/www.leoia.fr\/wp-content\/uploads\/2018\/03\/T\u00e9moignage-Enfant-B.-3.jpg 1275w, https:\/\/www.leoia.fr\/wp-content\/uploads\/2018\/03\/T\u00e9moignage-Enfant-B.-3-218x300.jpg 218w, https:\/\/www.leoia.fr\/wp-content\/uploads\/2018\/03\/T\u00e9moignage-Enfant-B.-3-768x1056.jpg 768w, https:\/\/www.leoia.fr\/wp-content\/uploads\/2018\/03\/T\u00e9moignage-Enfant-B.-3-745x1024.jpg 745w\" sizes=\"auto, (max-width: 1275px) 100vw, 1275px\" \/><\/p>\n","protected":false},"excerpt":{"rendered":"<p>Premier t\u00e9moignage: Notre fils R. S., n\u00e9 en 2 000 a souffert d\u2019une s\u00e9v\u00e8re dyspraxie visio-spatiale, avec trouble des apprentissages, et troubles envahissants du comportement. Il est actuellement toujours enregistr\u00e9 \u00e0 la MDPH avec un coefficient de handicap estim\u00e9 \u00e0 &gt;50%&lt; 80%. Il b\u00e9n\u00e9ficie d\u2019un PPS depuis la classe de Cours Pr\u00e9paratoire. Ne pouvant pas [&hellip;]<\/p>\n","protected":false},"author":1,"featured_media":73,"parent":0,"menu_order":0,"comment_status":"closed","ping_status":"closed","template":"","meta":{"footnotes":""},"class_list":["post-107","page","type-page","status-publish","has-post-thumbnail","hentry"],"yoast_head":"<!-- This site is optimized with the Yoast SEO plugin v27.4 - https:\/\/yoast.com\/product\/yoast-seo-wordpress\/ -->\n<title>T\u00e9moignages enfants &#8902; Vers la sant\u00e9, l&#039;\u00e9ducation et le bien-\u00eatre au quotidien<\/title>\n<meta name=\"robots\" content=\"index, follow, max-snippet:-1, max-image-preview:large, max-video-preview:-1\" \/>\n<link rel=\"canonical\" href=\"https:\/\/www.leoia.fr\/?page_id=107\" \/>\n<meta property=\"og:locale\" content=\"fr_FR\" \/>\n<meta property=\"og:type\" content=\"article\" \/>\n<meta property=\"og:title\" content=\"T\u00e9moignages enfants &#8902; Vers la sant\u00e9, l&#039;\u00e9ducation et le bien-\u00eatre au quotidien\" \/>\n<meta property=\"og:description\" content=\"Premier t\u00e9moignage: Notre fils R. S., n\u00e9 en 2 000 a souffert d\u2019une s\u00e9v\u00e8re dyspraxie visio-spatiale, avec trouble des apprentissages, et troubles envahissants du comportement. Il est actuellement toujours enregistr\u00e9 \u00e0 la MDPH avec un coefficient de handicap estim\u00e9 \u00e0 &gt;50%&lt; 80%. Il b\u00e9n\u00e9ficie d\u2019un PPS depuis la classe de Cours Pr\u00e9paratoire. Ne pouvant pas [&hellip;]\" \/>\n<meta property=\"og:url\" content=\"https:\/\/www.leoia.fr\/?page_id=107\" \/>\n<meta property=\"og:site_name\" content=\"Vers la sant\u00e9, l&#039;\u00e9ducation et le bien-\u00eatre au quotidien\" \/>\n<meta property=\"article:modified_time\" content=\"2018-05-16T22:14:05+00:00\" \/>\n<meta property=\"og:image\" content=\"https:\/\/www.leoia.fr\/wp-content\/uploads\/2018\/03\/Fotolia_35011153_L-1.jpg\" \/>\n\t<meta property=\"og:image:width\" content=\"2407\" \/>\n\t<meta property=\"og:image:height\" content=\"1537\" \/>\n\t<meta property=\"og:image:type\" content=\"image\/jpeg\" \/>\n<meta name=\"twitter:card\" content=\"summary_large_image\" \/>\n<meta name=\"twitter:label1\" content=\"Dur\u00e9e de lecture estim\u00e9e\" \/>\n\t<meta name=\"twitter:data1\" content=\"3 minutes\" \/>\n<script type=\"application\/ld+json\" class=\"yoast-schema-graph\">{\"@context\":\"https:\\\/\\\/schema.org\",\"@graph\":[{\"@type\":\"WebPage\",\"@id\":\"https:\\\/\\\/www.leoia.fr\\\/?page_id=107\",\"url\":\"https:\\\/\\\/www.leoia.fr\\\/?page_id=107\",\"name\":\"T\u00e9moignages enfants &#8902; Vers la sant\u00e9, l&#039;\u00e9ducation et le bien-\u00eatre au quotidien\",\"isPartOf\":{\"@id\":\"https:\\\/\\\/www.leoia.fr\\\/#website\"},\"primaryImageOfPage\":{\"@id\":\"https:\\\/\\\/www.leoia.fr\\\/?page_id=107#primaryimage\"},\"image\":{\"@id\":\"https:\\\/\\\/www.leoia.fr\\\/?page_id=107#primaryimage\"},\"thumbnailUrl\":\"https:\\\/\\\/www.leoia.fr\\\/wp-content\\\/uploads\\\/2018\\\/03\\\/Fotolia_35011153_L-1.jpg\",\"datePublished\":\"2018-03-25T18:29:38+00:00\",\"dateModified\":\"2018-05-16T22:14:05+00:00\",\"breadcrumb\":{\"@id\":\"https:\\\/\\\/www.leoia.fr\\\/?page_id=107#breadcrumb\"},\"inLanguage\":\"fr-FR\",\"potentialAction\":[{\"@type\":\"ReadAction\",\"target\":[\"https:\\\/\\\/www.leoia.fr\\\/?page_id=107\"]}]},{\"@type\":\"ImageObject\",\"inLanguage\":\"fr-FR\",\"@id\":\"https:\\\/\\\/www.leoia.fr\\\/?page_id=107#primaryimage\",\"url\":\"https:\\\/\\\/www.leoia.fr\\\/wp-content\\\/uploads\\\/2018\\\/03\\\/Fotolia_35011153_L-1.jpg\",\"contentUrl\":\"https:\\\/\\\/www.leoia.fr\\\/wp-content\\\/uploads\\\/2018\\\/03\\\/Fotolia_35011153_L-1.jpg\",\"width\":2407,\"height\":1537,\"caption\":\"Happy male student with a laptop and notebooks \u00d0 isolated\"},{\"@type\":\"BreadcrumbList\",\"@id\":\"https:\\\/\\\/www.leoia.fr\\\/?page_id=107#breadcrumb\",\"itemListElement\":[{\"@type\":\"ListItem\",\"position\":1,\"name\":\"Accueil\",\"item\":\"https:\\\/\\\/www.leoia.fr\\\/\"},{\"@type\":\"ListItem\",\"position\":2,\"name\":\"T\u00e9moignages enfants\"}]},{\"@type\":\"WebSite\",\"@id\":\"https:\\\/\\\/www.leoia.fr\\\/#website\",\"url\":\"https:\\\/\\\/www.leoia.fr\\\/\",\"name\":\"Vers le bien-\u00eatre au quotidien\",\"description\":\"L&#039;ErgOth\u00e9rapie, l&#039;Ind\u00e9pendance et l&#039;Autonomie\",\"publisher\":{\"@id\":\"https:\\\/\\\/www.leoia.fr\\\/#organization\"},\"potentialAction\":[{\"@type\":\"SearchAction\",\"target\":{\"@type\":\"EntryPoint\",\"urlTemplate\":\"https:\\\/\\\/www.leoia.fr\\\/?s={search_term_string}\"},\"query-input\":{\"@type\":\"PropertyValueSpecification\",\"valueRequired\":true,\"valueName\":\"search_term_string\"}}],\"inLanguage\":\"fr-FR\"},{\"@type\":\"Organization\",\"@id\":\"https:\\\/\\\/www.leoia.fr\\\/#organization\",\"name\":\"Leoia\",\"url\":\"https:\\\/\\\/www.leoia.fr\\\/\",\"logo\":{\"@type\":\"ImageObject\",\"inLanguage\":\"fr-FR\",\"@id\":\"https:\\\/\\\/www.leoia.fr\\\/#\\\/schema\\\/logo\\\/image\\\/\",\"url\":\"https:\\\/\\\/www.leoia.fr\\\/wp-content\\\/uploads\\\/2018\\\/05\\\/logo-Copie.jpg\",\"contentUrl\":\"https:\\\/\\\/www.leoia.fr\\\/wp-content\\\/uploads\\\/2018\\\/05\\\/logo-Copie.jpg\",\"width\":421,\"height\":298,\"caption\":\"Leoia\"},\"image\":{\"@id\":\"https:\\\/\\\/www.leoia.fr\\\/#\\\/schema\\\/logo\\\/image\\\/\"},\"sameAs\":[\"https:\\\/\\\/www.linkedin.com\\\/in\\\/antoine-coquillon-7a426260\\\/\"]}]}<\/script>\n<!-- \/ Yoast SEO plugin. -->","yoast_head_json":{"title":"T\u00e9moignages enfants &#8902; Vers la sant\u00e9, l&#039;\u00e9ducation et le bien-\u00eatre au quotidien","robots":{"index":"index","follow":"follow","max-snippet":"max-snippet:-1","max-image-preview":"max-image-preview:large","max-video-preview":"max-video-preview:-1"},"canonical":"https:\/\/www.leoia.fr\/?page_id=107","og_locale":"fr_FR","og_type":"article","og_title":"T\u00e9moignages enfants &#8902; Vers la sant\u00e9, l&#039;\u00e9ducation et le bien-\u00eatre au quotidien","og_description":"Premier t\u00e9moignage: Notre fils R. S., n\u00e9 en 2 000 a souffert d\u2019une s\u00e9v\u00e8re dyspraxie visio-spatiale, avec trouble des apprentissages, et troubles envahissants du comportement. Il est actuellement toujours enregistr\u00e9 \u00e0 la MDPH avec un coefficient de handicap estim\u00e9 \u00e0 &gt;50%&lt; 80%. Il b\u00e9n\u00e9ficie d\u2019un PPS depuis la classe de Cours Pr\u00e9paratoire. Ne pouvant pas [&hellip;]","og_url":"https:\/\/www.leoia.fr\/?page_id=107","og_site_name":"Vers la sant\u00e9, l&#039;\u00e9ducation et le bien-\u00eatre au quotidien","article_modified_time":"2018-05-16T22:14:05+00:00","og_image":[{"width":2407,"height":1537,"url":"https:\/\/www.leoia.fr\/wp-content\/uploads\/2018\/03\/Fotolia_35011153_L-1.jpg","type":"image\/jpeg"}],"twitter_card":"summary_large_image","twitter_misc":{"Dur\u00e9e de lecture estim\u00e9e":"3 minutes"},"schema":{"@context":"https:\/\/schema.org","@graph":[{"@type":"WebPage","@id":"https:\/\/www.leoia.fr\/?page_id=107","url":"https:\/\/www.leoia.fr\/?page_id=107","name":"T\u00e9moignages enfants &#8902; Vers la sant\u00e9, l&#039;\u00e9ducation et le bien-\u00eatre au quotidien","isPartOf":{"@id":"https:\/\/www.leoia.fr\/#website"},"primaryImageOfPage":{"@id":"https:\/\/www.leoia.fr\/?page_id=107#primaryimage"},"image":{"@id":"https:\/\/www.leoia.fr\/?page_id=107#primaryimage"},"thumbnailUrl":"https:\/\/www.leoia.fr\/wp-content\/uploads\/2018\/03\/Fotolia_35011153_L-1.jpg","datePublished":"2018-03-25T18:29:38+00:00","dateModified":"2018-05-16T22:14:05+00:00","breadcrumb":{"@id":"https:\/\/www.leoia.fr\/?page_id=107#breadcrumb"},"inLanguage":"fr-FR","potentialAction":[{"@type":"ReadAction","target":["https:\/\/www.leoia.fr\/?page_id=107"]}]},{"@type":"ImageObject","inLanguage":"fr-FR","@id":"https:\/\/www.leoia.fr\/?page_id=107#primaryimage","url":"https:\/\/www.leoia.fr\/wp-content\/uploads\/2018\/03\/Fotolia_35011153_L-1.jpg","contentUrl":"https:\/\/www.leoia.fr\/wp-content\/uploads\/2018\/03\/Fotolia_35011153_L-1.jpg","width":2407,"height":1537,"caption":"Happy male student with a laptop and notebooks \u00d0 isolated"},{"@type":"BreadcrumbList","@id":"https:\/\/www.leoia.fr\/?page_id=107#breadcrumb","itemListElement":[{"@type":"ListItem","position":1,"name":"Accueil","item":"https:\/\/www.leoia.fr\/"},{"@type":"ListItem","position":2,"name":"T\u00e9moignages enfants"}]},{"@type":"WebSite","@id":"https:\/\/www.leoia.fr\/#website","url":"https:\/\/www.leoia.fr\/","name":"Vers le bien-\u00eatre au quotidien","description":"L&#039;ErgOth\u00e9rapie, l&#039;Ind\u00e9pendance et l&#039;Autonomie","publisher":{"@id":"https:\/\/www.leoia.fr\/#organization"},"potentialAction":[{"@type":"SearchAction","target":{"@type":"EntryPoint","urlTemplate":"https:\/\/www.leoia.fr\/?s={search_term_string}"},"query-input":{"@type":"PropertyValueSpecification","valueRequired":true,"valueName":"search_term_string"}}],"inLanguage":"fr-FR"},{"@type":"Organization","@id":"https:\/\/www.leoia.fr\/#organization","name":"Leoia","url":"https:\/\/www.leoia.fr\/","logo":{"@type":"ImageObject","inLanguage":"fr-FR","@id":"https:\/\/www.leoia.fr\/#\/schema\/logo\/image\/","url":"https:\/\/www.leoia.fr\/wp-content\/uploads\/2018\/05\/logo-Copie.jpg","contentUrl":"https:\/\/www.leoia.fr\/wp-content\/uploads\/2018\/05\/logo-Copie.jpg","width":421,"height":298,"caption":"Leoia"},"image":{"@id":"https:\/\/www.leoia.fr\/#\/schema\/logo\/image\/"},"sameAs":["https:\/\/www.linkedin.com\/in\/antoine-coquillon-7a426260\/"]}]}},"jetpack_sharing_enabled":true,"_links":{"self":[{"href":"https:\/\/www.leoia.fr\/index.php?rest_route=\/wp\/v2\/pages\/107","targetHints":{"allow":["GET"]}}],"collection":[{"href":"https:\/\/www.leoia.fr\/index.php?rest_route=\/wp\/v2\/pages"}],"about":[{"href":"https:\/\/www.leoia.fr\/index.php?rest_route=\/wp\/v2\/types\/page"}],"author":[{"embeddable":true,"href":"https:\/\/www.leoia.fr\/index.php?rest_route=\/wp\/v2\/users\/1"}],"replies":[{"embeddable":true,"href":"https:\/\/www.leoia.fr\/index.php?rest_route=%2Fwp%2Fv2%2Fcomments&post=107"}],"version-history":[{"count":5,"href":"https:\/\/www.leoia.fr\/index.php?rest_route=\/wp\/v2\/pages\/107\/revisions"}],"predecessor-version":[{"id":557,"href":"https:\/\/www.leoia.fr\/index.php?rest_route=\/wp\/v2\/pages\/107\/revisions\/557"}],"wp:featuredmedia":[{"embeddable":true,"href":"https:\/\/www.leoia.fr\/index.php?rest_route=\/wp\/v2\/media\/73"}],"wp:attachment":[{"href":"https:\/\/www.leoia.fr\/index.php?rest_route=%2Fwp%2Fv2%2Fmedia&parent=107"}],"curies":[{"name":"wp","href":"https:\/\/api.w.org\/{rel}","templated":true}]}}